{"id":2606,"date":"2025-10-04T19:11:05","date_gmt":"2025-10-04T17:11:05","guid":{"rendered":"https:\/\/www.llibreriasantjordi.cat\/?post_type=product&#038;p=2606"},"modified":"2025-10-04T19:38:28","modified_gmt":"2025-10-04T17:38:28","slug":"el-cercle-dels-dies","status":"publish","type":"product","link":"https:\/\/www.llibreriasantjordi.cat\/es\/producte\/el-cercle-dels-dies\/","title":{"rendered":"El cercle dels dies"},"content":{"rendered":"<p><strong>ISBN:<\/strong> 9788410256330<br \/>\n<strong>Idioma:<\/strong> Catal\u00e1n<br \/>\n<strong>N\u00famero de p\u00e1ginas:<\/strong> 752<br \/>\n<strong>Encuadernaci\u00f3n:<\/strong> Tapa dura<br \/>\n<strong>Data de publicaci\u00f3n:<\/strong> 23\/09\/2025<\/p>\n","protected":false},"excerpt":{"rendered":"<p>Ken Follett se adentra, en su \u00e9pica nueva novela, en uno de los mayores misterios de la historia: la construcci\u00f3n de Stonehenge.<\/p>\n<p>&nbsp;<\/p>\n<p>UN MINERO DEL S\u00cdLEX CON UN DON<\/p>\n<p>&nbsp;<\/p>\n<p>Seft, un minero de gran talento en la extracci\u00f3n de s\u00edlex, recorre la Gran Plana a pesar del bochorno del verano para presenciar los rituales que se\u00f1alan el inicio de un nuevo a\u00f1o. Va para intercambiar sus piedras por otros productos durante las celebraciones del solsticio, y para encontrarse con Neen, la chica que ama. La pr\u00f3spera familia de Neen le ofrece, adem\u00e1s, una forma de escapar de la brutalidad de su padre y de sus hermanos acogi\u00e9ndole a la comunidad de granjeros.<\/p>\n<p>&nbsp;<\/p>\n<p>UNA SACERDOTISA QUE CRUZ EN LO IMPOSIBLE<\/p>\n<p>&nbsp;<\/p>\n<p>Joya, la hermana de Neen, es una sacerdotisa idealista y con una capacidad de liderazgo extraordinaria. De ni\u00f1a, asist\u00eda cautivada en el Ritual del Solsticio y desde entonces sue\u00f1a con un monumento nuevo y espectacular, levantado con las piedras m\u00e1s grandes del mundo. Pero la tensi\u00f3n est\u00e1 creciendo en las colinas y en los bosques de la Gran Plana.<\/p>\n<p>&nbsp;<\/p>\n<p>UN MONUMENTO QUE DEFINIR\u00c1 UNA CIVILIZACI\u00d3N<\/p>\n<p>&nbsp;<\/p>\n<p>La visi\u00f3n de la Joya de un c\u00edrculo enorme de piedras, reunidas por las tribus divididas de la Gran Plana, inspirar\u00e1 a Seft a construir la obra de su vida. Sin embargo, a medida que la sequ\u00eda arrasa la tierra, la desconfianza entre granjeros, campesinos y bosques crecer\u00e1\u2026 y un acto de violencia salvaje provocar\u00e1 una guerra abierta. <a class=\"continue\" href=\"https:\/\/www.llibreriasantjordi.cat\/es\/producte\/el-cercle-dels-dies\/\">CONTINUAR >><span> El cercle dels dies<\/span><\/a><\/p>\n","protected":false},"featured_media":2605,"template":"","meta":{"_joinchat":[]},"product_brand":[],"product_cat":[173,182,188],"product_tag":[338],"class_list":{"0":"post-2606","1":"product","2":"type-product","3":"status-publish","4":"has-post-thumbnail","6":"product_cat-catalan","7":"product_cat-ficcion","8":"product_cat-novedades","9":"product_tag-ken-follett-es","11":"first","12":"instock","13":"taxable","14":"shipping-taxable","15":"purchasable","16":"product-type-simple"},"_links":{"self":[{"href":"https:\/\/www.llibreriasantjordi.cat\/es\/wp-json\/wp\/v2\/product\/2606","targetHints":{"allow":["GET"]}}],"collection":[{"href":"https:\/\/www.llibreriasantjordi.cat\/es\/wp-json\/wp\/v2\/product"}],"about":[{"href":"https:\/\/www.llibreriasantjordi.cat\/es\/wp-json\/wp\/v2\/types\/product"}],"wp:featuredmedia":[{"embeddable":true,"href":"https:\/\/www.llibreriasantjordi.cat\/es\/wp-json\/wp\/v2\/media\/2605"}],"wp:attachment":[{"href":"https:\/\/www.llibreriasantjordi.cat\/es\/wp-json\/wp\/v2\/media?parent=2606"}],"wp:term":[{"taxonomy":"product_brand","embeddable":true,"href":"https:\/\/www.llibreriasantjordi.cat\/es\/wp-json\/wp\/v2\/product_brand?post=2606"},{"taxonomy":"product_cat","embeddable":true,"href":"https:\/\/www.llibreriasantjordi.cat\/es\/wp-json\/wp\/v2\/product_cat?post=2606"},{"taxonomy":"product_tag","embeddable":true,"href":"https:\/\/www.llibreriasantjordi.cat\/es\/wp-json\/wp\/v2\/product_tag?post=2606"}],"curies":[{"name":"wp","href":"https:\/\/api.w.org\/{rel}","templated":true}]}}