{"id":2599,"date":"2025-10-04T18:48:33","date_gmt":"2025-10-04T16:48:33","guid":{"rendered":"https:\/\/www.llibreriasantjordi.cat\/?post_type=product&#038;p=2599"},"modified":"2025-10-04T18:58:28","modified_gmt":"2025-10-04T16:58:28","slug":"el-darrer-secret","status":"publish","type":"product","link":"https:\/\/www.llibreriasantjordi.cat\/es\/producte\/el-darrer-secret\/","title":{"rendered":"El darrer secret"},"content":{"rendered":"<div class=\"wpb-content-wrapper\"><p>[vc_row css_animation=\u00bb\u00bb row_type=\u00bbrow\u00bb use_row_as_full_screen_section=\u00bbno\u00bb type=\u00bbfull_width\u00bb angled_section=\u00bbno\u00bb text_align=\u00bbleft\u00bb background_image_as_pattern=\u00bbwithout_pattern\u00bb][vc_column][vc_column_text css=\u00bb\u00bb]<strong>Editorial:<\/strong> Columna<br \/>\n<strong>ISBN:<\/strong> 9788466434089<br \/>\n<strong>Idioma:<\/strong> Catal\u00e1n<br \/>\n<strong>N\u00famero de p\u00e1ginas:<\/strong> 832<br \/>\n<strong>Encuadernaci\u00f3n:<\/strong> Tapa dura<br \/>\n<strong>Fecha de publicaci\u00f3n:<\/strong> 10\/09\/2025[\/vc_column_text][\/vc_column][\/vc_row]<\/p>\n<\/div>","protected":false},"excerpt":{"rendered":"<p>Dan Brown, autor de El c\u00f3digo Da Vinci, vuelve con una nueva y trepidante aventura de Robert Langdon.<\/p>\n<p>&nbsp;<\/p>\n<p>La novela m\u00e1s trepidante del maestro indiscutible del thriller. Una novela de acci\u00f3n, llena de giros inesperados y enigmas para descifrar capaz de entretener a los lectores como solo Dan Brown puede hacerlo.<\/p>\n<p>&nbsp;<\/p>\n<p>Robert Langdon, el c\u00e9lebre profesor de simbolog\u00eda, viaja a Praga para asistir a una conferencia revolucionaria impartida por Katherine Solomon, una cient\u00edfica no\u00e9tica brillante con la que ha iniciado una relaci\u00f3n. Katherine est\u00e1 a punto de publicar un libro con descubrimientos sorprendentes sobre la naturaleza de la conciencia humana que prometen desafiar siglos de creencias consolidadas. Pero un brutal asesinato provoca el caos y Katherine desaparece sin dejar rastro junto con su valioso manuscrito.<\/p>\n<p>&nbsp;<\/p>\n<p>Desesperado por encontrar a la mujer que ama, Langdon se embarca en una carrera contra reloj por el paisaje m\u00edstico de Praga, mientras es perseguido por una poderosa organizaci\u00f3n y por una figura inquietante surgida de antiguas leyendas. En la Ciudad de las Cien Torres, un fascinante escenario donde la ciencia m\u00e1s avanzada convive con la tradici\u00f3n, Langdon deber\u00e1 descifrar s\u00edmbolos y c\u00f3digos para desvelar una verdad sorprendente sobre un proyecto secreto que podr\u00eda transformar para siempre nuestra comprensi\u00f3n de la mente humana.<\/p>\n<p>&nbsp;<\/p>\n<p>\u00abEl \u00faltimo secreto es, con diferencia, la novela m\u00e1s ambiciosa y meticulosamente trazada que he escrito hasta ahora, y tambi\u00e9n la m\u00e1s entretenida. Escribir esta historia ha sido un viaje de descubrimiento inolvidable\u00bb. Dan Brown <a class=\"continue\" href=\"https:\/\/www.llibreriasantjordi.cat\/es\/producte\/el-darrer-secret\/\">CONTINUAR >><span> El darrer secret<\/span><\/a><\/p>\n","protected":false},"featured_media":2597,"template":"","meta":{"_joinchat":[]},"product_brand":[],"product_cat":[173,182,188,284],"product_tag":[335],"class_list":{"0":"post-2599","1":"product","2":"type-product","3":"status-publish","4":"has-post-thumbnail","6":"product_cat-catalan","7":"product_cat-ficcion","8":"product_cat-novedades","9":"product_cat-novel-negra-thriller-y-terror","10":"product_tag-dan-brown-es","12":"first","13":"instock","14":"taxable","15":"shipping-taxable","16":"purchasable","17":"product-type-simple"},"_links":{"self":[{"href":"https:\/\/www.llibreriasantjordi.cat\/es\/wp-json\/wp\/v2\/product\/2599","targetHints":{"allow":["GET"]}}],"collection":[{"href":"https:\/\/www.llibreriasantjordi.cat\/es\/wp-json\/wp\/v2\/product"}],"about":[{"href":"https:\/\/www.llibreriasantjordi.cat\/es\/wp-json\/wp\/v2\/types\/product"}],"wp:featuredmedia":[{"embeddable":true,"href":"https:\/\/www.llibreriasantjordi.cat\/es\/wp-json\/wp\/v2\/media\/2597"}],"wp:attachment":[{"href":"https:\/\/www.llibreriasantjordi.cat\/es\/wp-json\/wp\/v2\/media?parent=2599"}],"wp:term":[{"taxonomy":"product_brand","embeddable":true,"href":"https:\/\/www.llibreriasantjordi.cat\/es\/wp-json\/wp\/v2\/product_brand?post=2599"},{"taxonomy":"product_cat","embeddable":true,"href":"https:\/\/www.llibreriasantjordi.cat\/es\/wp-json\/wp\/v2\/product_cat?post=2599"},{"taxonomy":"product_tag","embeddable":true,"href":"https:\/\/www.llibreriasantjordi.cat\/es\/wp-json\/wp\/v2\/product_tag?post=2599"}],"curies":[{"name":"wp","href":"https:\/\/api.w.org\/{rel}","templated":true}]}}