{"id":2571,"date":"2025-09-20T12:14:30","date_gmt":"2025-09-20T10:14:30","guid":{"rendered":"https:\/\/www.llibreriasantjordi.cat\/?post_type=product&#038;p=2571"},"modified":"2025-09-20T12:59:21","modified_gmt":"2025-09-20T10:59:21","slug":"dema-i-dema-i-dema","status":"publish","type":"product","link":"https:\/\/www.llibreriasantjordi.cat\/es\/producte\/dema-i-dema-i-dema\/","title":{"rendered":"Dem\u00e0, i dem\u00e0, i dem\u00e0"},"content":{"rendered":"<div class=\"wpb-content-wrapper\"><p>[vc_row css_animation=\u00bb\u00bb row_type=\u00bbrow\u00bb use_row_as_full_screen_section=\u00bbno\u00bb type=\u00bbfull_width\u00bb angled_section=\u00bbno\u00bb text_align=\u00bbleft\u00bb background_image_as_pattern=\u00bbwithout_pattern\u00bb][vc_column][vc_column_text css=\u00bb\u00bb]<strong>Editorial:<\/strong> Montena<br \/>\n<strong>ISBN:<\/strong> 9788419332158<br \/>\n<strong>Idioma:<\/strong> Catal\u00e1n<br \/>\n<strong>N\u00famero de p\u00e1ginas:<\/strong> 536<br \/>\n<strong>Encuadernaci\u00f3n:<\/strong> Tapa blanda<br \/>\n<strong>Fecha de publicaci\u00f3n:<\/strong> 22\/02\/2023[\/vc_column_text][\/vc_column][\/vc_row]<\/p>\n<\/div>","protected":false},"excerpt":{"rendered":"<p>Desde peque\u00f1os, Sam y Sadie comparten la afici\u00f3n por los videojuegos. All\u00ed experimentan la libertad y la alegr\u00eda que carecen en el mundo real, donde sienten que no acaban de encajar. Cuando se reencuentran a\u00f1os m\u00e1s tarde, deciden apostar por sus sue\u00f1os y vivir de la creaci\u00f3n de estos universos fant\u00e1sticos e imaginarios sin prever, sin embargo, que en breve se enfrentar\u00e1n a un \u00e9xito imprevisto e imparable que pondr\u00e1 en duda la naturaleza de su relaci\u00f3n.<\/p>\n<p>&nbsp;<\/p>\n<p>Esta es la historia de los mundos que construyen los dos amigos, perfectos pero irreales, y tambi\u00e9n de la imposibilidad para adaptarse a la ferocidad de lo que conlleva el triunfo: el dinero, la fama, las identidades cuestionadas y la tragedia. Ma\u00f1ana, y ma\u00f1ana, y ma\u00f1ana es un relato sobre nuestra necesidad de conectar, amar y ser amados. Una obra conmovedora sobre los l\u00edmites de la amistad y el amor, y una oda en el refugio que nos ofrece la imaginaci\u00f3n. <a class=\"continue\" href=\"https:\/\/www.llibreriasantjordi.cat\/es\/producte\/dema-i-dema-i-dema\/\">CONTINUAR >><span> Dem\u00e0, i dem\u00e0, i dem\u00e0<\/span><\/a><\/p>\n","protected":false},"featured_media":2574,"template":"","meta":{"_joinchat":[]},"product_brand":[],"product_cat":[173,182],"product_tag":[332],"class_list":{"0":"post-2571","1":"product","2":"type-product","3":"status-publish","4":"has-post-thumbnail","6":"product_cat-catalan","7":"product_cat-ficcion","8":"product_tag-gabrielle-zevin","10":"first","11":"instock","12":"taxable","13":"shipping-taxable","14":"purchasable","15":"product-type-simple"},"_links":{"self":[{"href":"https:\/\/www.llibreriasantjordi.cat\/es\/wp-json\/wp\/v2\/product\/2571","targetHints":{"allow":["GET"]}}],"collection":[{"href":"https:\/\/www.llibreriasantjordi.cat\/es\/wp-json\/wp\/v2\/product"}],"about":[{"href":"https:\/\/www.llibreriasantjordi.cat\/es\/wp-json\/wp\/v2\/types\/product"}],"wp:featuredmedia":[{"embeddable":true,"href":"https:\/\/www.llibreriasantjordi.cat\/es\/wp-json\/wp\/v2\/media\/2574"}],"wp:attachment":[{"href":"https:\/\/www.llibreriasantjordi.cat\/es\/wp-json\/wp\/v2\/media?parent=2571"}],"wp:term":[{"taxonomy":"product_brand","embeddable":true,"href":"https:\/\/www.llibreriasantjordi.cat\/es\/wp-json\/wp\/v2\/product_brand?post=2571"},{"taxonomy":"product_cat","embeddable":true,"href":"https:\/\/www.llibreriasantjordi.cat\/es\/wp-json\/wp\/v2\/product_cat?post=2571"},{"taxonomy":"product_tag","embeddable":true,"href":"https:\/\/www.llibreriasantjordi.cat\/es\/wp-json\/wp\/v2\/product_tag?post=2571"}],"curies":[{"name":"wp","href":"https:\/\/api.w.org\/{rel}","templated":true}]}}