{"id":2527,"date":"2025-08-26T19:08:43","date_gmt":"2025-08-26T17:08:43","guid":{"rendered":"https:\/\/www.llibreriasantjordi.cat\/?post_type=product&#038;p=2527"},"modified":"2025-09-05T14:30:47","modified_gmt":"2025-09-05T12:30:47","slug":"el-club-de-princesas-malditas-coleccion","status":"publish","type":"product","link":"https:\/\/www.llibreriasantjordi.cat\/es\/producte\/el-club-de-princesas-malditas-coleccion\/","title":{"rendered":"El club de princesas malditas (colecci\u00f3n)"},"content":{"rendered":"<div class=\"wpb-content-wrapper\"><div class=\"vc_row wpb_row section vc_row-fluid vc_inner \">\n<div class=\" full_section_inner clearfix\">\n<div class=\"wpb_column vc_column_container vc_col-sm-12 vc_hidden-xs\">\n<div class=\"vc_column-inner\">\n<div class=\"wpb_wrapper\">\n<div class=\"dtwpb-woocommerce-product-description \">\n<div class=\"wpb-content-wrapper\">\n<div class=\"vc_row wpb_row section vc_row-fluid \">\n<div class=\" full_section_inner clearfix\">\n<div class=\"wpb_column vc_column_container vc_col-sm-12\">\n<div class=\"vc_column-inner\">\n<div class=\"wpb_wrapper\">\n<div class=\"wpb_text_column wpb_content_element \">\n<div class=\"wpb_wrapper\">\n<p><strong>Editorial:<\/strong>\u00a0Norma Editorial<br \/>\n<strong>ISBN:<\/strong> Varios<br \/>\n<strong>Idioma:<\/strong> Castellano<br \/>\n<strong>N\u00famero de p\u00e1ginas:<\/strong> Varios<br \/>\n<strong>Encuadernaci\u00f3n:<\/strong> Tapa blanda<br \/>\n<strong>Fecha de publicaci\u00f3n del n\u00famero 1:<\/strong>\u00a009\/05\/2025<\/p>\n<\/div>\n<\/div>\n<\/div>\n<\/div>\n<\/div>\n<\/div>\n<\/div>\n<\/div>\n<\/div>\n<\/div>\n<\/div>\n<\/div>\n<\/div>\n<\/div>\n<div class=\"vc_empty_space\"><\/div>\n<\/div>","protected":false},"excerpt":{"rendered":"<p><strong>IMPORTANTE: Este libro forma parte de una colecci\u00f3n. Es necesario elegir el n\u00famero que desea en el desplegable inferior. La portada y descripci\u00f3n corresponden al n\u00famero 1.<\/strong><\/p>\n<p>&nbsp;<\/p>\n<p>CONOCE ESTE PARTICULAR CLUB DE PRINCESAS<\/p>\n<p>Cuando el rey del reino Pastel decide fortalecer su alianza con el reino Tart\u00e1n casando a sus tres hijas con sus pr\u00edncipes, todo parece ir viento en popa\u2026 hasta que sin querer Gwendolyn, la princesa menor y de aspecto poco agraciado, descubre que su posible prometido, el pr\u00edncipe Fredrick, la encuentra horrenda a m\u00e1s no poder. Abrumada, triste y avergonzada, se adentra en el bosque encantado y se topa con el Club de Princesas Malditas, una curiosa banda de princesas hechizadas, marginadas e inadaptadas que, pese a sus diferencias, han forjado una fuerte amistad. <a class=\"continue\" href=\"https:\/\/www.llibreriasantjordi.cat\/es\/producte\/el-club-de-princesas-malditas-coleccion\/\">CONTINUAR >><span> El club de princesas malditas (colecci\u00f3n)<\/span><\/a><\/p>\n","protected":false},"featured_media":2522,"template":"","meta":{"_joinchat":[]},"product_brand":[],"product_cat":[288,172,174,187,184],"product_tag":[327],"class_list":{"0":"post-2527","1":"product","2":"type-product","3":"status-publish","4":"has-post-thumbnail","6":"product_cat-a-partir-de-12-anos","7":"product_cat-castellano","8":"product_cat-colecciones","9":"product_cat-comic-manga-y-novela-grafica","10":"product_cat-juvenil-es","11":"product_tag-lambcat-es","13":"first","14":"instock","15":"taxable","16":"shipping-taxable","17":"purchasable","18":"product-type-variable"},"_links":{"self":[{"href":"https:\/\/www.llibreriasantjordi.cat\/es\/wp-json\/wp\/v2\/product\/2527","targetHints":{"allow":["GET"]}}],"collection":[{"href":"https:\/\/www.llibreriasantjordi.cat\/es\/wp-json\/wp\/v2\/product"}],"about":[{"href":"https:\/\/www.llibreriasantjordi.cat\/es\/wp-json\/wp\/v2\/types\/product"}],"wp:featuredmedia":[{"embeddable":true,"href":"https:\/\/www.llibreriasantjordi.cat\/es\/wp-json\/wp\/v2\/media\/2522"}],"wp:attachment":[{"href":"https:\/\/www.llibreriasantjordi.cat\/es\/wp-json\/wp\/v2\/media?parent=2527"}],"wp:term":[{"taxonomy":"product_brand","embeddable":true,"href":"https:\/\/www.llibreriasantjordi.cat\/es\/wp-json\/wp\/v2\/product_brand?post=2527"},{"taxonomy":"product_cat","embeddable":true,"href":"https:\/\/www.llibreriasantjordi.cat\/es\/wp-json\/wp\/v2\/product_cat?post=2527"},{"taxonomy":"product_tag","embeddable":true,"href":"https:\/\/www.llibreriasantjordi.cat\/es\/wp-json\/wp\/v2\/product_tag?post=2527"}],"curies":[{"name":"wp","href":"https:\/\/api.w.org\/{rel}","templated":true}]}}