{"id":2512,"date":"2025-08-24T18:46:34","date_gmt":"2025-08-24T16:46:34","guid":{"rendered":"https:\/\/www.llibreriasantjordi.cat\/?post_type=product&#038;p=2512"},"modified":"2025-08-26T19:25:25","modified_gmt":"2025-08-26T17:25:25","slug":"ruridragon-coleccion","status":"publish","type":"product","link":"https:\/\/www.llibreriasantjordi.cat\/es\/producte\/ruridragon-coleccion\/","title":{"rendered":"Ruridragon (Colecci\u00f3n)"},"content":{"rendered":"<p><strong>Editorial:<\/strong> Norma Editorial<br \/>\n<strong>ISBN:<\/strong> Varios<br \/>\n<strong>Idioma:<\/strong> Castellano<br \/>\n<strong>N\u00famero de p\u00e1ginas:<\/strong> Varios<br \/>\n<strong>Encuadernaci\u00f3n:<\/strong> Tapa blanda<br \/>\n<strong>Fecha de publicaci\u00f3n del n\u00famero 1:<\/strong> 04\/04\/2025<\/p>\n","protected":false},"excerpt":{"rendered":"<p id=\"tw-target-text\" class=\"tw-data-text tw-text-large tw-ta\" dir=\"ltr\" data-placeholder=\"Traducci\u00f3n\" data-ved=\"2ahUKEwj1pqTU96OPAxVTXUEAHbttACAQ3ewLegQICRAV\" aria-label=\"Texto traducido: IMPORTANTE: Este libro forma parte de una colecci\u00f3n. Es necesario elegir el n\u00famero que desea en el desplegable inferior. La portada y descripci\u00f3n corresponden al n\u00famero 1.\"><strong><span class=\"Y2IQFc\" lang=\"es\">IMPORTANTE: Este libro forma parte de una colecci\u00f3n. Es necesario elegir el n\u00famero que desea en el desplegable inferior. La portada y descripci\u00f3n corresponden al n\u00famero 1.<\/span><\/strong><\/p>\n<p>&nbsp;<\/p>\n<p>\u00a1DESCUBRE EL NUEVO \u00c9XITO DE SHUEISHA! \u00a1LA APABULLANTE VIDA DE UNA CHICA DRAG\u00d3N!<\/p>\n<p>\u00a1Llega a librer\u00edas el nuevo \u00e9xito de la editorial japonesa Shueisha! No te pierdas este curioso cuadro costumbrista de una estudiante que descubre un buen d\u00eda que es un drag\u00f3n y ahora deber\u00e1 combinar sus nuevas habilidades con los estudios. \u00a1El primer tomo de este hilarante comedia ha vendido m\u00e1s de 200.000 copias solo en Jap\u00f3n!<\/p>\n<p>&nbsp;<\/p>\n<p>Ruri Aoki es una estudiante de bachillerato que un d\u00eda amanece con cuernos en la cabeza. Su madre le explica que, en realidad, Ruri es hija de un drag\u00f3n, por lo que la cornamenta podr\u00eda ser algo gen\u00e9tico. Aunque la noticia le pilla por sorpresa, ella decide ir al instituto de todas formas. All\u00ed sus compa\u00f1eros de clase se interesan mucho por los cuernos y, por si fuera poco, \u00a1de repente Ruri manifiesta otra caracter\u00edstica t\u00edpica de los dragones! A partir de ahora, su vida va a cambiar un poquit\u00edn. <a class=\"continue\" href=\"https:\/\/www.llibreriasantjordi.cat\/es\/producte\/ruridragon-coleccion\/\">CONTINUAR >><span> Ruridragon (Colecci\u00f3n)<\/span><\/a><\/p>\n","protected":false},"featured_media":2509,"template":"","meta":{"_joinchat":[]},"product_brand":[],"product_cat":[288,172,174,187,184],"product_tag":[325],"class_list":{"0":"post-2512","1":"product","2":"type-product","3":"status-publish","4":"has-post-thumbnail","6":"product_cat-a-partir-de-12-anos","7":"product_cat-castellano","8":"product_cat-colecciones","9":"product_cat-comic-manga-y-novela-grafica","10":"product_cat-juvenil-es","11":"product_tag-masaoki-shindo-es","13":"first","14":"instock","15":"taxable","16":"shipping-taxable","17":"purchasable","18":"product-type-variable"},"_links":{"self":[{"href":"https:\/\/www.llibreriasantjordi.cat\/es\/wp-json\/wp\/v2\/product\/2512","targetHints":{"allow":["GET"]}}],"collection":[{"href":"https:\/\/www.llibreriasantjordi.cat\/es\/wp-json\/wp\/v2\/product"}],"about":[{"href":"https:\/\/www.llibreriasantjordi.cat\/es\/wp-json\/wp\/v2\/types\/product"}],"wp:featuredmedia":[{"embeddable":true,"href":"https:\/\/www.llibreriasantjordi.cat\/es\/wp-json\/wp\/v2\/media\/2509"}],"wp:attachment":[{"href":"https:\/\/www.llibreriasantjordi.cat\/es\/wp-json\/wp\/v2\/media?parent=2512"}],"wp:term":[{"taxonomy":"product_brand","embeddable":true,"href":"https:\/\/www.llibreriasantjordi.cat\/es\/wp-json\/wp\/v2\/product_brand?post=2512"},{"taxonomy":"product_cat","embeddable":true,"href":"https:\/\/www.llibreriasantjordi.cat\/es\/wp-json\/wp\/v2\/product_cat?post=2512"},{"taxonomy":"product_tag","embeddable":true,"href":"https:\/\/www.llibreriasantjordi.cat\/es\/wp-json\/wp\/v2\/product_tag?post=2512"}],"curies":[{"name":"wp","href":"https:\/\/api.w.org\/{rel}","templated":true}]}}