{"id":2491,"date":"2025-08-24T10:45:37","date_gmt":"2025-08-24T08:45:37","guid":{"rendered":"https:\/\/www.llibreriasantjordi.cat\/?post_type=product&#038;p=2491"},"modified":"2025-08-24T11:55:38","modified_gmt":"2025-08-24T09:55:38","slug":"el-drac-forner","status":"publish","type":"product","link":"https:\/\/www.llibreriasantjordi.cat\/es\/producte\/el-drac-forner\/","title":{"rendered":"El drac forner"},"content":{"rendered":"<p><strong>Editorial:<\/strong> Astronave<br \/>\n<strong>ISBN:<\/strong> 9788467975697<br \/>\n<strong>Idioma:<\/strong> Catal\u00e1n<br \/>\n<strong>N\u00famero de p\u00e1ginas:<\/strong> 48<br \/>\n<strong>Encuadernaci\u00f3n:<\/strong> Tapa dura<br \/>\n<strong>Fecha de publicaci\u00f3n:<\/strong> 04\/04\/2025<\/p>\n","protected":false},"excerpt":{"rendered":"<p>Ember es un peque\u00f1o drag\u00f3n que siempre ha sido diferente a los dem\u00e1s: su rugido m\u00e1s bien suena como un estornudo educado, y cuando escupe fuego, la gente solo le da unas palmaditas en la cabeza y hacen: \u00ab\u00a1Ohhh!\u00bb.<\/p>\n<p>&nbsp;<\/p>\n<p>Ember teme no ser capaz de tener nunca su propio oro, hasta que un encuentro casual con un panadero hace que su suerte cambie (y su barriga ruja). Como muy pronto descubre al peque\u00f1o drag\u00f3n, el oro que haces es mucho mejor que el oro que robas. \u00bfY el oro que compartes? \u00a1Es lo mejor de todo! <a class=\"continue\" href=\"https:\/\/www.llibreriasantjordi.cat\/es\/producte\/el-drac-forner\/\">CONTINUAR >><span> El drac forner<\/span><\/a><\/p>\n","protected":false},"featured_media":2490,"template":"","meta":{"_joinchat":[]},"product_brand":[],"product_cat":[173,187,178,183],"product_tag":[305],"class_list":{"0":"post-2491","1":"product","2":"type-product","3":"status-publish","4":"has-post-thumbnail","6":"product_cat-catalan","7":"product_cat-comic-manga-y-novela-grafica","8":"product_cat-de-3-a-4-anos","9":"product_cat-infantil-es","10":"product_tag-devin-elle-kurtz-es","12":"first","13":"instock","14":"taxable","15":"shipping-taxable","16":"purchasable","17":"product-type-simple"},"_links":{"self":[{"href":"https:\/\/www.llibreriasantjordi.cat\/es\/wp-json\/wp\/v2\/product\/2491","targetHints":{"allow":["GET"]}}],"collection":[{"href":"https:\/\/www.llibreriasantjordi.cat\/es\/wp-json\/wp\/v2\/product"}],"about":[{"href":"https:\/\/www.llibreriasantjordi.cat\/es\/wp-json\/wp\/v2\/types\/product"}],"wp:featuredmedia":[{"embeddable":true,"href":"https:\/\/www.llibreriasantjordi.cat\/es\/wp-json\/wp\/v2\/media\/2490"}],"wp:attachment":[{"href":"https:\/\/www.llibreriasantjordi.cat\/es\/wp-json\/wp\/v2\/media?parent=2491"}],"wp:term":[{"taxonomy":"product_brand","embeddable":true,"href":"https:\/\/www.llibreriasantjordi.cat\/es\/wp-json\/wp\/v2\/product_brand?post=2491"},{"taxonomy":"product_cat","embeddable":true,"href":"https:\/\/www.llibreriasantjordi.cat\/es\/wp-json\/wp\/v2\/product_cat?post=2491"},{"taxonomy":"product_tag","embeddable":true,"href":"https:\/\/www.llibreriasantjordi.cat\/es\/wp-json\/wp\/v2\/product_tag?post=2491"}],"curies":[{"name":"wp","href":"https:\/\/api.w.org\/{rel}","templated":true}]}}