{"id":2448,"date":"2025-08-23T11:19:32","date_gmt":"2025-08-23T09:19:32","guid":{"rendered":"https:\/\/www.llibreriasantjordi.cat\/?post_type=product&#038;p=2448"},"modified":"2025-08-24T17:44:42","modified_gmt":"2025-08-24T15:44:42","slug":"les-noies-i-els-nois-tambe-poden","status":"publish","type":"product","link":"https:\/\/www.llibreriasantjordi.cat\/es\/producte\/les-noies-i-els-nois-tambe-poden\/","title":{"rendered":"Les noies i els nois tamb\u00e9 poden"},"content":{"rendered":"<div class=\"wpb-content-wrapper\"><div class=\"vc_row wpb_row section vc_row-fluid vc_inner \">\n<div class=\" full_section_inner clearfix\">\n<div class=\"wpb_column vc_column_container vc_col-sm-12 vc_hidden-xs\">\n<div class=\"vc_column-inner\">\n<div class=\"wpb_wrapper\">\n<div class=\"dtwpb-woocommerce-product-description \">\n<div class=\"wpb-content-wrapper\">\n<div class=\"vc_row wpb_row section vc_row-fluid \">\n<div class=\" full_section_inner clearfix\">\n<div class=\"wpb_column vc_column_container vc_col-sm-12\">\n<div class=\"vc_column-inner\">\n<div class=\"wpb_wrapper\">\n<div class=\"wpb_text_column wpb_content_element \">\n<div class=\"wpb_wrapper\">\n<p><strong>Editorial:<\/strong>\u00a0Astronave<br \/>\n<strong>ISBN:<\/strong>\u00a09788467936421<br \/>\n<strong>Idioma:<\/strong> Catal\u00e1n<br \/>\n<strong>N\u00famero de p\u00e1ginas:<\/strong>\u00a048<br \/>\n<strong>Encuadernaci\u00f3n:<\/strong>\u00a0Tapa dura<br \/>\n<strong>Fecha de publicaci\u00f3n:<\/strong> 07\/07\/2022<\/p>\n<\/div>\n<\/div>\n<\/div>\n<\/div>\n<\/div>\n<\/div>\n<\/div>\n<\/div>\n<\/div>\n<\/div>\n<\/div>\n<\/div>\n<\/div>\n<\/div>\n<\/div>","protected":false},"excerpt":{"rendered":"<p><strong>El cuento que rompe definitivamente con los estereotipos de g\u00e9nero. <\/strong><\/p>\n<p>&nbsp;<\/p>\n<p>\u00ab\u00a1Las chicas no juegan a f\u00fatbol!\u00bb, \u00ab\u00a1Las mu\u00f1ecas no son para los ni\u00f1os!\u00bb, \u00ab\u00a1Las ni\u00f1as no pueden ensuciarse!\u00bb, \u00ab\u00a1Los ni\u00f1os no lloran!\u00bb. Seguro que has o\u00eddo frases de este tipo en la televisi\u00f3n, la escuela o, incluso, en casa, pero ninguna de ellas es cierta. Ya seas ni\u00f1o o ni\u00f1a, \u00a1puedes hacer lo que quieras!<\/p>\n<p>&nbsp;<\/p>\n<p>Con una narraci\u00f3n po\u00e9tica que huye de los prejuicios, esta es una lectura de empoderamiento que da herramientas a los ni\u00f1os y ni\u00f1as para que no tengan miedo a ser quienes son. <a class=\"continue\" href=\"https:\/\/www.llibreriasantjordi.cat\/es\/producte\/les-noies-i-els-nois-tambe-poden\/\">CONTINUAR >><span> Les noies i els nois tamb\u00e9 poden<\/span><\/a><\/p>\n","protected":false},"featured_media":2463,"template":"","meta":{"_joinchat":[]},"product_brand":[],"product_cat":[173,178,183],"product_tag":[306,302],"class_list":{"0":"post-2448","1":"product","2":"type-product","3":"status-publish","4":"has-post-thumbnail","6":"product_cat-catalan","7":"product_cat-de-3-a-4-anos","8":"product_cat-infantil-es","9":"product_tag-isabelle-maroger-es","10":"product_tag-sophie-gourion-es","12":"first","13":"instock","14":"taxable","15":"shipping-taxable","16":"purchasable","17":"product-type-simple"},"_links":{"self":[{"href":"https:\/\/www.llibreriasantjordi.cat\/es\/wp-json\/wp\/v2\/product\/2448","targetHints":{"allow":["GET"]}}],"collection":[{"href":"https:\/\/www.llibreriasantjordi.cat\/es\/wp-json\/wp\/v2\/product"}],"about":[{"href":"https:\/\/www.llibreriasantjordi.cat\/es\/wp-json\/wp\/v2\/types\/product"}],"wp:featuredmedia":[{"embeddable":true,"href":"https:\/\/www.llibreriasantjordi.cat\/es\/wp-json\/wp\/v2\/media\/2463"}],"wp:attachment":[{"href":"https:\/\/www.llibreriasantjordi.cat\/es\/wp-json\/wp\/v2\/media?parent=2448"}],"wp:term":[{"taxonomy":"product_brand","embeddable":true,"href":"https:\/\/www.llibreriasantjordi.cat\/es\/wp-json\/wp\/v2\/product_brand?post=2448"},{"taxonomy":"product_cat","embeddable":true,"href":"https:\/\/www.llibreriasantjordi.cat\/es\/wp-json\/wp\/v2\/product_cat?post=2448"},{"taxonomy":"product_tag","embeddable":true,"href":"https:\/\/www.llibreriasantjordi.cat\/es\/wp-json\/wp\/v2\/product_tag?post=2448"}],"curies":[{"name":"wp","href":"https:\/\/api.w.org\/{rel}","templated":true}]}}