{"id":2440,"date":"2025-08-23T10:40:09","date_gmt":"2025-08-23T08:40:09","guid":{"rendered":"https:\/\/www.llibreriasantjordi.cat\/?post_type=product&#038;p=2440"},"modified":"2025-08-24T17:47:06","modified_gmt":"2025-08-24T15:47:06","slug":"les-girafes-no-poden-ballar","status":"publish","type":"product","link":"https:\/\/www.llibreriasantjordi.cat\/es\/producte\/les-girafes-no-poden-ballar\/","title":{"rendered":"Les girafes no poden ballar"},"content":{"rendered":"<div class=\"wpb-content-wrapper\"><div class=\"vc_row wpb_row section vc_row-fluid vc_inner \">\n<div class=\" full_section_inner clearfix\">\n<div class=\"wpb_column vc_column_container vc_col-sm-12 vc_hidden-xs\">\n<div class=\"vc_column-inner\">\n<div class=\"wpb_wrapper\">\n<div class=\"dtwpb-woocommerce-product-description \">\n<div class=\"wpb-content-wrapper\">\n<div class=\"vc_row wpb_row section vc_row-fluid \">\n<div class=\" full_section_inner clearfix\">\n<div class=\"wpb_column vc_column_container vc_col-sm-12\">\n<div class=\"vc_column-inner\">\n<div class=\"wpb_wrapper\">\n<div class=\"wpb_text_column wpb_content_element \">\n<div class=\"wpb_wrapper\">\n<p><strong>Editorial:<\/strong> Br\u00faixola<br \/>\n<strong>ISBN:<\/strong>\u00a09788499060439<br \/>\n<strong>Idioma:<\/strong> Catal\u00e1n<br \/>\n<strong>N\u00famero de p\u00e1ginas:<\/strong>\u00a018<br \/>\n<strong>Encuadernaci\u00f3n:<\/strong>\u00a0Tapa dura<br \/>\n<strong>Fecha de publicaci\u00f3n:<\/strong> 27\/04\/2014<\/p>\n<\/div>\n<\/div>\n<\/div>\n<\/div>\n<\/div>\n<\/div>\n<\/div>\n<\/div>\n<\/div>\n<\/div>\n<\/div>\n<\/div>\n<\/div>\n<\/div>\n<\/div>","protected":false},"excerpt":{"rendered":"<p>En \u00c1frica una vez al a\u00f1o hacen el Baile de la Selva. All\u00ed todos los animales saltan y dan volteretas\u2026<\/p>\n<p>&nbsp;<\/p>\n<p>Amarilla querr\u00eda participar con los otros animales en el Baile de la Selva, pero todo el mundo sabe que las jirafas no pueden bailar\u2026 \u00bfO s\u00ed?<\/p>\n<p>&nbsp;<\/p>\n<p>Una historia que te conmover\u00e1, en una fabulosa edici\u00f3n tridimensional. <a class=\"continue\" href=\"https:\/\/www.llibreriasantjordi.cat\/es\/producte\/les-girafes-no-poden-ballar\/\">CONTINUAR >><span> Les girafes no poden ballar<\/span><\/a><\/p>\n","protected":false},"featured_media":2461,"template":"","meta":{"_joinchat":[]},"product_brand":[],"product_cat":[173,178,179,183],"product_tag":[298,308],"class_list":{"0":"post-2440","1":"product","2":"type-product","3":"status-publish","4":"has-post-thumbnail","6":"product_cat-catalan","7":"product_cat-de-3-a-4-anos","8":"product_cat-de-5-a-6-anos","9":"product_cat-infantil-es","10":"product_tag-giles-andreae-es","11":"product_tag-guy-parker-rees-es","13":"first","14":"instock","15":"taxable","16":"shipping-taxable","17":"purchasable","18":"product-type-simple"},"_links":{"self":[{"href":"https:\/\/www.llibreriasantjordi.cat\/es\/wp-json\/wp\/v2\/product\/2440","targetHints":{"allow":["GET"]}}],"collection":[{"href":"https:\/\/www.llibreriasantjordi.cat\/es\/wp-json\/wp\/v2\/product"}],"about":[{"href":"https:\/\/www.llibreriasantjordi.cat\/es\/wp-json\/wp\/v2\/types\/product"}],"wp:featuredmedia":[{"embeddable":true,"href":"https:\/\/www.llibreriasantjordi.cat\/es\/wp-json\/wp\/v2\/media\/2461"}],"wp:attachment":[{"href":"https:\/\/www.llibreriasantjordi.cat\/es\/wp-json\/wp\/v2\/media?parent=2440"}],"wp:term":[{"taxonomy":"product_brand","embeddable":true,"href":"https:\/\/www.llibreriasantjordi.cat\/es\/wp-json\/wp\/v2\/product_brand?post=2440"},{"taxonomy":"product_cat","embeddable":true,"href":"https:\/\/www.llibreriasantjordi.cat\/es\/wp-json\/wp\/v2\/product_cat?post=2440"},{"taxonomy":"product_tag","embeddable":true,"href":"https:\/\/www.llibreriasantjordi.cat\/es\/wp-json\/wp\/v2\/product_tag?post=2440"}],"curies":[{"name":"wp","href":"https:\/\/api.w.org\/{rel}","templated":true}]}}