{"id":2410,"date":"2025-07-17T17:34:05","date_gmt":"2025-07-17T15:34:05","guid":{"rendered":"https:\/\/www.llibreriasantjordi.cat\/?post_type=product&#038;p=2410"},"modified":"2025-08-24T17:53:55","modified_gmt":"2025-08-24T15:53:55","slug":"vida-a-linsti-i-altres-desasastres-coleccion","status":"publish","type":"product","link":"https:\/\/www.llibreriasantjordi.cat\/es\/producte\/vida-a-linsti-i-altres-desasastres-coleccion\/","title":{"rendered":"Vida a l&#8217;insti i altres desastres (Colecci\u00f3n)"},"content":{"rendered":"<div class=\"wpb-content-wrapper\"><p>[vc_row css_animation=\u00bb\u00bb row_type=\u00bbrow\u00bb use_row_as_full_screen_section=\u00bbno\u00bb type=\u00bbfull_width\u00bb angled_section=\u00bbno\u00bb text_align=\u00bbleft\u00bb background_image_as_pattern=\u00bbwithout_pattern\u00bb][vc_column][vc_column_text css=\u00bb\u00bb]<strong>Editorial:<\/strong> Estrella Polar<\/p>\n<p><strong>ISBN:<\/strong> Varios<\/p>\n<p><strong>Idioma:<\/strong> Catal\u00e1n<\/p>\n<p><strong>N\u00famero de p\u00e1ginas:<\/strong> Varios<\/p>\n<p><strong>Encuadernaci\u00f3n:<\/strong> Tapa dura<\/p>\n<p><strong>Fecha de publicaci\u00f3n del n\u00famero 1: <\/strong>15\/01\/2025[\/vc_column_text][\/vc_column][\/vc_row]<\/p>\n<\/div>","protected":false},"excerpt":{"rendered":"<p><strong>IMPORTANTE: Este libro forma parte de una colecci\u00f3n. Es necesario elegir el n\u00famero que desee en el desplegable inferior. La portada y la descripci\u00f3n corresponden al n\u00famero 1.<\/strong><\/p>\n<p>&nbsp;<\/p>\n<p>\u00a1Llega la primera entrega del diario de Heidi!<\/p>\n<p>&nbsp;<\/p>\n<p>Me llamo Heidi Heckelbeck y estoy atacada. Este es mi primer a\u00f1o de instituto y tendr\u00e9 que vivir en la Academia Broomsfield, la \u00fanica escuela donde hay clases secretas para brujas en per\u00edodo de formaci\u00f3n. Estoy superemocionada, pero tambi\u00e9n muy nerviosa, ya me entiende. \u00bfHar\u00e9 nuevos amigos? \u00bfMe vendr\u00e9 con mi compa\u00f1era de habitaci\u00f3n? \u00bfY qu\u00e9 ocurre si todas las dem\u00e1s chicas son mejores brujas que yo?<\/p>\n<p>&nbsp;<\/p>\n<pre id=\"tw-target-text\" class=\"tw-data-text tw-text-large tw-ta\" dir=\"ltr\" data-placeholder=\"Traducci\u00f3\" data-ved=\"2ahUKEwjey4rxm6GPAxX17AIHHbkxCLwQ3ewLegQIBRAV\" aria-label=\"Text tradu\u00eft: \u00a1Llega la primera entrega del diario de Heidi! Me llamo Heidi Heckelbeck y estoy atacada. \u00c9ste es mi primer a\u00f1o de instituto y tendr\u00e9 que vivir en la Academia Broomsfield, la \u00fanica escuela donde hay clases secretas para brujas en per\u00edodo de formaci\u00f3n. Estoy superemocionada, pero tambi\u00e9n muy nerviosa, ya me entiende. \u00bfHar\u00e9 nuevos amigos? \u00bfMe vendr\u00e9 con mi compa\u00f1era de habitaci\u00f3n? \u00bfY qu\u00e9 ocurre si todas las dem\u00e1s chicas son mejores brujas que yo?\"><\/pre>\n<p> <a class=\"continue\" href=\"https:\/\/www.llibreriasantjordi.cat\/es\/producte\/vida-a-linsti-i-altres-desasastres-coleccion\/\">CONTINUAR >><span> Vida a l&#8217;insti i altres desastres (Colecci\u00f3n)<\/span><\/a><\/p>\n","protected":false},"featured_media":2475,"template":"","meta":{"_joinchat":[]},"product_brand":[],"product_cat":[173,174,179,183],"product_tag":[303],"class_list":{"0":"post-2410","1":"product","2":"type-product","3":"status-publish","4":"has-post-thumbnail","6":"product_cat-catalan","7":"product_cat-colecciones","8":"product_cat-de-5-a-6-anos","9":"product_cat-infantil-es","10":"product_tag-wanda-coven-es","12":"first","13":"instock","14":"taxable","15":"shipping-taxable","16":"purchasable","17":"product-type-simple"},"_links":{"self":[{"href":"https:\/\/www.llibreriasantjordi.cat\/es\/wp-json\/wp\/v2\/product\/2410","targetHints":{"allow":["GET"]}}],"collection":[{"href":"https:\/\/www.llibreriasantjordi.cat\/es\/wp-json\/wp\/v2\/product"}],"about":[{"href":"https:\/\/www.llibreriasantjordi.cat\/es\/wp-json\/wp\/v2\/types\/product"}],"wp:featuredmedia":[{"embeddable":true,"href":"https:\/\/www.llibreriasantjordi.cat\/es\/wp-json\/wp\/v2\/media\/2475"}],"wp:attachment":[{"href":"https:\/\/www.llibreriasantjordi.cat\/es\/wp-json\/wp\/v2\/media?parent=2410"}],"wp:term":[{"taxonomy":"product_brand","embeddable":true,"href":"https:\/\/www.llibreriasantjordi.cat\/es\/wp-json\/wp\/v2\/product_brand?post=2410"},{"taxonomy":"product_cat","embeddable":true,"href":"https:\/\/www.llibreriasantjordi.cat\/es\/wp-json\/wp\/v2\/product_cat?post=2410"},{"taxonomy":"product_tag","embeddable":true,"href":"https:\/\/www.llibreriasantjordi.cat\/es\/wp-json\/wp\/v2\/product_tag?post=2410"}],"curies":[{"name":"wp","href":"https:\/\/api.w.org\/{rel}","templated":true}]}}