{"id":2392,"date":"2025-07-16T18:11:59","date_gmt":"2025-07-16T16:11:59","guid":{"rendered":"https:\/\/www.llibreriasantjordi.cat\/?post_type=product&#038;p=2392"},"modified":"2025-08-23T17:55:02","modified_gmt":"2025-08-23T15:55:02","slug":"bona-nit-moc-escarransit","status":"publish","type":"product","link":"https:\/\/www.llibreriasantjordi.cat\/es\/producte\/bona-nit-moc-escarransit\/","title":{"rendered":"Bona nit, moc escarransit"},"content":{"rendered":"<div class=\"wpb-content-wrapper\"><p>[vc_row css_animation=\u00bb\u00bb row_type=\u00bbrow\u00bb use_row_as_full_screen_section=\u00bbno\u00bb type=\u00bbfull_width\u00bb angled_section=\u00bbno\u00bb text_align=\u00bbleft\u00bb background_image_as_pattern=\u00bbwithout_pattern\u00bb][vc_column][vc_column_text css=\u00bb\u00bb]<strong>Editorial:<\/strong> Beascoa<br \/>\n<strong>ISBN:<\/strong> 99788448869908<br \/>\n<strong>Idioma:<\/strong> Catal\u00e1n<br \/>\n<strong>N\u00famero de p\u00e1ginas:<\/strong> 32<br \/>\n<strong>Enquadernaci\u00f3n:<\/strong> Tapa dura<br \/>\n<strong>Fecha de publicaci\u00f3n:<\/strong> 30\/04\/2025[\/vc_column_text][\/vc_column][\/vc_row]<\/p>\n<\/div>","protected":false},"excerpt":{"rendered":"<p>Un \u00e1lbum ilustrado en verso para llevar a dormir a todos los lectores.<\/p>\n<p>&nbsp;<\/p>\n<p>Es hora de ir a dormir. Tanto si eres un hombre lobo, un vampiro, el se\u00f1or Oscuro o el yeti, tienes que cepillarte los dientes, ponerte el pijama y acurrucarte en la cama con un buen libro.<\/p>\n<p>&nbsp;<\/p>\n<p>Un cuento de buenas noches rimado, divertido y mocoso que encantar\u00e1 (y fastidiar\u00e1) a los monstruos dormilones m\u00e1s peque\u00f1itos. <a class=\"continue\" href=\"https:\/\/www.llibreriasantjordi.cat\/es\/producte\/bona-nit-moc-escarransit\/\">CONTINUAR >><span> Bona nit, moc escarransit<\/span><\/a><\/p>\n","protected":false},"featured_media":2464,"template":"","meta":{"_joinchat":[]},"product_brand":[],"product_cat":[173,178,179,183],"product_tag":[294],"class_list":{"0":"post-2392","1":"product","2":"type-product","3":"status-publish","4":"has-post-thumbnail","6":"product_cat-catalan","7":"product_cat-de-3-a-4-anos","8":"product_cat-de-5-a-6-anos","9":"product_cat-infantil-es","10":"product_tag-huw-aaron-es","12":"first","13":"instock","14":"taxable","15":"shipping-taxable","16":"purchasable","17":"product-type-simple"},"_links":{"self":[{"href":"https:\/\/www.llibreriasantjordi.cat\/es\/wp-json\/wp\/v2\/product\/2392","targetHints":{"allow":["GET"]}}],"collection":[{"href":"https:\/\/www.llibreriasantjordi.cat\/es\/wp-json\/wp\/v2\/product"}],"about":[{"href":"https:\/\/www.llibreriasantjordi.cat\/es\/wp-json\/wp\/v2\/types\/product"}],"wp:featuredmedia":[{"embeddable":true,"href":"https:\/\/www.llibreriasantjordi.cat\/es\/wp-json\/wp\/v2\/media\/2464"}],"wp:attachment":[{"href":"https:\/\/www.llibreriasantjordi.cat\/es\/wp-json\/wp\/v2\/media?parent=2392"}],"wp:term":[{"taxonomy":"product_brand","embeddable":true,"href":"https:\/\/www.llibreriasantjordi.cat\/es\/wp-json\/wp\/v2\/product_brand?post=2392"},{"taxonomy":"product_cat","embeddable":true,"href":"https:\/\/www.llibreriasantjordi.cat\/es\/wp-json\/wp\/v2\/product_cat?post=2392"},{"taxonomy":"product_tag","embeddable":true,"href":"https:\/\/www.llibreriasantjordi.cat\/es\/wp-json\/wp\/v2\/product_tag?post=2392"}],"curies":[{"name":"wp","href":"https:\/\/api.w.org\/{rel}","templated":true}]}}