{"id":2167,"date":"2025-03-17T20:36:02","date_gmt":"2025-03-17T18:36:02","guid":{"rendered":"https:\/\/www.llibreriasantjordi.cat\/?post_type=product&#038;p=2167"},"modified":"2025-05-14T16:10:41","modified_gmt":"2025-05-14T14:10:41","slug":"les-que-no-dormen-nash","status":"publish","type":"product","link":"https:\/\/www.llibreriasantjordi.cat\/es\/producte\/les-que-no-dormen-nash\/","title":{"rendered":"Les que no dormen Nash"},"content":{"rendered":"<div class=\"wpb-content-wrapper\"><p>[vc_row css_animation=\u00bb\u00bb row_type=\u00bbrow\u00bb use_row_as_full_screen_section=\u00bbno\u00bb type=\u00bbfull_width\u00bb angled_section=\u00bbno\u00bb text_align=\u00bbleft\u00bb background_image_as_pattern=\u00bbwithout_pattern\u00bb][vc_column][vc_column_text css=\u00bb\u00bb]<strong>Editorial:<\/strong> Columna<br \/>\n<strong>ISBN:<\/strong> 9788466432696<br \/>\n<strong>Idioma:<\/strong> Catal\u00e1n<br \/>\n<strong>N\u00famero de p\u00e1ginas:<\/strong> 600<br \/>\n<strong>Encuadernaci\u00f3n:<\/strong> Tapa dura<br \/>\n<strong>Fecha de publicaci\u00f3n:<\/strong> 13\/11\/2024[\/vc_column_text][\/vc_column][\/vc_row]<\/p>\n<\/div>","protected":false},"excerpt":{"rendered":"<p>En los Valls Tranquiles no les gusta desenterrar secretos ni revelar verdades. Prep\u00e1rate para la noche m\u00e1s larga. LA NUEVA NOVELA DE DOLORES REDONDO.<\/p>\n<p>&nbsp;<\/p>\n<p>La psic\u00f3loga forense Nash Elizondo documenta el origen de una leyenda sobre brujer\u00eda en la sima de Legarrea, en los Valles Tranquiles de Navarra, pero cuando desciende al fondo de la sima encuentra el cuerpo de una chica desaparecida tres a\u00f1os atr\u00e1s, Andrea Dancur; un caso que conmocion\u00f3 al pa\u00eds entero y por el que una mujer cumple prisi\u00f3n. Estamos en marzo de 2020, y el hallazgo y las nuevas pistas obligan a reabrir una investigaci\u00f3n que esta vez se desarrollar\u00e1 en dos planes diferentes: por un lado, a trav\u00e9s del m\u00e9todo cient\u00edfico, y por otro, mediante la profundizaci\u00f3n en la psicolog\u00eda de los implicados y el conocimiento de los misterios ancestrales.<\/p>\n<p>&nbsp;<\/p>\n<p>Nash Elizondo, que se adentra en un territorio m\u00edtico y por momentos hostil, contar\u00e1 con ayudas inesperadas, y se pondr\u00e1 al frente de una estirpe de mujeres que no se doblan siquiera cuando son las v\u00edctimas.<\/p>\n<p>&nbsp;<\/p>\n<p>Los acontecimientos se suceden vertiginosamente en un relato que leemos con el alma en el coraz\u00f3n, sin tregua, de la mano maestra de Dolores Redondo. La novela presenta a unos personajes secundarios inolvidables y nos aboca al abismo de la crueldad, en una atm\u00f3sfera de presagios e intuiciones; materia esencial de su absorbente mundo literario. <a class=\"continue\" href=\"https:\/\/www.llibreriasantjordi.cat\/es\/producte\/les-que-no-dormen-nash\/\">CONTINUAR >><span> Les que no dormen Nash<\/span><\/a><\/p>\n","protected":false},"featured_media":1679,"template":"","meta":{"_joinchat":[]},"product_brand":[],"product_cat":[173,182],"product_tag":[282],"class_list":{"0":"post-2167","1":"product","2":"type-product","3":"status-publish","4":"has-post-thumbnail","6":"product_cat-catalan","7":"product_cat-ficcion","8":"product_tag-dolores-redondo-es","10":"first","11":"instock","12":"taxable","13":"shipping-taxable","14":"purchasable","15":"product-type-simple"},"_links":{"self":[{"href":"https:\/\/www.llibreriasantjordi.cat\/es\/wp-json\/wp\/v2\/product\/2167","targetHints":{"allow":["GET"]}}],"collection":[{"href":"https:\/\/www.llibreriasantjordi.cat\/es\/wp-json\/wp\/v2\/product"}],"about":[{"href":"https:\/\/www.llibreriasantjordi.cat\/es\/wp-json\/wp\/v2\/types\/product"}],"wp:featuredmedia":[{"embeddable":true,"href":"https:\/\/www.llibreriasantjordi.cat\/es\/wp-json\/wp\/v2\/media\/1679"}],"wp:attachment":[{"href":"https:\/\/www.llibreriasantjordi.cat\/es\/wp-json\/wp\/v2\/media?parent=2167"}],"wp:term":[{"taxonomy":"product_brand","embeddable":true,"href":"https:\/\/www.llibreriasantjordi.cat\/es\/wp-json\/wp\/v2\/product_brand?post=2167"},{"taxonomy":"product_cat","embeddable":true,"href":"https:\/\/www.llibreriasantjordi.cat\/es\/wp-json\/wp\/v2\/product_cat?post=2167"},{"taxonomy":"product_tag","embeddable":true,"href":"https:\/\/www.llibreriasantjordi.cat\/es\/wp-json\/wp\/v2\/product_tag?post=2167"}],"curies":[{"name":"wp","href":"https:\/\/api.w.org\/{rel}","templated":true}]}}