{"id":2163,"date":"2025-03-18T11:05:28","date_gmt":"2025-03-18T09:05:28","guid":{"rendered":"https:\/\/www.llibreriasantjordi.cat\/?post_type=product&#038;p=2163"},"modified":"2025-05-14T16:10:26","modified_gmt":"2025-05-14T14:10:26","slug":"victoria","status":"publish","type":"product","link":"https:\/\/www.llibreriasantjordi.cat\/es\/producte\/victoria\/","title":{"rendered":"Vict\u00f2ria"},"content":{"rendered":"<div class=\"wpb-content-wrapper\"><p>[vc_row css_animation=\u00bb\u00bb row_type=\u00bbrow\u00bb use_row_as_full_screen_section=\u00bbno\u00bb type=\u00bbfull_width\u00bb angled_section=\u00bbno\u00bb text_align=\u00bbleft\u00bb background_image_as_pattern=\u00bbwithout_pattern\u00bb][vc_column][vc_column_text css=\u00bb\u00bb]<strong>Editorial:<\/strong> Columna<br \/>\n<strong>ISBN:<\/strong> 9788466432962<br \/>\n<strong>Idioma:<\/strong> Catal\u00e1n<br \/>\n<strong>N\u00famero de p\u00e1ginas:<\/strong> 480<br \/>\n<strong>Encuadernaci\u00f3n:<\/strong> Tapa dura<br \/>\n<strong>Fecha de publicaci\u00f3n:<\/strong> 20\/11\/2024[\/vc_column_text][\/vc_column][\/vc_row]<\/p>\n<\/div>","protected":false},"excerpt":{"rendered":"<p>La novela ganadora del Premio Planeta 2024 muestra un retrato impactante de la vida azarosa de personas que sufrieron en carne propia las consecuencias de las grandes decisiones pol\u00edticas.<\/p>\n<p>&nbsp;<\/p>\n<p>Terminada la Segunda Guerra Mundial, en un Berl\u00edn arrasado y sin futuro aparente, Victoria sobrevive cantando cada noche en el club Kassandra. Pese a tener una mente prodigiosa, capaz de crear un poderoso sistema de cifrado de mensajes, su hija Hedy y su hermana Rebecca dependen de ese sueldo miserable para sobrevivir. Un chantaje sin escr\u00fapulos por parte de los rusos obligar\u00e1 a Victoria a viajar sola a Estados Unidos, donde, sin embargo, gozar\u00e1 del amor incondicional del capit\u00e1n Norton. All\u00ed descubrir\u00e1 que la que parec\u00eda la sociedad m\u00e1s democr\u00e1tica del mundo esconde una rancia capa de racismo e injusticias de la mano de Ku Klux Klan y el senador McCarthy.<\/p>\n<p>&nbsp;<\/p>\n<p>Una novela grandiosa en la que los resentimientos, el dolor de la p\u00e9rdida y las decisiones dif\u00edciles ser\u00e1n superados gracias al coraje de unos personajes que luchan firmemente por defender lo que m\u00e1s quieren. <a class=\"continue\" href=\"https:\/\/www.llibreriasantjordi.cat\/es\/producte\/victoria\/\">CONTINUAR >><span> Vict\u00f2ria<\/span><\/a><\/p>\n","protected":false},"featured_media":1657,"template":"","meta":{"_joinchat":[]},"product_brand":[],"product_cat":[173,182,185],"product_tag":[],"class_list":{"0":"post-2163","1":"product","2":"type-product","3":"status-publish","4":"has-post-thumbnail","6":"product_cat-catalan","7":"product_cat-ficcion","8":"product_cat-libros-premiados","10":"first","11":"instock","12":"taxable","13":"shipping-taxable","14":"purchasable","15":"product-type-simple"},"_links":{"self":[{"href":"https:\/\/www.llibreriasantjordi.cat\/es\/wp-json\/wp\/v2\/product\/2163","targetHints":{"allow":["GET"]}}],"collection":[{"href":"https:\/\/www.llibreriasantjordi.cat\/es\/wp-json\/wp\/v2\/product"}],"about":[{"href":"https:\/\/www.llibreriasantjordi.cat\/es\/wp-json\/wp\/v2\/types\/product"}],"wp:featuredmedia":[{"embeddable":true,"href":"https:\/\/www.llibreriasantjordi.cat\/es\/wp-json\/wp\/v2\/media\/1657"}],"wp:attachment":[{"href":"https:\/\/www.llibreriasantjordi.cat\/es\/wp-json\/wp\/v2\/media?parent=2163"}],"wp:term":[{"taxonomy":"product_brand","embeddable":true,"href":"https:\/\/www.llibreriasantjordi.cat\/es\/wp-json\/wp\/v2\/product_brand?post=2163"},{"taxonomy":"product_cat","embeddable":true,"href":"https:\/\/www.llibreriasantjordi.cat\/es\/wp-json\/wp\/v2\/product_cat?post=2163"},{"taxonomy":"product_tag","embeddable":true,"href":"https:\/\/www.llibreriasantjordi.cat\/es\/wp-json\/wp\/v2\/product_tag?post=2163"}],"curies":[{"name":"wp","href":"https:\/\/api.w.org\/{rel}","templated":true}]}}