{"id":2162,"date":"2025-03-18T11:46:17","date_gmt":"2025-03-18T09:46:17","guid":{"rendered":"https:\/\/www.llibreriasantjordi.cat\/?post_type=product&#038;p=2162"},"modified":"2025-05-14T15:44:43","modified_gmt":"2025-05-14T13:44:43","slug":"las-fuerzas-contrarias","status":"publish","type":"product","link":"https:\/\/www.llibreriasantjordi.cat\/es\/producte\/las-fuerzas-contrarias\/","title":{"rendered":"Las fuerzas contrarias"},"content":{"rendered":"<div class=\"wpb-content-wrapper\"><p>[vc_row css_animation=\u00bb\u00bb row_type=\u00bbrow\u00bb use_row_as_full_screen_section=\u00bbno\u00bb type=\u00bbfull_width\u00bb angled_section=\u00bbno\u00bb text_align=\u00bbleft\u00bb background_image_as_pattern=\u00bbwithout_pattern\u00bb][vc_column][vc_column_text css=\u00bb\u00bb]<strong>Editorial:<\/strong> Ediciones Destino<br \/>\n<strong>ISBN:<\/strong> 9788423367177<br \/>\n<strong>Idioma:<\/strong> Castellano<br \/>\n<strong>N\u00famero de p\u00e1ginas:<\/strong> 408<br \/>\n<strong>Encuadernaci\u00f3n:<\/strong> Tapa dura<br \/>\n<strong>Fecha de publicaci\u00f3n:<\/strong> 05\/03\/2025[\/vc_column_text][\/vc_column][\/vc_row]<\/p>\n<\/div>","protected":false},"excerpt":{"rendered":"<p>Un caso \u00fanico para Bevilacqua y Chamorro. Una de las sagas m\u00e1s exitosas de nuestro pa\u00eds que celebra tres d\u00e9cadas.<\/p>\n<p>&nbsp;<\/p>\n<p>El subteniente Bevilacqua y la brigada Chamorro tendr\u00e1n que hacer frente a uno de los mayores retos de su carrera: la aclaraci\u00f3n simult\u00e1nea de dos muertes en el momento m\u00e1s cr\u00edtico que ha vivido nuestra sociedad en las \u00faltimas d\u00e9cadas y que van m\u00e1s all\u00e1 del virus que la provoca.<\/p>\n<p>&nbsp;<\/p>\n<p>Dos casos que dejan huella. Una narraci\u00f3n que explora, a trav\u00e9s del g\u00e9nero negro y de la complicidad entre un hombre y una mujer que llevan media vida batallando juntos, esa conmoci\u00f3n colectiva tras la que nada, tampoco para ellos, volver\u00e1 a ser igual.<\/p>\n<p>&nbsp;<\/p>\n<p>La historia m\u00e1s \u00edntima de Bevilacqua y Chamorro. Una doble investigaci\u00f3n en tiempos oscuros que les unir\u00e1 como nunca y acabar\u00e1 marcando un giro en su relaci\u00f3n. <a class=\"continue\" href=\"https:\/\/www.llibreriasantjordi.cat\/es\/producte\/las-fuerzas-contrarias\/\">CONTINUAR >><span> Las fuerzas contrarias<\/span><\/a><\/p>\n","protected":false},"featured_media":1688,"template":"","meta":{"_joinchat":[]},"product_brand":[],"product_cat":[172,182,188],"product_tag":[280],"class_list":{"0":"post-2162","1":"product","2":"type-product","3":"status-publish","4":"has-post-thumbnail","6":"product_cat-castellano","7":"product_cat-ficcion","8":"product_cat-novedades","9":"product_tag-lorenzo-silva-es","11":"first","12":"instock","13":"taxable","14":"shipping-taxable","15":"purchasable","16":"product-type-simple"},"_links":{"self":[{"href":"https:\/\/www.llibreriasantjordi.cat\/es\/wp-json\/wp\/v2\/product\/2162","targetHints":{"allow":["GET"]}}],"collection":[{"href":"https:\/\/www.llibreriasantjordi.cat\/es\/wp-json\/wp\/v2\/product"}],"about":[{"href":"https:\/\/www.llibreriasantjordi.cat\/es\/wp-json\/wp\/v2\/types\/product"}],"wp:featuredmedia":[{"embeddable":true,"href":"https:\/\/www.llibreriasantjordi.cat\/es\/wp-json\/wp\/v2\/media\/1688"}],"wp:attachment":[{"href":"https:\/\/www.llibreriasantjordi.cat\/es\/wp-json\/wp\/v2\/media?parent=2162"}],"wp:term":[{"taxonomy":"product_brand","embeddable":true,"href":"https:\/\/www.llibreriasantjordi.cat\/es\/wp-json\/wp\/v2\/product_brand?post=2162"},{"taxonomy":"product_cat","embeddable":true,"href":"https:\/\/www.llibreriasantjordi.cat\/es\/wp-json\/wp\/v2\/product_cat?post=2162"},{"taxonomy":"product_tag","embeddable":true,"href":"https:\/\/www.llibreriasantjordi.cat\/es\/wp-json\/wp\/v2\/product_tag?post=2162"}],"curies":[{"name":"wp","href":"https:\/\/api.w.org\/{rel}","templated":true}]}}