{"id":2160,"date":"2025-03-18T11:51:41","date_gmt":"2025-03-18T09:51:41","guid":{"rendered":"https:\/\/www.llibreriasantjordi.cat\/?post_type=product&#038;p=2160"},"modified":"2025-05-14T15:43:46","modified_gmt":"2025-05-14T13:43:46","slug":"hombre-caido","status":"publish","type":"product","link":"https:\/\/www.llibreriasantjordi.cat\/es\/producte\/hombre-caido\/","title":{"rendered":"Hombre ca\u00eddo"},"content":{"rendered":"<div class=\"wpb-content-wrapper\"><p>[vc_row css_animation=\u00bb\u00bb row_type=\u00bbrow\u00bb use_row_as_full_screen_section=\u00bbno\u00bb type=\u00bbfull_width\u00bb angled_section=\u00bbno\u00bb text_align=\u00bbleft\u00bb background_image_as_pattern=\u00bbwithout_pattern\u00bb][vc_column][vc_column_text css=\u00bb\u00bb]<strong>Editorial:<\/strong> Tusquets Editores<br \/>\n<strong>ISBN:<\/strong> 9788411075930<br \/>\n<strong>Idioma:<\/strong> Castellano<br \/>\n<strong>N\u00famero de p\u00e1ginas:<\/strong> 288<br \/>\n<strong>Encuadernaci\u00f3n:<\/strong> Tapa blanda<br \/>\n<strong>Fecha de publicaci\u00f3n:<\/strong> 05\/03\/2025[\/vc_column_text][\/vc_column][\/vc_row]<\/p>\n<\/div>","protected":false},"excerpt":{"rendered":"<p>Una colecci\u00f3n inolvidable de relatos del autor de Patria y El ni\u00f1o. Cuentos de un narrador imprescindible.<\/p>\n<p>&nbsp;<\/p>\n<p>Una mujer que deja de cuidar a sus padres enfermos para fotografiar ardillas en el parque, un joven que asegura a su hermano que le ha vengado de la paliza que le dieron, un padre que sale a comprar un gran peluche de segunda mano y encuentra una historia inesperada, un hombre ca\u00eddo al que no pueden ayudar los transe\u00fantes\u2026 Los cuentos del nuevo libro de Arambur el humor, de la angustia a la normalidad m\u00e1s inquietante, y todas son inolvidables. El nuevo libro de Fernando Aramburu es una l\u00facida inmersi\u00f3n en la naturaleza humana: desde la soledad de quienes no son comprendidos hasta el comportamiento con nuestros vecinos ca\u00eddos en desgracia, desde las interioridades de las parejas a rivalidades de por vida, las envidias o los sentimientos m\u00e1s inconfesables. <a class=\"continue\" href=\"https:\/\/www.llibreriasantjordi.cat\/es\/producte\/hombre-caido\/\">CONTINUAR >><span> Hombre ca\u00eddo<\/span><\/a><\/p>\n","protected":false},"featured_media":1703,"template":"","meta":{"_joinchat":[]},"product_brand":[],"product_cat":[172,182,188],"product_tag":[279],"class_list":{"0":"post-2160","1":"product","2":"type-product","3":"status-publish","4":"has-post-thumbnail","6":"product_cat-castellano","7":"product_cat-ficcion","8":"product_cat-novedades","9":"product_tag-fernando-aramburu-es","11":"first","12":"instock","13":"taxable","14":"shipping-taxable","15":"purchasable","16":"product-type-simple"},"_links":{"self":[{"href":"https:\/\/www.llibreriasantjordi.cat\/es\/wp-json\/wp\/v2\/product\/2160","targetHints":{"allow":["GET"]}}],"collection":[{"href":"https:\/\/www.llibreriasantjordi.cat\/es\/wp-json\/wp\/v2\/product"}],"about":[{"href":"https:\/\/www.llibreriasantjordi.cat\/es\/wp-json\/wp\/v2\/types\/product"}],"wp:featuredmedia":[{"embeddable":true,"href":"https:\/\/www.llibreriasantjordi.cat\/es\/wp-json\/wp\/v2\/media\/1703"}],"wp:attachment":[{"href":"https:\/\/www.llibreriasantjordi.cat\/es\/wp-json\/wp\/v2\/media?parent=2160"}],"wp:term":[{"taxonomy":"product_brand","embeddable":true,"href":"https:\/\/www.llibreriasantjordi.cat\/es\/wp-json\/wp\/v2\/product_brand?post=2160"},{"taxonomy":"product_cat","embeddable":true,"href":"https:\/\/www.llibreriasantjordi.cat\/es\/wp-json\/wp\/v2\/product_cat?post=2160"},{"taxonomy":"product_tag","embeddable":true,"href":"https:\/\/www.llibreriasantjordi.cat\/es\/wp-json\/wp\/v2\/product_tag?post=2160"}],"curies":[{"name":"wp","href":"https:\/\/api.w.org\/{rel}","templated":true}]}}