{"id":2159,"date":"2025-03-18T12:20:35","date_gmt":"2025-03-18T10:20:35","guid":{"rendered":"https:\/\/www.llibreriasantjordi.cat\/?post_type=product&#038;p=2159"},"modified":"2025-05-14T15:42:27","modified_gmt":"2025-05-14T13:42:27","slug":"retratos-de-jazz","status":"publish","type":"product","link":"https:\/\/www.llibreriasantjordi.cat\/es\/producte\/retratos-de-jazz\/","title":{"rendered":"Retratos de jazz"},"content":{"rendered":"<div class=\"wpb-content-wrapper\"><p>[vc_row css_animation=\u00bb\u00bb row_type=\u00bbrow\u00bb use_row_as_full_screen_section=\u00bbno\u00bb type=\u00bbfull_width\u00bb angled_section=\u00bbno\u00bb text_align=\u00bbleft\u00bb background_image_as_pattern=\u00bbwithout_pattern\u00bb][vc_column][vc_column_text css=\u00bb\u00bb]<strong>Editorial:<\/strong> Tusquets Editores<br \/>\n<strong>ISBN:<\/strong> 9788411075954<br \/>\n<strong>Idioma:<\/strong> Castellano<br \/>\n<strong>N\u00famero de p\u00e1ginas:<\/strong> 248<br \/>\n<strong>Encuadernaci\u00f3n:<\/strong> Tapa blanda<br \/>\n<strong>Fecha de publicaci\u00f3n:<\/strong> 05\/03\/2025[\/vc_column_text][\/vc_column][\/vc_row]<\/p>\n<\/div>","protected":false},"excerpt":{"rendered":"<p>Todo lo que siempre has querido saber sobre Murakami y el jazz, explicado por el propio autor.<\/p>\n<p>&nbsp;<\/p>\n<p>Haruki Murakami regent\u00f3 durante a\u00f1os un club de jazz, llamado Peter Cat, antes de dedicarse a tiempo completo a la escritura: sin duda, al abrir ese volumen el lector tendr\u00e1 la sensaci\u00f3n de haberse sentado en una de las mesas del local mientras el propio Murakami le cuenta an\u00e9cdotas y detalles de las canciones que se escucha. La pasi\u00f3n del escritor japon\u00e9s por el jazz le llev\u00f3 sin duda a escribir este libro formado por cincuenta y cinco retratos de m\u00fasicos de jazz, acompa\u00f1ados de una ilustraci\u00f3n del artista japon\u00e9s Wada Makoto y un comentario sobre un \u00e1lbum de cada m\u00fasico. Gracias a Murakami, cada \u00abentrada\u00bb se convierte en una peque\u00f1a y deliciosa historia, en un fragmento de memoria autobiogr\u00e1fica, en consejos a la hora de escuchar a un int\u00e9rprete, o en pinceladas frescas para describir a un artista oa una \u00e9poca. As\u00ed, desde el m\u00edtico Chet Baker, hasta Ella Fitzgerald, por el libro desfilan grandes figuras como Billie Holiday, Duke Ellington, Bill Evans o Art Pepper. <a class=\"continue\" href=\"https:\/\/www.llibreriasantjordi.cat\/es\/producte\/retratos-de-jazz\/\">CONTINUAR >><span> Retratos de jazz<\/span><\/a><\/p>\n","protected":false},"featured_media":1667,"template":"","meta":{"_joinchat":[]},"product_brand":[],"product_cat":[172,182,188],"product_tag":[277,278],"class_list":{"0":"post-2159","1":"product","2":"type-product","3":"status-publish","4":"has-post-thumbnail","6":"product_cat-castellano","7":"product_cat-ficcion","8":"product_cat-novedades","9":"product_tag-haruki-murakami-es","10":"product_tag-makoto-wada-es","12":"first","13":"instock","14":"taxable","15":"shipping-taxable","16":"purchasable","17":"product-type-simple"},"_links":{"self":[{"href":"https:\/\/www.llibreriasantjordi.cat\/es\/wp-json\/wp\/v2\/product\/2159","targetHints":{"allow":["GET"]}}],"collection":[{"href":"https:\/\/www.llibreriasantjordi.cat\/es\/wp-json\/wp\/v2\/product"}],"about":[{"href":"https:\/\/www.llibreriasantjordi.cat\/es\/wp-json\/wp\/v2\/types\/product"}],"wp:featuredmedia":[{"embeddable":true,"href":"https:\/\/www.llibreriasantjordi.cat\/es\/wp-json\/wp\/v2\/media\/1667"}],"wp:attachment":[{"href":"https:\/\/www.llibreriasantjordi.cat\/es\/wp-json\/wp\/v2\/media?parent=2159"}],"wp:term":[{"taxonomy":"product_brand","embeddable":true,"href":"https:\/\/www.llibreriasantjordi.cat\/es\/wp-json\/wp\/v2\/product_brand?post=2159"},{"taxonomy":"product_cat","embeddable":true,"href":"https:\/\/www.llibreriasantjordi.cat\/es\/wp-json\/wp\/v2\/product_cat?post=2159"},{"taxonomy":"product_tag","embeddable":true,"href":"https:\/\/www.llibreriasantjordi.cat\/es\/wp-json\/wp\/v2\/product_tag?post=2159"}],"curies":[{"name":"wp","href":"https:\/\/api.w.org\/{rel}","templated":true}]}}