{"id":2157,"date":"2025-03-18T12:28:47","date_gmt":"2025-03-18T10:28:47","guid":{"rendered":"https:\/\/www.llibreriasantjordi.cat\/?post_type=product&#038;p=2157"},"modified":"2025-05-14T15:41:02","modified_gmt":"2025-05-14T13:41:02","slug":"alas-de-sangre-empireo-1","status":"publish","type":"product","link":"https:\/\/www.llibreriasantjordi.cat\/es\/producte\/alas-de-sangre-empireo-1\/","title":{"rendered":"Alas de sangre (Emp\u00edreo 1)"},"content":{"rendered":"<div class=\"wpb-content-wrapper\"><p>[vc_row css_animation=\u00bb\u00bb row_type=\u00bbrow\u00bb use_row_as_full_screen_section=\u00bbno\u00bb type=\u00bbfull_width\u00bb angled_section=\u00bbno\u00bb text_align=\u00bbleft\u00bb background_image_as_pattern=\u00bbwithout_pattern\u00bb][vc_column][vc_column_text css=\u00bb\u00bb]<strong>Editorial:<\/strong> Editorial Planeta<br \/>\n<strong>ISBN:<\/strong> 9788408279990<br \/>\n<strong>Idioma:<\/strong> Castellano<br \/>\n<strong>N\u00famero de p\u00e1ginas:<\/strong> 736<br \/>\n<strong>Encuadernaci\u00f3n:<\/strong> Tapa dura<br \/>\n<strong>Fecha de publicaci\u00f3n:<\/strong> 15\/11\/2023[\/vc_column_text][\/vc_column][\/vc_row]<\/p>\n<\/div>","protected":false},"excerpt":{"rendered":"<p>Vuela o muere\u2026 El nuevo fen\u00f3meno de fantas\u00eda juvenil del que habla todo el mundo.<\/p>\n<p>&nbsp;<\/p>\n<p>Un drag\u00f3n sin su jinete es una tragedia. Un jinete sin su drag\u00f3n est\u00e1 muerto.<\/p>\n<p>&nbsp;<\/p>\n<p><em>Art\u00edculo U, Secci\u00f3n U del c\u00f3digo de jinetes de drag\u00f3n<\/em><\/p>\n<p>&nbsp;<\/p>\n<p>Violet Sorrengail cre\u00eda que cuando cumpliera los veinte a\u00f1os se unir\u00eda al Quadrant d&#8217;Escribes para vivir una vida tranquila, estudiando sus queridos libros y las historias antiguas que tanto la fascinaban. Pero por \u00f3rdenes de su madre, la temida comandante general, Violet se ve obligada a unirse a los miles de candidatos que luchan por formar parte de la \u00e9lite de Navarre: los jinetes de drag\u00f3n.<\/p>\n<p>&nbsp;<\/p>\n<p>Cuando eres m\u00e1s peque\u00f1a y fr\u00e1gil que otros tu vida corre peligro, porque los dragones no se vinculan con humanos d\u00e9biles; de hecho, los incineran. Sumado a ello, con m\u00e1s jinetes que dragones disponibles, buena parte de los candidatos matar\u00eda a Violet para mejorar sus probabilidades de \u00e9xito; otros, como el despiadado Xaden Riorson, el l\u00edder de ala m\u00e1s poderoso del cuadrante, le asesinar\u00edan simplemente por ser la hija de la comandante general. Para sobrevivir, tendr\u00e1 que afinar al m\u00e1ximo su ingenio. <a class=\"continue\" href=\"https:\/\/www.llibreriasantjordi.cat\/es\/producte\/alas-de-sangre-empireo-1\/\">CONTINUAR >><span> Alas de sangre (Emp\u00edreo 1)<\/span><\/a><\/p>\n","protected":false},"featured_media":1743,"template":"","meta":{"_joinchat":[]},"product_brand":[],"product_cat":[172,182,184],"product_tag":[276],"class_list":{"0":"post-2157","1":"product","2":"type-product","3":"status-publish","4":"has-post-thumbnail","6":"product_cat-castellano","7":"product_cat-ficcion","8":"product_cat-juvenil-es","9":"product_tag-rebecca-yarros-es","11":"first","12":"instock","13":"taxable","14":"shipping-taxable","15":"purchasable","16":"product-type-simple"},"_links":{"self":[{"href":"https:\/\/www.llibreriasantjordi.cat\/es\/wp-json\/wp\/v2\/product\/2157","targetHints":{"allow":["GET"]}}],"collection":[{"href":"https:\/\/www.llibreriasantjordi.cat\/es\/wp-json\/wp\/v2\/product"}],"about":[{"href":"https:\/\/www.llibreriasantjordi.cat\/es\/wp-json\/wp\/v2\/types\/product"}],"wp:featuredmedia":[{"embeddable":true,"href":"https:\/\/www.llibreriasantjordi.cat\/es\/wp-json\/wp\/v2\/media\/1743"}],"wp:attachment":[{"href":"https:\/\/www.llibreriasantjordi.cat\/es\/wp-json\/wp\/v2\/media?parent=2157"}],"wp:term":[{"taxonomy":"product_brand","embeddable":true,"href":"https:\/\/www.llibreriasantjordi.cat\/es\/wp-json\/wp\/v2\/product_brand?post=2157"},{"taxonomy":"product_cat","embeddable":true,"href":"https:\/\/www.llibreriasantjordi.cat\/es\/wp-json\/wp\/v2\/product_cat?post=2157"},{"taxonomy":"product_tag","embeddable":true,"href":"https:\/\/www.llibreriasantjordi.cat\/es\/wp-json\/wp\/v2\/product_tag?post=2157"}],"curies":[{"name":"wp","href":"https:\/\/api.w.org\/{rel}","templated":true}]}}