{"id":2126,"date":"2025-03-18T13:10:06","date_gmt":"2025-03-18T11:10:06","guid":{"rendered":"https:\/\/www.llibreriasantjordi.cat\/?post_type=product&#038;p=2126"},"modified":"2025-05-14T16:09:56","modified_gmt":"2025-05-14T14:09:56","slug":"ales-de-ferro-empiri-2","status":"publish","type":"product","link":"https:\/\/www.llibreriasantjordi.cat\/es\/producte\/ales-de-ferro-empiri-2\/","title":{"rendered":"Ales de ferro (Empiri 2)"},"content":{"rendered":"<div class=\"wpb-content-wrapper\"><p>[vc_row css_animation=\u00bb\u00bb row_type=\u00bbrow\u00bb use_row_as_full_screen_section=\u00bbno\u00bb type=\u00bbfull_width\u00bb angled_section=\u00bbno\u00bb text_align=\u00bbleft\u00bb background_image_as_pattern=\u00bbwithout_pattern\u00bb][vc_column][vc_column_text css=\u00bb\u00bb]<strong>Editorial:<\/strong> Columna<br \/>\n<strong>ISBN:<\/strong> 9788466431620<br \/>\n<strong>Idioma:<\/strong> Catal\u00e1n<br \/>\n<strong>N\u00famero de p\u00e1ginas:<\/strong> 896<br \/>\n<strong>Encuadernaci\u00f3n:<\/strong> Tapa dura<br \/>\n<strong>Fecha de publicaci\u00f3n:<\/strong> 21\/02\/2024[\/vc_column_text][\/vc_column][\/vc_row]<\/p>\n<\/div>","protected":false},"excerpt":{"rendered":"<p>Segundo volumen de la serie Empiri, despu\u00e9s de Ales de sangre. El fen\u00f3meno juvenil de fantas\u00eda del que habla todo el mundo.<\/p>\n<p>&nbsp;<\/p>\n<p>\u00abEl primer a\u00f1o es cuando algunos de nosotros perdemos la vida. El segundo a\u00f1o es cuando los que quedamos, perdemos a la humanidad\u00bb. Chaden Riorson<\/p>\n<p>&nbsp;<\/p>\n<p>Todo el mundo esperaba que Violet Sorrengail muriera durante su primer a\u00f1o en la Academia de Guerra Basgiath, incluso ella misma estaba convencida. Pero eso fue s\u00f3lo la primera prueba, destinada a eliminar a los d\u00e9biles de voluntad, a los indignos ya los desafortunados. Ahora comienza el entrenamiento real, y Violet ya se pregunta c\u00f3mo podr\u00e1 superarlo. No es s\u00f3lo que sea extenuante y maliciosamente brutal, o incluso est\u00e9 dise\u00f1ado para alargar la capacidad de dolor de los pilotos m\u00e1s all\u00e1 de lo que parece posible. Es el nuevo vicecomandante, que ha convertido en su misi\u00f3n personal ense\u00f1ar a Violet lo impotente que es, salvo que traicione al hombre que ama. Aunque el cuerpo de Violet es m\u00e1s d\u00e9bil y m\u00e1s fr\u00e1gil que el de los dem\u00e1s, todav\u00eda tiene su ingenio y una voluntad de hierro. Y el comandante est\u00e1 olvidando la m\u00e1s importante lecci\u00f3n que le ha ense\u00f1ado Basgiath: los jinetes de drag\u00f3n hacen sus propias reglas. Pero la determinaci\u00f3n para sobrevivir no ser\u00e1 suficiente este a\u00f1o. Porque Violet conoce el secreto real escondido durante siglos en la Academia de Guerra Basgiath, y al fin y al cabo sabe que nada, ni siquiera el fuego de drag\u00f3n, ser\u00e1 suficiente para salvarlos. <a class=\"continue\" href=\"https:\/\/www.llibreriasantjordi.cat\/es\/producte\/ales-de-ferro-empiri-2\/\">CONTINUAR >><span> Ales de ferro (Empiri 2)<\/span><\/a><\/p>\n","protected":false},"featured_media":1742,"template":"","meta":{"_joinchat":[]},"product_brand":[],"product_cat":[173,182,184],"product_tag":[276],"class_list":{"0":"post-2126","1":"product","2":"type-product","3":"status-publish","4":"has-post-thumbnail","6":"product_cat-catalan","7":"product_cat-ficcion","8":"product_cat-juvenil-es","9":"product_tag-rebecca-yarros-es","11":"first","12":"instock","13":"taxable","14":"shipping-taxable","15":"purchasable","16":"product-type-simple"},"_links":{"self":[{"href":"https:\/\/www.llibreriasantjordi.cat\/es\/wp-json\/wp\/v2\/product\/2126","targetHints":{"allow":["GET"]}}],"collection":[{"href":"https:\/\/www.llibreriasantjordi.cat\/es\/wp-json\/wp\/v2\/product"}],"about":[{"href":"https:\/\/www.llibreriasantjordi.cat\/es\/wp-json\/wp\/v2\/types\/product"}],"wp:featuredmedia":[{"embeddable":true,"href":"https:\/\/www.llibreriasantjordi.cat\/es\/wp-json\/wp\/v2\/media\/1742"}],"wp:attachment":[{"href":"https:\/\/www.llibreriasantjordi.cat\/es\/wp-json\/wp\/v2\/media?parent=2126"}],"wp:term":[{"taxonomy":"product_brand","embeddable":true,"href":"https:\/\/www.llibreriasantjordi.cat\/es\/wp-json\/wp\/v2\/product_brand?post=2126"},{"taxonomy":"product_cat","embeddable":true,"href":"https:\/\/www.llibreriasantjordi.cat\/es\/wp-json\/wp\/v2\/product_cat?post=2126"},{"taxonomy":"product_tag","embeddable":true,"href":"https:\/\/www.llibreriasantjordi.cat\/es\/wp-json\/wp\/v2\/product_tag?post=2126"}],"curies":[{"name":"wp","href":"https:\/\/api.w.org\/{rel}","templated":true}]}}