{"id":2124,"date":"2025-03-18T13:14:49","date_gmt":"2025-03-18T11:14:49","guid":{"rendered":"https:\/\/www.llibreriasantjordi.cat\/?post_type=product&#038;p=2124"},"modified":"2025-05-13T20:27:30","modified_gmt":"2025-05-13T18:27:30","slug":"alas-de-onix-empireo-3","status":"publish","type":"product","link":"https:\/\/www.llibreriasantjordi.cat\/es\/producte\/alas-de-onix-empireo-3\/","title":{"rendered":"Alas de \u00f3nix (Emp\u00edreo 3)"},"content":{"rendered":"<div class=\"wpb-content-wrapper\"><p>[vc_row css_animation=\u00bb\u00bb row_type=\u00bbrow\u00bb use_row_as_full_screen_section=\u00bbno\u00bb type=\u00bbfull_width\u00bb angled_section=\u00bbno\u00bb text_align=\u00bbleft\u00bb background_image_as_pattern=\u00bbwithout_pattern\u00bb][vc_column][vc_column_text css=\u00bb\u00bb]<strong>Editorial:<\/strong> Editorial Planeta<br \/>\n<strong>ISBN:<\/strong> 9788408297079<br \/>\n<strong>Idioma:<\/strong> Castellano<br \/>\n<strong>N\u00famero de p\u00e1ginas:<\/strong> 896<br \/>\n<strong>Encuadernaci\u00f3n:<\/strong> Tapa dura<br \/>\n<strong>Fecha de publicaci\u00f3n:<\/strong> 22\/01\/2025[\/vc_column_text][\/vc_column][\/vc_row]<\/p>\n<\/div>","protected":false},"excerpt":{"rendered":"<p>No te pierdas la tercera entrega de la serie Empiri, despu\u00e9s de Ales de sangre y Ales de hierro.<\/p>\n<p>&nbsp;<\/p>\n<p>Despu\u00e9s de casi dieciocho meses en la Academia de Guerra Basgiath, Violet Sorrengail tiene muy claro que no queda tiempo para entrenarse. Es necesario tomar decisiones. La batalla ha empezado, y con enemigos acerc\u00e1ndose a las murallas e infiltrados en sus propias filas, es imposible saber en quien confiar.<\/p>\n<p>&nbsp;<\/p>\n<p>Ahora Violet tendr\u00e1 que emprender un viaje fuera de los l\u00edmites de Aretia para buscar aliados en tierras desconocidas que acepten luchar por Navarre. La misi\u00f3n pondr\u00e1 a prueba su suerte y le obligar\u00e1 a utilizar todo su ingenio y su fortaleza para salvar lo que m\u00e1s ama: sus dragones, su familia, su casa y \u00e9l.<\/p>\n<p>&nbsp;<\/p>\n<p>Incluso si esto implica tener que guardar un secreto tan peligroso que podr\u00eda destruirlo todo.<\/p>\n<p>&nbsp;<\/p>\n<p>Navarre necesita un ej\u00e9rcito. Necesita poder. Necesita magia. Y necesitar\u00e1 algo que s\u00f3lo Violet puede encontrar: la verdad.<\/p>\n<p>&nbsp;<\/p>\n<p>Pero se avecina una tormenta&#8230; y no todos sobrevivir\u00e1n a su furia. <a class=\"continue\" href=\"https:\/\/www.llibreriasantjordi.cat\/es\/producte\/alas-de-onix-empireo-3\/\">CONTINUAR >><span> Alas de \u00f3nix (Emp\u00edreo 3)<\/span><\/a><\/p>\n","protected":false},"featured_media":1744,"template":"","meta":{"_joinchat":[]},"product_brand":[],"product_cat":[172,182,184,188],"product_tag":[276],"class_list":{"0":"post-2124","1":"product","2":"type-product","3":"status-publish","4":"has-post-thumbnail","6":"product_cat-castellano","7":"product_cat-ficcion","8":"product_cat-juvenil-es","9":"product_cat-novedades","10":"product_tag-rebecca-yarros-es","12":"first","13":"instock","14":"taxable","15":"shipping-taxable","16":"purchasable","17":"product-type-simple"},"_links":{"self":[{"href":"https:\/\/www.llibreriasantjordi.cat\/es\/wp-json\/wp\/v2\/product\/2124","targetHints":{"allow":["GET"]}}],"collection":[{"href":"https:\/\/www.llibreriasantjordi.cat\/es\/wp-json\/wp\/v2\/product"}],"about":[{"href":"https:\/\/www.llibreriasantjordi.cat\/es\/wp-json\/wp\/v2\/types\/product"}],"wp:featuredmedia":[{"embeddable":true,"href":"https:\/\/www.llibreriasantjordi.cat\/es\/wp-json\/wp\/v2\/media\/1744"}],"wp:attachment":[{"href":"https:\/\/www.llibreriasantjordi.cat\/es\/wp-json\/wp\/v2\/media?parent=2124"}],"wp:term":[{"taxonomy":"product_brand","embeddable":true,"href":"https:\/\/www.llibreriasantjordi.cat\/es\/wp-json\/wp\/v2\/product_brand?post=2124"},{"taxonomy":"product_cat","embeddable":true,"href":"https:\/\/www.llibreriasantjordi.cat\/es\/wp-json\/wp\/v2\/product_cat?post=2124"},{"taxonomy":"product_tag","embeddable":true,"href":"https:\/\/www.llibreriasantjordi.cat\/es\/wp-json\/wp\/v2\/product_tag?post=2124"}],"curies":[{"name":"wp","href":"https:\/\/api.w.org\/{rel}","templated":true}]}}