{"id":2122,"date":"2025-03-18T13:21:23","date_gmt":"2025-03-18T11:21:23","guid":{"rendered":"https:\/\/www.llibreriasantjordi.cat\/?post_type=product&#038;p=2122"},"modified":"2025-05-13T20:25:30","modified_gmt":"2025-05-13T18:25:30","slug":"mi-querida-lucia","status":"publish","type":"product","link":"https:\/\/www.llibreriasantjordi.cat\/es\/producte\/mi-querida-lucia\/","title":{"rendered":"Mi querida Luc\u00eda"},"content":{"rendered":"<div class=\"wpb-content-wrapper\"><p>[vc_row css_animation=\u00bb\u00bb row_type=\u00bbrow\u00bb use_row_as_full_screen_section=\u00bbno\u00bb type=\u00bbfull_width\u00bb angled_section=\u00bbno\u00bb text_align=\u00bbleft\u00bb background_image_as_pattern=\u00bbwithout_pattern\u00bb][vc_column][vc_column_text css=\u00bb\u00bb]<strong>Editorial:<\/strong> Libros C\u00fapula<br \/>\n<strong>ISBN:<\/strong> 9788448042110<br \/>\n<strong>Idioma:<\/strong> Castellano<br \/>\n<strong>N\u00famero de p\u00e1ginas:<\/strong> 448<br \/>\n<strong>Encuadernaci\u00f3n:<\/strong> Tapa dura<br \/>\n<strong>Fecha de publicaci\u00f3n:<\/strong> 16\/10\/2024[\/vc_column_text][\/vc_column][\/vc_row]<\/p>\n<\/div>","protected":false},"excerpt":{"rendered":"<p>Una brillante novela negra que no le dejar\u00e1 indiferente.<\/p>\n<p>&nbsp;<\/p>\n<p>Aquel sofocante verano del 2002, Luc\u00eda Romasanta, astr\u00f3loga, madre soltera y redactora de la secci\u00f3n del hor\u00f3scopo con mayor \u00e9xito del pa\u00eds, recibe una carta perturbadora de un admirador an\u00f3nimo. Un texto manuscrito que la hace directamente responsable de la muerte de una desconocida en caso de que no tome partido.<\/p>\n<p>&nbsp;<\/p>\n<p>A esta primera carta le seguir\u00e1n otras, cada vez m\u00e1s violentas, m\u00e1s amenazadoras, m\u00e1s personales\u2026 Una historia que pasar\u00e1 a formar parte de las investigaciones de la Polic\u00eda Judicial como el famoso \u00abCaso del hor\u00f3scopo\u00bb.<\/p>\n<p>&nbsp;<\/p>\n<p>Ahora, la pregunta para Luc\u00eda es clara: \u00bfpodr\u00eda haber evitado sus muertes?<\/p>\n<p>&nbsp;<\/p>\n<p><i>\u00abMi querida Luc\u00eda, s\u00e9 que te apresuras a descubrirme, pero poco importa qui\u00e9n soy. S\u00f3lo lo que tiene que venir es lo \u00fanico que deber\u00eda preocuparte. Hasta entonces\u2026\u00bb.<\/i><\/p>\n<p>&nbsp;<\/p>\n<p><i>Mi querida Luc\u00eda<\/i>\u00a0es un inquietante\u00a0<i>thriller<\/i>, real y sin artificios. Una historia apasionante, psicol\u00f3gica e impredecible hasta el final, que profundiza en la presi\u00f3n que puede soportar a una madre en una situaci\u00f3n l\u00edmite. <a class=\"continue\" href=\"https:\/\/www.llibreriasantjordi.cat\/es\/producte\/mi-querida-lucia\/\">CONTINUAR >><span> Mi querida Luc\u00eda<\/span><\/a><\/p>\n","protected":false},"featured_media":1675,"template":"","meta":{"_joinchat":[]},"product_brand":[],"product_cat":[172,182],"product_tag":[],"class_list":{"0":"post-2122","1":"product","2":"type-product","3":"status-publish","4":"has-post-thumbnail","6":"product_cat-castellano","7":"product_cat-ficcion","9":"first","10":"instock","11":"taxable","12":"shipping-taxable","13":"purchasable","14":"product-type-simple"},"_links":{"self":[{"href":"https:\/\/www.llibreriasantjordi.cat\/es\/wp-json\/wp\/v2\/product\/2122","targetHints":{"allow":["GET"]}}],"collection":[{"href":"https:\/\/www.llibreriasantjordi.cat\/es\/wp-json\/wp\/v2\/product"}],"about":[{"href":"https:\/\/www.llibreriasantjordi.cat\/es\/wp-json\/wp\/v2\/types\/product"}],"wp:featuredmedia":[{"embeddable":true,"href":"https:\/\/www.llibreriasantjordi.cat\/es\/wp-json\/wp\/v2\/media\/1675"}],"wp:attachment":[{"href":"https:\/\/www.llibreriasantjordi.cat\/es\/wp-json\/wp\/v2\/media?parent=2122"}],"wp:term":[{"taxonomy":"product_brand","embeddable":true,"href":"https:\/\/www.llibreriasantjordi.cat\/es\/wp-json\/wp\/v2\/product_brand?post=2122"},{"taxonomy":"product_cat","embeddable":true,"href":"https:\/\/www.llibreriasantjordi.cat\/es\/wp-json\/wp\/v2\/product_cat?post=2122"},{"taxonomy":"product_tag","embeddable":true,"href":"https:\/\/www.llibreriasantjordi.cat\/es\/wp-json\/wp\/v2\/product_tag?post=2122"}],"curies":[{"name":"wp","href":"https:\/\/api.w.org\/{rel}","templated":true}]}}