{"id":2120,"date":"2025-03-18T13:24:49","date_gmt":"2025-03-18T11:24:49","guid":{"rendered":"https:\/\/www.llibreriasantjordi.cat\/?post_type=product&#038;p=2120"},"modified":"2025-05-13T20:24:07","modified_gmt":"2025-05-13T18:24:07","slug":"el-plan-maestro","status":"publish","type":"product","link":"https:\/\/www.llibreriasantjordi.cat\/es\/producte\/el-plan-maestro\/","title":{"rendered":"El plan maestro"},"content":{"rendered":"<div class=\"wpb-content-wrapper\"><p>[vc_row css_animation=\u00bb\u00bb row_type=\u00bbrow\u00bb use_row_as_full_screen_section=\u00bbno\u00bb type=\u00bbfull_width\u00bb angled_section=\u00bbno\u00bb text_align=\u00bbleft\u00bb background_image_as_pattern=\u00bbwithout_pattern\u00bb][vc_column][vc_column_text css=\u00bb\u00bb]<strong>Editorial:<\/strong> Editorial Planeta<br \/>\n<strong>ISBN:<\/strong> 9788408296966<br \/>\n<strong>Idioma:<\/strong> Castellano<br \/>\n<strong>N\u00famero de p\u00e1ginas:<\/strong> 504<br \/>\n<strong>Encuadernaci\u00f3n:<\/strong> Tapa dura<br \/>\n<strong>Fecha de publicaci\u00f3n:<\/strong> 26\/02\/2025[\/vc_column_text][\/vc_column][\/vc_row]<\/p>\n<\/div>","protected":false},"excerpt":{"rendered":"<p>El esperad\u00edsimo regreso a las librer\u00edas del maestro del misterio.<\/p>\n<p>&nbsp;<\/p>\n<p>En 1990, Javier Sierra fue abordado por un sujeto singular en el Museo del Prado. \u00c9ste le confes\u00f3 que hab\u00eda una comunidad secreta que, desde hac\u00eda siglos, se hab\u00eda dedicado a proteger una selecci\u00f3n de obras que serv\u00eda de puerta entre mundos. Aquel tropiezo dio lugar a El maestro del Prado (Planeta, 2013).<\/p>\n<p>&nbsp;<\/p>\n<p>Desde entonces, el autor se ha obsesionado con volver a encontrar a este personaje y, en su camino, ha descubierto que hay un \u00abplan maestro\u00bb que otorga al arte un sentido esencial. \u00c9ste lleva siglos urdido por unos misteriosos maestros que han transformado nuestra especie hasta l\u00edmites insospechados. Algunos mitos se refieren a ellos como dioses instructores, otros como demonios; tambi\u00e9n como \u00e1ngeles y esp\u00edritus. Sus ideas han modelado nuestra especie con aportaciones como la agricultura, la astronom\u00eda, las matem\u00e1ticas o la expresi\u00f3n art\u00edstica. Pero, \u00bfqui\u00e9nes son ellos?<\/p>\n<p>&nbsp;<\/p>\n<p>Una novela apasionante que te har\u00e1 viajar a trav\u00e9s del arte a una historia desconocida de la civilizaci\u00f3n.<\/p>\n<p>&nbsp;<\/p>\n<p>Incluye reproducciones y dibujos de obras maestras clave para ayudarte y guiarte a la lectura. <a class=\"continue\" href=\"https:\/\/www.llibreriasantjordi.cat\/es\/producte\/el-plan-maestro\/\">CONTINUAR >><span> El plan maestro<\/span><\/a><\/p>\n","protected":false},"featured_media":1718,"template":"","meta":{"_joinchat":[]},"product_brand":[],"product_cat":[172,182],"product_tag":[275],"class_list":{"0":"post-2120","1":"product","2":"type-product","3":"status-publish","4":"has-post-thumbnail","6":"product_cat-castellano","7":"product_cat-ficcion","8":"product_tag-javier-sierra-es","10":"first","11":"instock","12":"taxable","13":"shipping-taxable","14":"purchasable","15":"product-type-simple"},"_links":{"self":[{"href":"https:\/\/www.llibreriasantjordi.cat\/es\/wp-json\/wp\/v2\/product\/2120","targetHints":{"allow":["GET"]}}],"collection":[{"href":"https:\/\/www.llibreriasantjordi.cat\/es\/wp-json\/wp\/v2\/product"}],"about":[{"href":"https:\/\/www.llibreriasantjordi.cat\/es\/wp-json\/wp\/v2\/types\/product"}],"wp:featuredmedia":[{"embeddable":true,"href":"https:\/\/www.llibreriasantjordi.cat\/es\/wp-json\/wp\/v2\/media\/1718"}],"wp:attachment":[{"href":"https:\/\/www.llibreriasantjordi.cat\/es\/wp-json\/wp\/v2\/media?parent=2120"}],"wp:term":[{"taxonomy":"product_brand","embeddable":true,"href":"https:\/\/www.llibreriasantjordi.cat\/es\/wp-json\/wp\/v2\/product_brand?post=2120"},{"taxonomy":"product_cat","embeddable":true,"href":"https:\/\/www.llibreriasantjordi.cat\/es\/wp-json\/wp\/v2\/product_cat?post=2120"},{"taxonomy":"product_tag","embeddable":true,"href":"https:\/\/www.llibreriasantjordi.cat\/es\/wp-json\/wp\/v2\/product_tag?post=2120"}],"curies":[{"name":"wp","href":"https:\/\/api.w.org\/{rel}","templated":true}]}}