{"id":2118,"date":"2025-03-18T13:27:35","date_gmt":"2025-03-18T11:27:35","guid":{"rendered":"https:\/\/www.llibreriasantjordi.cat\/?post_type=product&#038;p=2118"},"modified":"2025-05-14T16:09:32","modified_gmt":"2025-05-14T14:09:32","slug":"el-pla-mestre","status":"publish","type":"product","link":"https:\/\/www.llibreriasantjordi.cat\/es\/producte\/el-pla-mestre\/","title":{"rendered":"El pla mestre"},"content":{"rendered":"<div class=\"wpb-content-wrapper\"><p>[vc_row css_animation=\u00bb\u00bb row_type=\u00bbrow\u00bb use_row_as_full_screen_section=\u00bbno\u00bb type=\u00bbfull_width\u00bb angled_section=\u00bbno\u00bb text_align=\u00bbleft\u00bb background_image_as_pattern=\u00bbwithout_pattern\u00bb][vc_column][vc_column_text css=\u00bb\u00bb]<strong>Editorial:<\/strong> Columna<br \/>\n<strong>ISBN:<\/strong> 9788466433235<br \/>\n<strong>Idioma:<\/strong> Catal\u00e1n<br \/>\n<strong>N\u00famero de p\u00e1ginas:<\/strong> 480<br \/>\n<strong>Encuadernaci\u00f3n:<\/strong> Tapa dura<br \/>\n<strong>Fecha de publicaci\u00f3n:<\/strong> 26\/02\/2025[\/vc_column_text][\/vc_column][\/vc_row]<\/p>\n<\/div>","protected":false},"excerpt":{"rendered":"<p>Vuelve Javier Sierra con un libro apasionante y lleno de enigmas donde se disputa cu\u00e1les deben ser los leg\u00edtimos guardianes del arte.<\/p>\n<p>&nbsp;<\/p>\n<p>ESTE LIBRO CAMBIAR\u00c1 PARA SIEMPRE NUESTRA VISI\u00d3N DEL ARTE.<\/p>\n<p>&nbsp;<\/p>\n<p>En 1990 Javier Sierra fue abordado por un extra\u00f1o en las salas del Museo del Prado. Lo que entonces no imagin\u00f3 era que aquel individuo pertenec\u00eda a una comunidad secreta de \u00abmaestros instructores\u00bb cuya presencia ha sido constante en todas las mitolog\u00edas del planeta. Aunque Javier Sierra descubrir\u00e1 que este personaje proteg\u00eda un canon de pinturas capaz de actuar de puente entre distintas dimensiones de la realidad, tendr\u00e1n que pasar d\u00e9cadas para que encaje las piezas de su identidad y del \u00abplan maestro\u00bb que propici\u00f3 su encuentro. La naturaleza, origen y misi\u00f3n de estos maestros culminar\u00e1 en una revelaci\u00f3n inesperada y deslumbrante.<\/p>\n<p>&nbsp;<\/p>\n<p>Mensajes ocultos en obras clave de Vel\u00e1zquez, Goya, Rafael, Botticelli o incluso Kahlo se mezclan con elegancia y agilidad narrativa en una vertiginosa aventura que recorre las m\u00e1s prestigiosas colecciones del mundo.<\/p>\n<p>&nbsp;<\/p>\n<p>\u00abEsa \u00faltima frase son\u00f3, de repente, como una despedida. Fovel me mir\u00f3 con una ternura que no me esperaba, mientras un murmullo en la sala, sordo pero intenso, me hizo comprender que la campana de silencio que nos proteg\u00eda se romper\u00eda de un momento a otro.<\/p>\n<p>&nbsp;<\/p>\n<p>\u2015Pero, maestro&#8230; \u2015lo llam\u00e9 as\u00ed por primera vez\u2015, \u00bfnos volveremos a ver?<\/p>\n<p>&nbsp;<\/p>\n<p>\u2015No sufras, Javier. Tu nombre, como el de otros muchos, est\u00e1 escrito en el plan.<\/p>\n<p>&nbsp;<\/p>\n<p>\u2015\u00bfQu\u00e9 plan?<\/p>\n<p>&nbsp;<\/p>\n<p>\u2015El plan maestro. Lo que me ayudar\u00e1s a transmitir al mundo. El plan que salvar\u00e1 a nuestra especie del olvido del arte.<\/p>\n<p>&nbsp;<\/p>\n<p>Y, dicho esto, desapareci\u00f3\u00bb. <a class=\"continue\" href=\"https:\/\/www.llibreriasantjordi.cat\/es\/producte\/el-pla-mestre\/\">CONTINUAR >><span> El pla mestre<\/span><\/a><\/p>\n","protected":false},"featured_media":1654,"template":"","meta":{"_joinchat":[]},"product_brand":[],"product_cat":[173,182,188],"product_tag":[275],"class_list":{"0":"post-2118","1":"product","2":"type-product","3":"status-publish","4":"has-post-thumbnail","6":"product_cat-catalan","7":"product_cat-ficcion","8":"product_cat-novedades","9":"product_tag-javier-sierra-es","11":"first","12":"instock","13":"taxable","14":"shipping-taxable","15":"purchasable","16":"product-type-simple"},"_links":{"self":[{"href":"https:\/\/www.llibreriasantjordi.cat\/es\/wp-json\/wp\/v2\/product\/2118","targetHints":{"allow":["GET"]}}],"collection":[{"href":"https:\/\/www.llibreriasantjordi.cat\/es\/wp-json\/wp\/v2\/product"}],"about":[{"href":"https:\/\/www.llibreriasantjordi.cat\/es\/wp-json\/wp\/v2\/types\/product"}],"wp:featuredmedia":[{"embeddable":true,"href":"https:\/\/www.llibreriasantjordi.cat\/es\/wp-json\/wp\/v2\/media\/1654"}],"wp:attachment":[{"href":"https:\/\/www.llibreriasantjordi.cat\/es\/wp-json\/wp\/v2\/media?parent=2118"}],"wp:term":[{"taxonomy":"product_brand","embeddable":true,"href":"https:\/\/www.llibreriasantjordi.cat\/es\/wp-json\/wp\/v2\/product_brand?post=2118"},{"taxonomy":"product_cat","embeddable":true,"href":"https:\/\/www.llibreriasantjordi.cat\/es\/wp-json\/wp\/v2\/product_cat?post=2118"},{"taxonomy":"product_tag","embeddable":true,"href":"https:\/\/www.llibreriasantjordi.cat\/es\/wp-json\/wp\/v2\/product_tag?post=2118"}],"curies":[{"name":"wp","href":"https:\/\/api.w.org\/{rel}","templated":true}]}}