{"id":2116,"date":"2025-03-18T13:51:32","date_gmt":"2025-03-18T11:51:32","guid":{"rendered":"https:\/\/www.llibreriasantjordi.cat\/?post_type=product&#038;p=2116"},"modified":"2025-05-14T16:09:22","modified_gmt":"2025-05-14T14:09:22","slug":"la-saga-de-los-longevos-1-la-vieja-familia","status":"publish","type":"product","link":"https:\/\/www.llibreriasantjordi.cat\/es\/producte\/la-saga-de-los-longevos-1-la-vieja-familia\/","title":{"rendered":"La saga de los Longevos 1 &#8211; La vieja fam\u00edlia"},"content":{"rendered":"<div class=\"wpb-content-wrapper\"><p>[vc_row css_animation=\u00bb\u00bb row_type=\u00bbrow\u00bb use_row_as_full_screen_section=\u00bbno\u00bb type=\u00bbfull_width\u00bb angled_section=\u00bbno\u00bb text_align=\u00bbleft\u00bb background_image_as_pattern=\u00bbwithout_pattern\u00bb][vc_column][vc_column_text css=\u00bb\u00bb]<strong>Editorial:<\/strong> Editorial Planeta<br \/>\n<strong>ISBN:<\/strong> 9788408292692<br \/>\n<strong>Idioma:<\/strong> Castellano<br \/>\n<strong>N\u00famero de p\u00e1ginas:<\/strong> 480<br \/>\n<strong>Encuadernaci\u00f3n:<\/strong> Tapa dura<br \/>\n<strong>Fecha de publicaci\u00f3n:<\/strong> 02\/10\/2024[\/vc_column_text][\/vc_column][\/vc_row]<\/p>\n<\/div>","protected":false},"excerpt":{"rendered":"<p>Empieza la cuenta atr\u00e1s. No te pierdas la saga m\u00e1s esperada.<\/p>\n<p>&nbsp;<\/p>\n<p>Yago del Castillo es un carism\u00e1tico y atractivo longevo de 10.300 a\u00f1os de edad con un cerebro prodigioso. Pero cuando una ma\u00f1ana se despierta en San Francisco, lejos de su casa en Santander, no es capaz de recordar ni su nombre ni los detalles de la misteriosa investigaci\u00f3n que le ha llevado hasta all\u00ed, una investigaci\u00f3n con la que pretende descifrar por qu\u00e9 ni \u00e9l ni los dem\u00e1s miembros de su familia envejecen.<\/p>\n<p>&nbsp;<\/p>\n<p>Pero ni Iago ni H\u00e9ctor, su padre, tienen intenci\u00f3n de compartir sus resultados; son conscientes de los riesgos y sufrimiento que implica su forma de vivir. Son sus hermanos Jairo (un conflictivo escita de casi 3.000 a\u00f1os) y Kyra (una celta de 2.500) que, cansados \u200b\u200bde transitar solos a trav\u00e9s de los siglos y hartos de tener que enterrar a sus hijos, est\u00e1n decididos a crear una estirpe de longevos como ellos.<\/p>\n<p>&nbsp;<\/p>\n<p>Al mismo tiempo, Adriana, una arque\u00f3loga especializada en prehistoria, est\u00e1 dispuesta a aprovechar que el destino le ha devuelto a su Santander natal para esclarecer el extra\u00f1o suicidio de su madre hace quince a\u00f1os.<\/p>\n<p>&nbsp;<\/p>\n<p>Desde el principio, Iago y ella sienten una poderosa atracci\u00f3n uno por otro, aunque ambos intenten ignorarla. <a class=\"continue\" href=\"https:\/\/www.llibreriasantjordi.cat\/es\/producte\/la-saga-de-los-longevos-1-la-vieja-familia\/\">CONTINUAR >><span> La saga de los Longevos 1 &#8211; La vieja fam\u00edlia<\/span><\/a><\/p>\n","protected":false},"featured_media":1692,"template":"","meta":{"_joinchat":[]},"product_brand":[],"product_cat":[172,182],"product_tag":[274],"class_list":{"0":"post-2116","1":"product","2":"type-product","3":"status-publish","4":"has-post-thumbnail","6":"product_cat-castellano","7":"product_cat-ficcion","8":"product_tag-eva-garcia-saenz-de-urturi-es","10":"first","11":"instock","12":"taxable","13":"shipping-taxable","14":"purchasable","15":"product-type-simple"},"_links":{"self":[{"href":"https:\/\/www.llibreriasantjordi.cat\/es\/wp-json\/wp\/v2\/product\/2116","targetHints":{"allow":["GET"]}}],"collection":[{"href":"https:\/\/www.llibreriasantjordi.cat\/es\/wp-json\/wp\/v2\/product"}],"about":[{"href":"https:\/\/www.llibreriasantjordi.cat\/es\/wp-json\/wp\/v2\/types\/product"}],"wp:featuredmedia":[{"embeddable":true,"href":"https:\/\/www.llibreriasantjordi.cat\/es\/wp-json\/wp\/v2\/media\/1692"}],"wp:attachment":[{"href":"https:\/\/www.llibreriasantjordi.cat\/es\/wp-json\/wp\/v2\/media?parent=2116"}],"wp:term":[{"taxonomy":"product_brand","embeddable":true,"href":"https:\/\/www.llibreriasantjordi.cat\/es\/wp-json\/wp\/v2\/product_brand?post=2116"},{"taxonomy":"product_cat","embeddable":true,"href":"https:\/\/www.llibreriasantjordi.cat\/es\/wp-json\/wp\/v2\/product_cat?post=2116"},{"taxonomy":"product_tag","embeddable":true,"href":"https:\/\/www.llibreriasantjordi.cat\/es\/wp-json\/wp\/v2\/product_tag?post=2116"}],"curies":[{"name":"wp","href":"https:\/\/api.w.org\/{rel}","templated":true}]}}