{"id":2113,"date":"2025-03-18T14:07:17","date_gmt":"2025-03-18T12:07:17","guid":{"rendered":"https:\/\/www.llibreriasantjordi.cat\/?post_type=product&#038;p=2113"},"modified":"2025-05-13T20:20:50","modified_gmt":"2025-05-13T18:20:50","slug":"la-saga-de-los-longevos-2-los-hijos-de-adan","status":"publish","type":"product","link":"https:\/\/www.llibreriasantjordi.cat\/es\/producte\/la-saga-de-los-longevos-2-los-hijos-de-adan\/","title":{"rendered":"La saga de los Longevos 2 &#8211; Los hijos de Ad\u00e1n"},"content":{"rendered":"<div class=\"wpb-content-wrapper\"><p>[vc_row css_animation=\u00bb\u00bb row_type=\u00bbrow\u00bb use_row_as_full_screen_section=\u00bbno\u00bb type=\u00bbfull_width\u00bb angled_section=\u00bbno\u00bb text_align=\u00bbleft\u00bb background_image_as_pattern=\u00bbwithout_pattern\u00bb][vc_column][vc_column_text css=\u00bb\u00bb]<strong>Editorial:<\/strong> Editorial Planeta<br \/>\n<strong>ISBN:<\/strong> 9788408298007<br \/>\n<strong>Idioma:<\/strong> Castellano<br \/>\n<strong>N\u00famero de p\u00e1ginas:<\/strong> 336<br \/>\n<strong>Encuadernaci\u00f3n:<\/strong> Tapa dura<br \/>\n<strong>Fecha de publicaci\u00f3n:<\/strong> 16\/02\/2025[\/vc_column_text][\/vc_column][\/vc_row]<\/p>\n<\/div>","protected":false},"excerpt":{"rendered":"<p>LA CUENTA ATR\u00c1S EST\u00c1 LLEGANDO A SU FINAL<\/p>\n<p>&nbsp;<\/p>\n<p>NO TE PIERDAS LA SAGA M\u00c1S ESPERADA DE LA AUTORA DEL SILENCIO DE LA CIUDAD BLANCA<\/p>\n<p>&nbsp;<\/p>\n<p>La inesperada vuelta del hijo de Yago del Castillo, a quien crey\u00f3 muerto en la batalla de Kinsale en 1602, alterar\u00e1 la tranquila vida que \u00e9ste y Adriana hab\u00edan logrado construir en Santander. Sin embargo, Gunnarr, el corpulento joven de melena rubia y ojos id\u00e9nticos a los de su padre, ha vuelto para ejecutar la venganza que jur\u00f3 llevar a cabo hace quinientos a\u00f1os.<\/p>\n<p>&nbsp;<\/p>\n<p>23.000 aC, Europa: L\u00fcr teme ser el \u00fanico hombre sobre la tierra. S\u00f3lo, sin fuerzas ni apenas esperanza, recorre el desolado continente que ha dejado la \u00faltima glaciaci\u00f3n en busca del clan de los Hijos de Ad\u00e1n y de su legendaria matriarca, Adana, de quien se dice que no envejece.<\/p>\n<p>&nbsp;<\/p>\n<p>800 dC, Dinamarca: Gunnarr se convierte en berserker, un peligroso guerrero perteneciente a un grupo de mercenarios vikingos que pelean semidesnudos y no sienten dolor.<\/p>\n<p>&nbsp;<\/p>\n<p>1620 dC, Nueva Inglaterra: Urko se embarca en el Mayflower hacia las costas de Massachusetts para construir la colonia de Plymouth. All\u00ed conocer\u00e1 a Manon Adams, una mujer fuerte e inteligente que dejar\u00e1 huella a pesar del paso del tiempo.<\/p>\n<p>&nbsp;<\/p>\n<p>Yago y los dem\u00e1s miembros de la Vieja Familia est\u00e1n a punto de descubrir que su vida ha estado en peligro desde antes de su nacimiento porque, para un longevo, el pasado siempre vuelve en forma de problemas, y \u00e9stos s\u00f3lo acaban de empezar.<\/p>\n<p>&nbsp;<\/p>\n<p>Eva Garc\u00eda S\u00e1enz de Urturi, una de las autoras espa\u00f1olas m\u00e1s vendidas en todo el mundo, publica por primera vez la trilog\u00eda completa con la que empez\u00f3 su carrera, La saga de los longevos. Una trama sumamente original, con una intriga apasionante y adictiva, en la que se mezclan muertes, historia antigua y un amor que atravesar\u00e1 el tiempo. En 2024 ha publicado la primera parte, La saga de los longevos 1. La Vieja Familia, y, a lo largo de 2025, La saga de los longevos 2. Los Hijos de Ad\u00e1n y La saga de los longevos 3. El Camino del Padre, el esperado cierre de la trilog\u00eda.<\/p>\n<p>&nbsp;<\/p>\n<p>\u00abLa segunda entrega de la saga de los longevos tiene tanta o m\u00e1s emoci\u00f3n e intriga que el primer libro\u00bb<\/p>\n<p>&nbsp;<\/p>\n<p>\u00abUna de las mejores tramas que he le\u00eddo\u00bb<\/p>\n<p>&nbsp;<\/p>\n<p>\u00abMe gusta c\u00f3mo escribe, muy buen libro, como todos los libros\u00bb <a class=\"continue\" href=\"https:\/\/www.llibreriasantjordi.cat\/es\/producte\/la-saga-de-los-longevos-2-los-hijos-de-adan\/\">CONTINUAR >><span> La saga de los Longevos 2 &#8211; Los hijos de Ad\u00e1n<\/span><\/a><\/p>\n","protected":false},"featured_media":1691,"template":"","meta":{"_joinchat":[]},"product_brand":[],"product_cat":[172,182],"product_tag":[274],"class_list":{"0":"post-2113","1":"product","2":"type-product","3":"status-publish","4":"has-post-thumbnail","6":"product_cat-castellano","7":"product_cat-ficcion","8":"product_tag-eva-garcia-saenz-de-urturi-es","10":"first","11":"instock","12":"taxable","13":"shipping-taxable","14":"purchasable","15":"product-type-simple"},"_links":{"self":[{"href":"https:\/\/www.llibreriasantjordi.cat\/es\/wp-json\/wp\/v2\/product\/2113","targetHints":{"allow":["GET"]}}],"collection":[{"href":"https:\/\/www.llibreriasantjordi.cat\/es\/wp-json\/wp\/v2\/product"}],"about":[{"href":"https:\/\/www.llibreriasantjordi.cat\/es\/wp-json\/wp\/v2\/types\/product"}],"wp:featuredmedia":[{"embeddable":true,"href":"https:\/\/www.llibreriasantjordi.cat\/es\/wp-json\/wp\/v2\/media\/1691"}],"wp:attachment":[{"href":"https:\/\/www.llibreriasantjordi.cat\/es\/wp-json\/wp\/v2\/media?parent=2113"}],"wp:term":[{"taxonomy":"product_brand","embeddable":true,"href":"https:\/\/www.llibreriasantjordi.cat\/es\/wp-json\/wp\/v2\/product_brand?post=2113"},{"taxonomy":"product_cat","embeddable":true,"href":"https:\/\/www.llibreriasantjordi.cat\/es\/wp-json\/wp\/v2\/product_cat?post=2113"},{"taxonomy":"product_tag","embeddable":true,"href":"https:\/\/www.llibreriasantjordi.cat\/es\/wp-json\/wp\/v2\/product_tag?post=2113"}],"curies":[{"name":"wp","href":"https:\/\/api.w.org\/{rel}","templated":true}]}}