{"id":2112,"date":"2025-03-18T18:19:08","date_gmt":"2025-03-18T16:19:08","guid":{"rendered":"https:\/\/www.llibreriasantjordi.cat\/?post_type=product&#038;p=2112"},"modified":"2025-05-13T20:19:38","modified_gmt":"2025-05-13T18:19:38","slug":"fuego-en-la-garganta","status":"publish","type":"product","link":"https:\/\/www.llibreriasantjordi.cat\/es\/producte\/fuego-en-la-garganta\/","title":{"rendered":"Fuego en la garganta"},"content":{"rendered":"<div class=\"wpb-content-wrapper\"><p>[vc_row css_animation=\u00bb\u00bb row_type=\u00bbrow\u00bb use_row_as_full_screen_section=\u00bbno\u00bb type=\u00bbfull_width\u00bb angled_section=\u00bbno\u00bb text_align=\u00bbleft\u00bb background_image_as_pattern=\u00bbwithout_pattern\u00bb][vc_column][vc_column_text css=\u00bb\u00bb]<strong>Editorial:<\/strong> Editorial Planeta<br \/>\n<strong>ISBN:<\/strong> 9788408295860<br \/>\n<strong>Idioma:<\/strong> Castellano<br \/>\n<strong>N\u00famero de p\u00e1ginas:<\/strong> 408<br \/>\n<strong>Encuadernaci\u00f3n:<\/strong> Tapa dura<br \/>\n<strong>Fecha de publicaci\u00f3n:<\/strong> 06\/11\/2024[\/vc_column_text][\/vc_column][\/vc_row]<\/p>\n<\/div>","protected":false},"excerpt":{"rendered":"<p>FINALISTA PREMIO PLANETA 2024<\/p>\n<p>&nbsp;<\/p>\n<p>\u00abTodo parec\u00eda ir bien, pero Blanca sab\u00eda que nada iba bien en realidad\u00bb. Una novela generacional, fresca y mordaz.<\/p>\n<p>&nbsp;<\/p>\n<p>Una ma\u00f1ana de 1993, la vida de Blanca se rompe cuando su padre le anuncia que su madre no volver\u00e1. A partir de entonces, Blanca teme que pueda tener un don ins\u00f3lito: la capacidad de obrar milagros, aunque lo primero sea provocar la muerte de una ni\u00f1a que se burla de la situaci\u00f3n familiar. Con el peso de la culpa sobre los hombros y las ansiedades propias del abandono, Blanca busca en internet a personas con las que hablar y conecta con un grupo de chicas que tambi\u00e9n se encuentran solas y perdidas. Unidas por la fascinaci\u00f3n que sienten por Charles y Marilyn Manson, Joy Division y su gusto por vestir de negro, Blanca encuentra a su familia escogida.<\/p>\n<p>&nbsp;<\/p>\n<p>Fuego en la garganta recorre la infancia y la adolescencia de una chica que no encuentra sitio en el mundo. Una aventura que se trasladar\u00e1 de las pantallas a un mundo real en el que habitan padres ausentes, h\u00e9roes inesperados, monjas, tecn\u00f3fobos e hippies del sur de Espa\u00f1a. <a class=\"continue\" href=\"https:\/\/www.llibreriasantjordi.cat\/es\/producte\/fuego-en-la-garganta\/\">CONTINUAR >><span> Fuego en la garganta<\/span><\/a><\/p>\n","protected":false},"featured_media":1708,"template":"","meta":{"_joinchat":[]},"product_brand":[],"product_cat":[172,182,185],"product_tag":[273],"class_list":{"0":"post-2112","1":"product","2":"type-product","3":"status-publish","4":"has-post-thumbnail","6":"product_cat-castellano","7":"product_cat-ficcion","8":"product_cat-libros-premiados","9":"product_tag-beatriz-serrano-es","11":"first","12":"instock","13":"taxable","14":"shipping-taxable","15":"purchasable","16":"product-type-simple"},"_links":{"self":[{"href":"https:\/\/www.llibreriasantjordi.cat\/es\/wp-json\/wp\/v2\/product\/2112","targetHints":{"allow":["GET"]}}],"collection":[{"href":"https:\/\/www.llibreriasantjordi.cat\/es\/wp-json\/wp\/v2\/product"}],"about":[{"href":"https:\/\/www.llibreriasantjordi.cat\/es\/wp-json\/wp\/v2\/types\/product"}],"wp:featuredmedia":[{"embeddable":true,"href":"https:\/\/www.llibreriasantjordi.cat\/es\/wp-json\/wp\/v2\/media\/1708"}],"wp:attachment":[{"href":"https:\/\/www.llibreriasantjordi.cat\/es\/wp-json\/wp\/v2\/media?parent=2112"}],"wp:term":[{"taxonomy":"product_brand","embeddable":true,"href":"https:\/\/www.llibreriasantjordi.cat\/es\/wp-json\/wp\/v2\/product_brand?post=2112"},{"taxonomy":"product_cat","embeddable":true,"href":"https:\/\/www.llibreriasantjordi.cat\/es\/wp-json\/wp\/v2\/product_cat?post=2112"},{"taxonomy":"product_tag","embeddable":true,"href":"https:\/\/www.llibreriasantjordi.cat\/es\/wp-json\/wp\/v2\/product_tag?post=2112"}],"curies":[{"name":"wp","href":"https:\/\/api.w.org\/{rel}","templated":true}]}}