{"id":2109,"date":"2025-03-18T18:25:43","date_gmt":"2025-03-18T16:25:43","guid":{"rendered":"https:\/\/www.llibreriasantjordi.cat\/?post_type=product&#038;p=2109"},"modified":"2025-05-13T20:18:35","modified_gmt":"2025-05-13T18:18:35","slug":"la-superconciencia-existe","status":"publish","type":"product","link":"https:\/\/www.llibreriasantjordi.cat\/es\/producte\/la-superconciencia-existe\/","title":{"rendered":"La superconciencia existe"},"content":{"rendered":"<div class=\"wpb-content-wrapper\"><p>[vc_row css_animation=\u00bb\u00bb row_type=\u00bbrow\u00bb use_row_as_full_screen_section=\u00bbno\u00bb type=\u00bbfull_width\u00bb angled_section=\u00bbno\u00bb text_align=\u00bbleft\u00bb background_image_as_pattern=\u00bbwithout_pattern\u00bb][vc_column][vc_column_text css=\u00bb\u00bb]<strong>Editorial:<\/strong> Editorial Planeta<br \/>\n<strong>ISBN:<\/strong> 9788408291282<br \/>\n<strong>Idioma:<\/strong> Castellano<br \/>\n<strong>N\u00famero de p\u00e1ginas:<\/strong> 248<br \/>\n<strong>Encuadernaci\u00f3n:<\/strong> Tapa dura<br \/>\n<strong>Fecha de publicaci\u00f3n:<\/strong> 08\/09\/2024[\/vc_column_text][\/vc_column][\/vc_row]<\/p>\n<\/div>","protected":false},"excerpt":{"rendered":"<p>El libro definitivo sobre el fen\u00f3meno de las Experiencias Pr\u00f3ximas a la Muerte (ECM) y su poder para transformar nuestras vidas.<\/p>\n<p>&nbsp;<\/p>\n<p>El doctor Manuel Sans Segarra, prestigioso cirujano y pionero en la investigaci\u00f3n de la supraconciencia, junto al periodista Juan Carlos Cebri\u00e1n, explora las experiencias cercanas a la muerte (ECM) desde una perspectiva cient\u00edfica y espiritual. A trav\u00e9s de casos documentados y el estudio de la f\u00edsica cu\u00e1ntica, este libro ofrece una nueva comprensi\u00f3n de la conciencia y la vida despu\u00e9s de la muerte, desafiando las concepciones tradicionales y proporcionando una gu\u00eda para superar los miedos y ayudarnos a reflexionar sobre nuestra vida. <a class=\"continue\" href=\"https:\/\/www.llibreriasantjordi.cat\/es\/producte\/la-superconciencia-existe\/\">CONTINUAR >><span> La superconciencia existe<\/span><\/a><\/p>\n","protected":false},"featured_media":1686,"template":"","meta":{"_joinchat":[]},"product_brand":[],"product_cat":[172,186],"product_tag":[],"class_list":{"0":"post-2109","1":"product","2":"type-product","3":"status-publish","4":"has-post-thumbnail","6":"product_cat-castellano","7":"product_cat-medicina-y-autoayuda","9":"first","10":"instock","11":"taxable","12":"shipping-taxable","13":"purchasable","14":"product-type-simple"},"_links":{"self":[{"href":"https:\/\/www.llibreriasantjordi.cat\/es\/wp-json\/wp\/v2\/product\/2109","targetHints":{"allow":["GET"]}}],"collection":[{"href":"https:\/\/www.llibreriasantjordi.cat\/es\/wp-json\/wp\/v2\/product"}],"about":[{"href":"https:\/\/www.llibreriasantjordi.cat\/es\/wp-json\/wp\/v2\/types\/product"}],"wp:featuredmedia":[{"embeddable":true,"href":"https:\/\/www.llibreriasantjordi.cat\/es\/wp-json\/wp\/v2\/media\/1686"}],"wp:attachment":[{"href":"https:\/\/www.llibreriasantjordi.cat\/es\/wp-json\/wp\/v2\/media?parent=2109"}],"wp:term":[{"taxonomy":"product_brand","embeddable":true,"href":"https:\/\/www.llibreriasantjordi.cat\/es\/wp-json\/wp\/v2\/product_brand?post=2109"},{"taxonomy":"product_cat","embeddable":true,"href":"https:\/\/www.llibreriasantjordi.cat\/es\/wp-json\/wp\/v2\/product_cat?post=2109"},{"taxonomy":"product_tag","embeddable":true,"href":"https:\/\/www.llibreriasantjordi.cat\/es\/wp-json\/wp\/v2\/product_tag?post=2109"}],"curies":[{"name":"wp","href":"https:\/\/api.w.org\/{rel}","templated":true}]}}