{"id":2106,"date":"2025-03-18T18:33:31","date_gmt":"2025-03-18T16:33:31","guid":{"rendered":"https:\/\/www.llibreriasantjordi.cat\/?post_type=product&#038;p=2106"},"modified":"2025-05-13T20:17:26","modified_gmt":"2025-05-13T18:17:26","slug":"545-recetas-para-triunfar","status":"publish","type":"product","link":"https:\/\/www.llibreriasantjordi.cat\/es\/producte\/545-recetas-para-triunfar\/","title":{"rendered":"545 recetas para triunfar"},"content":{"rendered":"<div class=\"wpb-content-wrapper\"><p>[vc_row css_animation=\u00bb\u00bb row_type=\u00bbrow\u00bb use_row_as_full_screen_section=\u00bbno\u00bb type=\u00bbfull_width\u00bb angled_section=\u00bbno\u00bb text_align=\u00bbleft\u00bb background_image_as_pattern=\u00bbwithout_pattern\u00bb][vc_column][vc_column_text css=\u00bb\u00bb]<strong>Editorial:<\/strong> Editorial Planeta<br \/>\n<strong>ISBN:<\/strong> 9788408294467<br \/>\n<strong>Idioma:<\/strong> Castellano<br \/>\n<strong>N\u00famero de p\u00e1ginas:<\/strong> 704<br \/>\n<strong>Encuadernaci\u00f3n:<\/strong> Tapa dura<br \/>\n<strong>Fecha de publicaci\u00f3n:<\/strong> 13\/11\/2024[\/vc_column_text][\/vc_column][\/vc_row]<\/p>\n<\/div>","protected":false},"excerpt":{"rendered":"<p>El nuevo libro de Karlos Argui\u00f1ano llega fiel a la cita para inspirar los men\u00fas y la alimentaci\u00f3n de todo el a\u00f1o.<\/p>\n<p>&nbsp;<\/p>\n<p>El m\u00e1s veterano, popular y querido de los cocineros de la tele vuelve a sorprender con un libro que ya es de referencia en la bibliograf\u00eda culinaria. Karlos Argui\u00f1ano ha querido volcar aqu\u00ed su ingenio para realizar recetas asequibles a todos los niveles, con productos f\u00e1ciles de conseguir y que aseguran el triunfo en la cocina. Porque, para Karlos, cocinar es un placer cuya recompensa es la alegr\u00eda de compartir y la promesa de la buena salud.<\/p>\n<p>&nbsp;<\/p>\n<p>Como es marca de la casa, en estas p\u00e1ginas hay inspiraci\u00f3n para entrantes, ensaladas, huevos, platos de cuchara, arroces, masas, carnes, pescados, postres y mucho m\u00e1s. Todo ello hasta completar 545 recetas para inspirarse en el d\u00eda a d\u00eda con la seguridad de que siempre salen bien, en una edici\u00f3n a color, con fotos, consejos infalibles y mucha claridad en la explicaci\u00f3n de los procesos.<\/p>\n<p>&nbsp;<\/p>\n<p>Sin duda, el nuevo n\u00famero uno de los t\u00edtulos m\u00e1s vendidos en Navidad. <a class=\"continue\" href=\"https:\/\/www.llibreriasantjordi.cat\/es\/producte\/545-recetas-para-triunfar\/\">CONTINUAR >><span> 545 recetas para triunfar<\/span><\/a><\/p>\n","protected":false},"featured_media":1653,"template":"","meta":{"_joinchat":[]},"product_brand":[],"product_cat":[172,175],"product_tag":[272],"class_list":{"0":"post-2106","1":"product","2":"type-product","3":"status-publish","4":"has-post-thumbnail","6":"product_cat-castellano","7":"product_cat-cocina-y-vida-saludable","8":"product_tag-karlos-arguinano-es","10":"first","11":"instock","12":"taxable","13":"shipping-taxable","14":"purchasable","15":"product-type-simple"},"_links":{"self":[{"href":"https:\/\/www.llibreriasantjordi.cat\/es\/wp-json\/wp\/v2\/product\/2106","targetHints":{"allow":["GET"]}}],"collection":[{"href":"https:\/\/www.llibreriasantjordi.cat\/es\/wp-json\/wp\/v2\/product"}],"about":[{"href":"https:\/\/www.llibreriasantjordi.cat\/es\/wp-json\/wp\/v2\/types\/product"}],"wp:featuredmedia":[{"embeddable":true,"href":"https:\/\/www.llibreriasantjordi.cat\/es\/wp-json\/wp\/v2\/media\/1653"}],"wp:attachment":[{"href":"https:\/\/www.llibreriasantjordi.cat\/es\/wp-json\/wp\/v2\/media?parent=2106"}],"wp:term":[{"taxonomy":"product_brand","embeddable":true,"href":"https:\/\/www.llibreriasantjordi.cat\/es\/wp-json\/wp\/v2\/product_brand?post=2106"},{"taxonomy":"product_cat","embeddable":true,"href":"https:\/\/www.llibreriasantjordi.cat\/es\/wp-json\/wp\/v2\/product_cat?post=2106"},{"taxonomy":"product_tag","embeddable":true,"href":"https:\/\/www.llibreriasantjordi.cat\/es\/wp-json\/wp\/v2\/product_tag?post=2106"}],"curies":[{"name":"wp","href":"https:\/\/api.w.org\/{rel}","templated":true}]}}