{"id":2104,"date":"2025-03-18T18:45:45","date_gmt":"2025-03-18T16:45:45","guid":{"rendered":"https:\/\/www.llibreriasantjordi.cat\/?post_type=product&#038;p=2104"},"modified":"2025-05-14T16:08:56","modified_gmt":"2025-05-14T14:08:56","slug":"habitos-atomicos","status":"publish","type":"product","link":"https:\/\/www.llibreriasantjordi.cat\/es\/producte\/habitos-atomicos\/","title":{"rendered":"H\u00e1bitos at\u00f3micos"},"content":{"rendered":"<div class=\"wpb-content-wrapper\"><p>[vc_row css_animation=\u00bb\u00bb row_type=\u00bbrow\u00bb use_row_as_full_screen_section=\u00bbno\u00bb type=\u00bbfull_width\u00bb angled_section=\u00bbno\u00bb text_align=\u00bbleft\u00bb background_image_as_pattern=\u00bbwithout_pattern\u00bb][vc_column][vc_column_text css=\u00bb\u00bb]<strong>Editorial:<\/strong> Diana Editorial<br \/>\n<strong>ISBN:<\/strong> 9788418118036<br \/>\n<strong>Idioma:<\/strong> Catal\u00e1n<br \/>\n<strong>N\u00famero de p\u00e1ginas:<\/strong> 336<br \/>\n<strong>Encuadernaci\u00f3n:<\/strong> Tapa blanda<br \/>\n<strong>Fecha de publicaci\u00f3n:<\/strong> 08\/09\/2020[\/vc_column_text][\/vc_column][\/vc_row]<\/p>\n<\/div>","protected":false},"excerpt":{"rendered":"<p>M\u00e1s de 4 millones de ejemplares vendidos en todo el mundo. Un libro fascinante que cambiar\u00e1 la forma en que vivimos nuestro d\u00eda a d\u00eda.<\/p>\n<p>&nbsp;<\/p>\n<p>\u00abSumamente pr\u00e1ctico y \u00fatil.\u00bb MARK MANSON, autor de El sutil arte que (casi todo) te importe una mierda<\/p>\n<p>&nbsp;<\/p>\n<p>\u00abPaso a paso, cambiar\u00e1 tu rutina.\u00bb Financial Times<\/p>\n<p>&nbsp;<\/p>\n<p>A menudo pensamos que para cambiar de vida debemos pensar en hacer cambios grandes. Nada m\u00e1s lejos de la realidad. Seg\u00fan el reconocido experto en h\u00e1bitos James Clear, el cambio real proviene del resultado de cientos de peque\u00f1as decisiones: realizar dos flexiones al d\u00eda, levantarse cinco minutos antes o realizar una llamada telef\u00f3nica corta.<\/p>\n<p>&nbsp;<\/p>\n<p>Clear llama a estas decisiones \u201ch\u00e1bitos at\u00f3micos\u201d: tan peque\u00f1os como una part\u00edcula, pero tan poderosos como un tsunami. En este libro innovador nos revela exactamente c\u00f3mo estos cambios min\u00fasculos pueden crecer hasta cambiar nuestra carrera profesional, nuestras relaciones y todos los aspectos de nuestra vida.<\/p>\n<p>&nbsp;<\/p>\n<p>\u00abDe mis libros favoritos de todos los tiempos.\u00bb ARIANNA HUFFINGTON, fundadora de The Huffington Post<\/p>\n<p>&nbsp;<\/p>\n<p>Un discurso que se apoya en bases cient\u00edficas, manual de instrucciones para implantar cambios a nuestro favor. IMA SANCH\u00cdS, La Vanguardia<\/p>\n<p>&nbsp;<\/p>\n<p>\u00abTe har\u00e1s fan.\u00bb CECILIA M\u00daZQUIZ, directora de Cosmopolitan<\/p>\n<p>&nbsp;<\/p>\n<p>\u00abDemuestra que cualquier hito est\u00e1 al alcance de la mano, siempre que comencemos desde lo m\u00e1s simple.\u00bb ABC Bienestar<\/p>\n<p>&nbsp;<\/p>\n<p>\u00abProfundiza en todos aquellos aspectos necesarios para llevar una vida ordenada, productiva y orientada a disfrutar de los procesos, no s\u00f3lo de los resultados.\u00bb Chataka <a class=\"continue\" href=\"https:\/\/www.llibreriasantjordi.cat\/es\/producte\/habitos-atomicos\/\">CONTINUAR >><span> H\u00e1bitos at\u00f3micos<\/span><\/a><\/p>\n","protected":false},"featured_media":1705,"template":"","meta":{"_joinchat":[]},"product_brand":[],"product_cat":[172,186],"product_tag":[271],"class_list":{"0":"post-2104","1":"product","2":"type-product","3":"status-publish","4":"has-post-thumbnail","6":"product_cat-castellano","7":"product_cat-medicina-y-autoayuda","8":"product_tag-james-clear-es","10":"first","11":"instock","12":"taxable","13":"shipping-taxable","14":"purchasable","15":"product-type-simple"},"_links":{"self":[{"href":"https:\/\/www.llibreriasantjordi.cat\/es\/wp-json\/wp\/v2\/product\/2104","targetHints":{"allow":["GET"]}}],"collection":[{"href":"https:\/\/www.llibreriasantjordi.cat\/es\/wp-json\/wp\/v2\/product"}],"about":[{"href":"https:\/\/www.llibreriasantjordi.cat\/es\/wp-json\/wp\/v2\/types\/product"}],"wp:featuredmedia":[{"embeddable":true,"href":"https:\/\/www.llibreriasantjordi.cat\/es\/wp-json\/wp\/v2\/media\/1705"}],"wp:attachment":[{"href":"https:\/\/www.llibreriasantjordi.cat\/es\/wp-json\/wp\/v2\/media?parent=2104"}],"wp:term":[{"taxonomy":"product_brand","embeddable":true,"href":"https:\/\/www.llibreriasantjordi.cat\/es\/wp-json\/wp\/v2\/product_brand?post=2104"},{"taxonomy":"product_cat","embeddable":true,"href":"https:\/\/www.llibreriasantjordi.cat\/es\/wp-json\/wp\/v2\/product_cat?post=2104"},{"taxonomy":"product_tag","embeddable":true,"href":"https:\/\/www.llibreriasantjordi.cat\/es\/wp-json\/wp\/v2\/product_tag?post=2104"}],"curies":[{"name":"wp","href":"https:\/\/api.w.org\/{rel}","templated":true}]}}