{"id":2102,"date":"2025-03-18T18:49:24","date_gmt":"2025-03-18T16:49:24","guid":{"rendered":"https:\/\/www.llibreriasantjordi.cat\/?post_type=product&#038;p=2102"},"modified":"2025-05-14T16:08:48","modified_gmt":"2025-05-14T14:08:48","slug":"habits-atomics","status":"publish","type":"product","link":"https:\/\/www.llibreriasantjordi.cat\/es\/producte\/habits-atomics\/","title":{"rendered":"H\u00e0bits at\u00f2mics"},"content":{"rendered":"<div class=\"wpb-content-wrapper\"><p>[vc_row css_animation=\u00bb\u00bb row_type=\u00bbrow\u00bb use_row_as_full_screen_section=\u00bbno\u00bb type=\u00bbfull_width\u00bb angled_section=\u00bbno\u00bb text_align=\u00bbleft\u00bb background_image_as_pattern=\u00bbwithout_pattern\u00bb][vc_column][vc_column_text css=\u00bb\u00bb]<strong>Editorial:<\/strong> Ahora Libros<br \/>\n<strong>ISBN:<\/strong> 9788418928710<br \/>\n<strong>Idioma:<\/strong> Catal\u00e1n<br \/>\n<strong>N\u00famero de p\u00e1ginas:<\/strong> 320<br \/>\n<strong>Encuadernaci\u00f3n:<\/strong> Tapa blanda<br \/>\n<strong>Fecha de publicaci\u00f3n:<\/strong> 03\/10\/2022[\/vc_column_text][\/vc_column][\/vc_row]<\/p>\n<\/div>","protected":false},"excerpt":{"rendered":"<p>Transforma tu vida haciendo peque\u00f1os cambios en su comportamiento. Empieza ahora. Muchas veces pensamos que para cambiar nuestro estilo de vida debemos realizar grandes cambios, pero el experto internacional en h\u00e1bitos James Clear tiene claro que no es as\u00ed. El cambio real proviene del resultado de cientos de peque\u00f1as decisiones: levantarse cinco minutos antes, preparar la ropa para deporte o escribir una frase al d\u00eda. Esto es lo que Clear llama h\u00e1bitos at\u00f3micos. Este libro revelador explica exactamente c\u00f3mo estas min\u00fasculas decisiones pueden convertirse en grandes cambios vitales. El autor nos propone una serie de trucos para hacerlo posible y nos aporta la base psicol\u00f3gica y cient\u00edfica que refuerza su m\u00e9todo. Cambios peque\u00f1os, tan peque\u00f1os como una part\u00edcula. <a class=\"continue\" href=\"https:\/\/www.llibreriasantjordi.cat\/es\/producte\/habits-atomics\/\">CONTINUAR >><span> H\u00e0bits at\u00f2mics<\/span><\/a><\/p>\n","protected":false},"featured_media":1704,"template":"","meta":{"_joinchat":[]},"product_brand":[],"product_cat":[173,186],"product_tag":[271],"class_list":{"0":"post-2102","1":"product","2":"type-product","3":"status-publish","4":"has-post-thumbnail","6":"product_cat-catalan","7":"product_cat-medicina-y-autoayuda","8":"product_tag-james-clear-es","10":"first","11":"instock","12":"taxable","13":"shipping-taxable","14":"purchasable","15":"product-type-simple"},"_links":{"self":[{"href":"https:\/\/www.llibreriasantjordi.cat\/es\/wp-json\/wp\/v2\/product\/2102","targetHints":{"allow":["GET"]}}],"collection":[{"href":"https:\/\/www.llibreriasantjordi.cat\/es\/wp-json\/wp\/v2\/product"}],"about":[{"href":"https:\/\/www.llibreriasantjordi.cat\/es\/wp-json\/wp\/v2\/types\/product"}],"wp:featuredmedia":[{"embeddable":true,"href":"https:\/\/www.llibreriasantjordi.cat\/es\/wp-json\/wp\/v2\/media\/1704"}],"wp:attachment":[{"href":"https:\/\/www.llibreriasantjordi.cat\/es\/wp-json\/wp\/v2\/media?parent=2102"}],"wp:term":[{"taxonomy":"product_brand","embeddable":true,"href":"https:\/\/www.llibreriasantjordi.cat\/es\/wp-json\/wp\/v2\/product_brand?post=2102"},{"taxonomy":"product_cat","embeddable":true,"href":"https:\/\/www.llibreriasantjordi.cat\/es\/wp-json\/wp\/v2\/product_cat?post=2102"},{"taxonomy":"product_tag","embeddable":true,"href":"https:\/\/www.llibreriasantjordi.cat\/es\/wp-json\/wp\/v2\/product_tag?post=2102"}],"curies":[{"name":"wp","href":"https:\/\/api.w.org\/{rel}","templated":true}]}}