{"id":2098,"date":"2025-03-18T18:55:04","date_gmt":"2025-03-18T16:55:04","guid":{"rendered":"https:\/\/www.llibreriasantjordi.cat\/?post_type=product&#038;p=2098"},"modified":"2025-05-13T20:13:25","modified_gmt":"2025-05-13T18:13:25","slug":"encuentra-tu-persona-vitamina","status":"publish","type":"product","link":"https:\/\/www.llibreriasantjordi.cat\/es\/producte\/encuentra-tu-persona-vitamina\/","title":{"rendered":"Encuentra tu persona vitamina"},"content":{"rendered":"<div class=\"wpb-content-wrapper\"><p>[vc_row css_animation=\u00bb\u00bb row_type=\u00bbrow\u00bb use_row_as_full_screen_section=\u00bbno\u00bb type=\u00bbfull_width\u00bb angled_section=\u00bbno\u00bb text_align=\u00bbleft\u00bb background_image_as_pattern=\u00bbwithout_pattern\u00bb][vc_column][vc_column_text css=\u00bb\u00bb]<strong>Editorial:<\/strong> Espada<br \/>\n<strong>ISBN:<\/strong> 9788467062212<br \/>\n<strong>Idioma:<\/strong> Castellano<br \/>\n<strong>N\u00famero de p\u00e1ginas:<\/strong> 328<br \/>\n<strong>Encuadernaci\u00f3n:<\/strong> Tapa blanda<br \/>\n<strong>Fecha de publicaci\u00f3n:<\/strong> 25\/08\/2021[\/vc_column_text][\/vc_column][\/vc_row]<\/p>\n<\/div>","protected":false},"excerpt":{"rendered":"<p>Por la autora del bestseller C\u00f3mo hacer que le pasen cosas buenas con 350.000 ejemplares vendidos.<\/p>\n<p>&nbsp;<\/p>\n<p><i>\u00bfPor qu\u00e9 hay personas que nos hacen sufrir tanto y otras que nos generan confianza y cuya sola presencia nos reconforta? \u00bfPor qu\u00e9 hay gente que tiene tendencia a establecer complicadas y dolorosas relaciones? \u00bfQueremos c\u00f3mo nos amaron? \u00bfHay algo bioqu\u00edmico detr\u00e1s de la confianza, el apego y el amor? \u00bfC\u00f3mo acertar a la hora de elegir pareja?<\/i><\/p>\n<p>&nbsp;<\/p>\n<p>Estamos dise\u00f1ados para vivir en familia y sociedad, relacionarnos y querernos. Nuestra felicidad depender\u00e1 en gran medida de la capacidad que tengamos para mantener buenas relaciones con quienes nos rodean. Muchos, hoy en d\u00eda, arrastramos heridas emocionales que nos impiden conectar de manera sana con el entorno.<i>Encuentra a tu persona vitamina<\/i>\u00a0te ayudar\u00e1 a comprender el enlace con los padres, los hijos, la pareja, los amigos y los compa\u00f1eros de trabajo a la vez que entiendes tu historia emocional. Porque cuando uno se comprende, se siente aliviado.<\/p>\n<p>&nbsp;<\/p>\n<p>La doctora Marian Rojas Estap\u00e9 te acerca al apego, la infancia y el amor desde un punto de vista cient\u00edfico, psicol\u00f3gico y humano, y te habla de una hormona fundamental, la oxitocina.<\/p>\n<p>&nbsp;<\/p>\n<p>Un libro que te impulsa a encontrar personas vitamina, esas que sacan lo mejor de ti, te inspiran, te apoyan y mejoran tu sistema inmune. <a class=\"continue\" href=\"https:\/\/www.llibreriasantjordi.cat\/es\/producte\/encuentra-tu-persona-vitamina\/\">CONTINUAR >><span> Encuentra tu persona vitamina<\/span><\/a><\/p>\n","protected":false},"featured_media":1715,"template":"","meta":{"_joinchat":[]},"product_brand":[],"product_cat":[172,186],"product_tag":[270],"class_list":{"0":"post-2098","1":"product","2":"type-product","3":"status-publish","4":"has-post-thumbnail","6":"product_cat-castellano","7":"product_cat-medicina-y-autoayuda","8":"product_tag-marian-rojas-estape-es","10":"first","11":"instock","12":"taxable","13":"shipping-taxable","14":"purchasable","15":"product-type-simple"},"_links":{"self":[{"href":"https:\/\/www.llibreriasantjordi.cat\/es\/wp-json\/wp\/v2\/product\/2098","targetHints":{"allow":["GET"]}}],"collection":[{"href":"https:\/\/www.llibreriasantjordi.cat\/es\/wp-json\/wp\/v2\/product"}],"about":[{"href":"https:\/\/www.llibreriasantjordi.cat\/es\/wp-json\/wp\/v2\/types\/product"}],"wp:featuredmedia":[{"embeddable":true,"href":"https:\/\/www.llibreriasantjordi.cat\/es\/wp-json\/wp\/v2\/media\/1715"}],"wp:attachment":[{"href":"https:\/\/www.llibreriasantjordi.cat\/es\/wp-json\/wp\/v2\/media?parent=2098"}],"wp:term":[{"taxonomy":"product_brand","embeddable":true,"href":"https:\/\/www.llibreriasantjordi.cat\/es\/wp-json\/wp\/v2\/product_brand?post=2098"},{"taxonomy":"product_cat","embeddable":true,"href":"https:\/\/www.llibreriasantjordi.cat\/es\/wp-json\/wp\/v2\/product_cat?post=2098"},{"taxonomy":"product_tag","embeddable":true,"href":"https:\/\/www.llibreriasantjordi.cat\/es\/wp-json\/wp\/v2\/product_tag?post=2098"}],"curies":[{"name":"wp","href":"https:\/\/api.w.org\/{rel}","templated":true}]}}