{"id":2096,"date":"2025-03-18T19:27:43","date_gmt":"2025-03-18T17:27:43","guid":{"rendered":"https:\/\/www.llibreriasantjordi.cat\/?post_type=product&#038;p=2096"},"modified":"2025-05-13T20:11:41","modified_gmt":"2025-05-13T18:11:41","slug":"la-mala-costumbre","status":"publish","type":"product","link":"https:\/\/www.llibreriasantjordi.cat\/es\/producte\/la-mala-costumbre\/","title":{"rendered":"La mala costumbre"},"content":{"rendered":"<div class=\"wpb-content-wrapper\"><p>[vc_row css_animation=\u00bb\u00bb row_type=\u00bbrow\u00bb use_row_as_full_screen_section=\u00bbno\u00bb type=\u00bbfull_width\u00bb angled_section=\u00bbno\u00bb text_align=\u00bbleft\u00bb background_image_as_pattern=\u00bbwithout_pattern\u00bb][vc_column][vc_column_text css=\u00bb\u00bb]<strong>Editorial:<\/strong> Seix Barral<br \/>\n<strong>ISBN:<\/strong> 9788432242120<br \/>\n<strong>Idioma:<\/strong> Castellano<br \/>\n<strong>N\u00famero de p\u00e1ginas:<\/strong> 256<br \/>\n<strong>Encuadernaci\u00f3n:<\/strong> Tapa blanda<br \/>\n<strong>Fecha de publicaci\u00f3n:<\/strong> 03\/05\/2023[\/vc_column_text][\/vc_column][\/vc_row]<\/p>\n<\/div>","protected":false},"excerpt":{"rendered":"<p>El desgarrador viaje vital de una ni\u00f1a atrapada en un cuerpo que no sabe habitar. Una novela deslumbrante que no se asemeja a nada que hayas le\u00eddo. Un fen\u00f3meno literario internacional antes de su publicaci\u00f3n.<\/p>\n<p>&nbsp;<\/p>\n<p>Narrada desde una singular y desgarradora voz en primera persona, La mala costumbre recorre la adolescencia de una ni\u00f1a atrapada en un cuerpo que no sabe habitar, que intenta comprenderse a s\u00ed misma y el mundo en el que vive, desde su infancia en una familia de clase obrera en el barrio de Sant Blai, arrasado por la hero\u00edna en los a\u00f1os ochenta. Como en una versi\u00f3n bastarda del viaje del h\u00e9roe, yonquis, divas pop y \u00e1ngeles ca\u00eddos le acompa\u00f1an en un viaje vital en el que, al final, ser\u00e1n otras mujeres las que ayuden a superar la violencia que encuentra a cada paso. La mala costumbre es una novela cruda y feroz, pero tambi\u00e9n po\u00e9tica y conmovedora, en la que los extremos se tocan para mostrarnos por qu\u00e9 el resentimiento y la rabia contra el sistema son completamente v\u00e1lidos para sobrevivir en una sociedad que no acepta los distintos. Ficci\u00f3n con esta deslumbrante novela que se ha convertido en un fen\u00f3meno editorial internacional antes de su publicaci\u00f3n. <a class=\"continue\" href=\"https:\/\/www.llibreriasantjordi.cat\/es\/producte\/la-mala-costumbre\/\">CONTINUAR >><span> La mala costumbre<\/span><\/a><\/p>\n","protected":false},"featured_media":1694,"template":"","meta":{"_joinchat":[]},"product_brand":[],"product_cat":[172,182],"product_tag":[269],"class_list":{"0":"post-2096","1":"product","2":"type-product","3":"status-publish","4":"has-post-thumbnail","6":"product_cat-castellano","7":"product_cat-ficcion","8":"product_tag-alana-s-portero-es","10":"first","11":"instock","12":"taxable","13":"shipping-taxable","14":"purchasable","15":"product-type-simple"},"_links":{"self":[{"href":"https:\/\/www.llibreriasantjordi.cat\/es\/wp-json\/wp\/v2\/product\/2096","targetHints":{"allow":["GET"]}}],"collection":[{"href":"https:\/\/www.llibreriasantjordi.cat\/es\/wp-json\/wp\/v2\/product"}],"about":[{"href":"https:\/\/www.llibreriasantjordi.cat\/es\/wp-json\/wp\/v2\/types\/product"}],"wp:featuredmedia":[{"embeddable":true,"href":"https:\/\/www.llibreriasantjordi.cat\/es\/wp-json\/wp\/v2\/media\/1694"}],"wp:attachment":[{"href":"https:\/\/www.llibreriasantjordi.cat\/es\/wp-json\/wp\/v2\/media?parent=2096"}],"wp:term":[{"taxonomy":"product_brand","embeddable":true,"href":"https:\/\/www.llibreriasantjordi.cat\/es\/wp-json\/wp\/v2\/product_brand?post=2096"},{"taxonomy":"product_cat","embeddable":true,"href":"https:\/\/www.llibreriasantjordi.cat\/es\/wp-json\/wp\/v2\/product_cat?post=2096"},{"taxonomy":"product_tag","embeddable":true,"href":"https:\/\/www.llibreriasantjordi.cat\/es\/wp-json\/wp\/v2\/product_tag?post=2096"}],"curies":[{"name":"wp","href":"https:\/\/api.w.org\/{rel}","templated":true}]}}