{"id":2095,"date":"2025-03-18T19:32:51","date_gmt":"2025-03-18T17:32:51","guid":{"rendered":"https:\/\/www.llibreriasantjordi.cat\/?post_type=product&#038;p=2095"},"modified":"2025-05-13T20:10:20","modified_gmt":"2025-05-13T18:10:20","slug":"el-clan-inspectora-elena-blanco-5","status":"publish","type":"product","link":"https:\/\/www.llibreriasantjordi.cat\/es\/producte\/el-clan-inspectora-elena-blanco-5\/","title":{"rendered":"El clan &#8211; Inspectora Elena Blanco 5"},"content":{"rendered":"<div class=\"wpb-content-wrapper\"><p>[vc_row css_animation=\u00bb\u00bb row_type=\u00bbrow\u00bb use_row_as_full_screen_section=\u00bbno\u00bb type=\u00bbfull_width\u00bb angled_section=\u00bbno\u00bb text_align=\u00bbleft\u00bb background_image_as_pattern=\u00bbwithout_pattern\u00bb][vc_column][vc_column_text css=\u00bb\u00bb]<strong>Editorial:<\/strong> Editorial Planeta<br \/>\n<strong>ISBN:<\/strong> 9788408291268<br \/>\n<strong>Idioma:<\/strong> Castellano<br \/>\n<strong>N\u00famero de p\u00e1ginas:<\/strong> 456<br \/>\n<strong>Encuadernaci\u00f3n:<\/strong> Tapa blanda<br \/>\n<strong>Fecha de publicaci\u00f3n:<\/strong> 10\/09\/2024[\/vc_column_text][\/vc_column][\/vc_row]<\/p>\n<\/div>","protected":false},"excerpt":{"rendered":"<p>Magn\u00edfica, brutal y enormemente adictiva, Carmen Mola se supera en el esperado desenlace de la serie Inspectora Elena Blanco.<\/p>\n<p>&nbsp;<\/p>\n<p><i>Cuando morir no importa, todo est\u00e1 permitido<\/i>. Elena Blanco, inspectora de la Brigada de An\u00e1lisis de Casos (BAC) se enfrenta al peor enemigo, una poderosa organizaci\u00f3n integrada por personalidades del mundo de la empresa, la pol\u00edtica, la judicatura y la polic\u00eda. El Clan. Enfrentarse es acabar muerto. Sin embargo, el BAC afronta el desaf\u00edo. Pero cuando Elena recibe unas im\u00e1genes en las que Z\u00e1rate aparece extendido sobre un charco de sangre, comete un error imperdonable. Con la inspectora en busca y captura, acusada del asesinato de un polic\u00eda, y Z\u00e1rate desaparecido, Mariajo, Reyes, Ordu\u00f1o y Buend\u00eda hacen la guerra por su cuenta. La llegada de una nueva inspectora en sustituci\u00f3n de Elena empeora la situaci\u00f3n: parece enviada por Clan con la misi\u00f3n de acabar con el BAC y llevar a Blanco a la c\u00e1rcel. Sin embargo, el hallazgo de unos cad\u00e1veres que han sido eviscerados lleva a la investigaci\u00f3n de Elena a cruzar todos los l\u00edmites para salvar a su Brigada y encontrar a Z\u00e1rate, sin saber si est\u00e1 vivo o muerto. Es el principio del fin del BAC. Ninguno de sus miembros se hab\u00eda enfrentado a un asesino tan despiadado como Clan. <a class=\"continue\" href=\"https:\/\/www.llibreriasantjordi.cat\/es\/producte\/el-clan-inspectora-elena-blanco-5\/\">CONTINUAR >><span> El clan &#8211; Inspectora Elena Blanco 5<\/span><\/a><\/p>\n","protected":false},"featured_media":1726,"template":"","meta":{"_joinchat":[]},"product_brand":[],"product_cat":[172,182],"product_tag":[268],"class_list":{"0":"post-2095","1":"product","2":"type-product","3":"status-publish","4":"has-post-thumbnail","6":"product_cat-castellano","7":"product_cat-ficcion","8":"product_tag-carmen-mola-es","10":"first","11":"instock","12":"taxable","13":"shipping-taxable","14":"purchasable","15":"product-type-simple"},"_links":{"self":[{"href":"https:\/\/www.llibreriasantjordi.cat\/es\/wp-json\/wp\/v2\/product\/2095","targetHints":{"allow":["GET"]}}],"collection":[{"href":"https:\/\/www.llibreriasantjordi.cat\/es\/wp-json\/wp\/v2\/product"}],"about":[{"href":"https:\/\/www.llibreriasantjordi.cat\/es\/wp-json\/wp\/v2\/types\/product"}],"wp:featuredmedia":[{"embeddable":true,"href":"https:\/\/www.llibreriasantjordi.cat\/es\/wp-json\/wp\/v2\/media\/1726"}],"wp:attachment":[{"href":"https:\/\/www.llibreriasantjordi.cat\/es\/wp-json\/wp\/v2\/media?parent=2095"}],"wp:term":[{"taxonomy":"product_brand","embeddable":true,"href":"https:\/\/www.llibreriasantjordi.cat\/es\/wp-json\/wp\/v2\/product_brand?post=2095"},{"taxonomy":"product_cat","embeddable":true,"href":"https:\/\/www.llibreriasantjordi.cat\/es\/wp-json\/wp\/v2\/product_cat?post=2095"},{"taxonomy":"product_tag","embeddable":true,"href":"https:\/\/www.llibreriasantjordi.cat\/es\/wp-json\/wp\/v2\/product_tag?post=2095"}],"curies":[{"name":"wp","href":"https:\/\/api.w.org\/{rel}","templated":true}]}}