{"id":2094,"date":"2025-03-18T19:36:43","date_gmt":"2025-03-18T17:36:43","guid":{"rendered":"https:\/\/www.llibreriasantjordi.cat\/?post_type=product&#038;p=2094"},"modified":"2025-05-13T20:08:03","modified_gmt":"2025-05-13T18:08:03","slug":"en-el-amor-y-en-la-guerra-la-catedral-del-mar-3","status":"publish","type":"product","link":"https:\/\/www.llibreriasantjordi.cat\/es\/producte\/en-el-amor-y-en-la-guerra-la-catedral-del-mar-3\/","title":{"rendered":"En el amor y en la guerra (la Catedral del Mar 3)"},"content":{"rendered":"<div class=\"wpb-content-wrapper\"><p>[vc_row css_animation=\u00bb\u00bb row_type=\u00bbrow\u00bb use_row_as_full_screen_section=\u00bbno\u00bb type=\u00bbfull_width\u00bb angled_section=\u00bbno\u00bb text_align=\u00bbleft\u00bb background_image_as_pattern=\u00bbwithout_pattern\u00bb][vc_column][vc_column_text css=\u00bb\u00bb]<strong>Editorial:<\/strong> Grijalbo<br \/>\n<strong>ISBN:<\/strong> 9788425369575<br \/>\n<strong>Idioma:<\/strong> Castellano<br \/>\n<strong>N\u00famero de p\u00e1ginas:<\/strong> 768<br \/>\n<strong>Encuadernaci\u00f3n:<\/strong> Tapa dura<br \/>\n<strong>Fecha de publicaci\u00f3n:<\/strong> 18\/02\/2025[\/vc_column_text][\/vc_column][\/vc_row]<\/p>\n<\/div>","protected":false},"excerpt":{"rendered":"<p>Vuelve Ildefonso Falcones con su novela m\u00e1s esperada.<\/p>\n<p>&nbsp;<\/p>\n<p>Vuelve la emoci\u00f3n de la mejor literatura.<\/p>\n<p>&nbsp;<\/p>\n<p>Vuelve la saga de\u00a0<i>La catedral del mar<\/i>.<\/p>\n<p>&nbsp;<\/p>\n<p>11 millones de ejemplares vendidos.<\/p>\n<p>&nbsp;<\/p>\n<p>Veinte a\u00f1os despu\u00e9s del abrumador \u00e9xito de <i>La catedral del mar<\/i>, Ildefonso Falcones presenta la nueva entrega de la saga de novela hist\u00f3rica m\u00e1s le\u00edda de nuestro tiempo.<\/p>\n<p>&nbsp;<\/p>\n<p>UN MUNDO A PUNTO DE CAMBIAR POR SIEMPRE. UN HOMBRE MARCADO POR LA FUERZA DE SU linaje. UNA HISTORIA DE AMOR, LEYALTAD Y Venganza.<\/p>\n<p>&nbsp;<\/p>\n<p>En el 2006, un desconocido entonces Ildefonso Falcones protagoniz\u00f3 el mayor fen\u00f3meno editorial de la novela hist\u00f3rica en Espa\u00f1a con su obra maestra,\u00a0<i>La catedral del mar<\/i>. Diez a\u00f1os despu\u00e9s, llegaba a manos de los lectores su apasionante continuaci\u00f3n,\u00a0<i>Los herederos de la tierra<\/i>, que volvi\u00f3 a batir r\u00e9cords de ventas. Ahora que hace casi una d\u00e9cada m\u00e1s, Grijalbo presenta el lanzamiento de la tercera entrega de una saga imprescindible para todos los amantes de la mejor novela hist\u00f3rica.<\/p>\n<p>&nbsp;<\/p>\n<p>1442. Arnau Estanyol, nieto del protagonista de <i>La catedral del mar<\/i>, sirve con fervor al rey de Arag\u00f3n en la conquista de N\u00e1poles cuando los enemigos eternos de la familia aprovechan su ausencia para irrumpir en el palacio y atacar a su hijastra, la joven Marina, consecuente. As\u00ed arranca una novela \u00e9pica deslumbrante que recorre la segunda mitad del siglo XV, unos a\u00f1os que supusieron el fin del oscurantismo medieval y el inicio de un per\u00edodo m\u00e1s luminoso, el Renacimiento. Arnau Estanyol, descendiente de aquellos a\u00f1os oscuros, ver\u00e1 c\u00f3mo se transforma el mundo a su alrededor, c\u00f3mo cambia el arte de la guerra y c\u00f3mo el amor es capaz de transformar el coraz\u00f3n m\u00e1s endurecido. <a class=\"continue\" href=\"https:\/\/www.llibreriasantjordi.cat\/es\/producte\/en-el-amor-y-en-la-guerra-la-catedral-del-mar-3\/\">CONTINUAR >><span> En el amor y en la guerra (la Catedral del Mar 3)<\/span><\/a><\/p>\n","protected":false},"featured_media":1714,"template":"","meta":{"_joinchat":[]},"product_brand":[],"product_cat":[172,182,188],"product_tag":[267],"class_list":{"0":"post-2094","1":"product","2":"type-product","3":"status-publish","4":"has-post-thumbnail","6":"product_cat-castellano","7":"product_cat-ficcion","8":"product_cat-novedades","9":"product_tag-ildefonso-falcones-es","11":"first","12":"instock","13":"taxable","14":"shipping-taxable","15":"purchasable","16":"product-type-simple"},"_links":{"self":[{"href":"https:\/\/www.llibreriasantjordi.cat\/es\/wp-json\/wp\/v2\/product\/2094","targetHints":{"allow":["GET"]}}],"collection":[{"href":"https:\/\/www.llibreriasantjordi.cat\/es\/wp-json\/wp\/v2\/product"}],"about":[{"href":"https:\/\/www.llibreriasantjordi.cat\/es\/wp-json\/wp\/v2\/types\/product"}],"wp:featuredmedia":[{"embeddable":true,"href":"https:\/\/www.llibreriasantjordi.cat\/es\/wp-json\/wp\/v2\/media\/1714"}],"wp:attachment":[{"href":"https:\/\/www.llibreriasantjordi.cat\/es\/wp-json\/wp\/v2\/media?parent=2094"}],"wp:term":[{"taxonomy":"product_brand","embeddable":true,"href":"https:\/\/www.llibreriasantjordi.cat\/es\/wp-json\/wp\/v2\/product_brand?post=2094"},{"taxonomy":"product_cat","embeddable":true,"href":"https:\/\/www.llibreriasantjordi.cat\/es\/wp-json\/wp\/v2\/product_cat?post=2094"},{"taxonomy":"product_tag","embeddable":true,"href":"https:\/\/www.llibreriasantjordi.cat\/es\/wp-json\/wp\/v2\/product_tag?post=2094"}],"curies":[{"name":"wp","href":"https:\/\/api.w.org\/{rel}","templated":true}]}}