{"id":2090,"date":"2025-03-18T19:54:56","date_gmt":"2025-03-18T17:54:56","guid":{"rendered":"https:\/\/www.llibreriasantjordi.cat\/?post_type=product&#038;p=2090"},"modified":"2025-05-14T16:08:07","modified_gmt":"2025-05-14T14:08:07","slug":"el-nen-que-va-perdre-la-guerra","status":"publish","type":"product","link":"https:\/\/www.llibreriasantjordi.cat\/es\/producte\/el-nen-que-va-perdre-la-guerra\/","title":{"rendered":"El nen que va perdre la guerra"},"content":{"rendered":"<div class=\"wpb-content-wrapper\"><p>[vc_row css_animation=\u00bb\u00bb row_type=\u00bbrow\u00bb use_row_as_full_screen_section=\u00bbno\u00bb type=\u00bbfull_width\u00bb angled_section=\u00bbno\u00bb text_align=\u00bbleft\u00bb background_image_as_pattern=\u00bbwithout_pattern\u00bb][vc_column][vc_column_text css=\u00bb\u00bb]<strong>Editorial:<\/strong> Rosa dels Vents<br \/>\n<strong>ISBN:<\/strong> 9788419259141<br \/>\n<strong>Idioma:<\/strong> Catal\u00e1n<br \/>\n<strong>N\u00famero de p\u00e1ginas:<\/strong> 640<br \/>\n<strong>Encuadernaci\u00f3n:<\/strong> Tapa dura<br \/>\n<strong>Fecha de publicaci\u00f3n:<\/strong> 05\/09\/2024[\/vc_column_text][\/vc_column][\/vc_row]<\/p>\n<\/div>","protected":false},"excerpt":{"rendered":"<p>Un ni\u00f1o. Dos pa\u00edses. Dos ideolog\u00edas.<\/p>\n<p>&nbsp;<\/p>\n<p>Una novela emocionante y ambiciosa sobre la identidad y el poder imparable de la cultura que nos muestra que, incluso en los rincones m\u00e1s oscuros de la historia, la vida se abre paso.<\/p>\n<p>&nbsp;<\/p>\n<p>Madrid, invierno de 1938<\/p>\n<p>Clotilde, una artista gr\u00e1fica que dibuja caricaturas para diarios republicanos, vive en Madrid en los \u00faltimos meses de la Jarra Civil. La ca\u00edda de la Rep\u00fablica es inminente, y su marido, militante comunista que trabaja por los sovi\u00e9ticos, decide enviar a Mosc\u00fa a su hijo Pablo, de apenas cinco a\u00f1os, en contra de su voluntad. Clotilde se resiste con todas sus fuerzas, pero no logra evitar que el comandante Boris Petrov emprenda un arriesgado viaje por una Espa\u00f1a en llamas para cumplir con el deseo de su camarada de llevar al Pablo a la Uni\u00f3n Sovi\u00e9tica, donde Stalin est\u00e1 levantando un nuevo pa\u00eds sobre las ruinas del antiguo r\u00e9gimen.<\/p>\n<p>&nbsp;<\/p>\n<p>Mosc\u00fa, primavera de 1939<\/p>\n<p>All\u00ed es recibido por su nueva familia, que, conmovida por el tr\u00e1gico exilio, acoge con los brazos abiertos al ni\u00f1o, exhausto y enfermo. Ania no duda en cuidarle como si fuera su propio hijo, sin hacer distinciones con Igor, su hermano de adopci\u00f3n. Hija y esposa de dos orgullosos h\u00e9roes de la Revoluci\u00f3n -su padre luch\u00f3 junto a Lenin, su marido a las \u00f3rdenes de Stalin, Ania adora la poes\u00eda y la m\u00fasica, aficiones sospechosas y burguesas a los ojos del poder. Mientras sus ilusiones naufragan en el ambiente cada vez m\u00e1s opresivo del terror estalinista, su esp\u00edritu se rebela contra la injusticia, la miseria, la ausencia de libertad y el gulag.<\/p>\n<p>&nbsp;<\/p>\n<p>Pablo crece entre el recuerdo cada vez m\u00e1s tenue de su madre, que no deja de intentar recuperarlo, y el amor de Ania, que le transmite su pasi\u00f3n por la m\u00fasica, la literatura y los deseos de libertad. Dos mujeres unidas por el destino de un ni\u00f1o y confrontadas en el mismo espejo: el de las ideolog\u00edas totalitarias que imperaron en el siglo xx.<\/p>\n<p>&nbsp;<\/p>\n<p>Puede perderse una guerra, pero se puede ganar la libertad. <a class=\"continue\" href=\"https:\/\/www.llibreriasantjordi.cat\/es\/producte\/el-nen-que-va-perdre-la-guerra\/\">CONTINUAR >><span> El nen que va perdre la guerra<\/span><\/a><\/p>\n","protected":false},"featured_media":1720,"template":"","meta":{"_joinchat":[]},"product_brand":[],"product_cat":[173,182],"product_tag":[266],"class_list":{"0":"post-2090","1":"product","2":"type-product","3":"status-publish","4":"has-post-thumbnail","6":"product_cat-catalan","7":"product_cat-ficcion","8":"product_tag-julia-navarro-es","10":"first","11":"instock","12":"taxable","13":"shipping-taxable","14":"purchasable","15":"product-type-simple"},"_links":{"self":[{"href":"https:\/\/www.llibreriasantjordi.cat\/es\/wp-json\/wp\/v2\/product\/2090","targetHints":{"allow":["GET"]}}],"collection":[{"href":"https:\/\/www.llibreriasantjordi.cat\/es\/wp-json\/wp\/v2\/product"}],"about":[{"href":"https:\/\/www.llibreriasantjordi.cat\/es\/wp-json\/wp\/v2\/types\/product"}],"wp:featuredmedia":[{"embeddable":true,"href":"https:\/\/www.llibreriasantjordi.cat\/es\/wp-json\/wp\/v2\/media\/1720"}],"wp:attachment":[{"href":"https:\/\/www.llibreriasantjordi.cat\/es\/wp-json\/wp\/v2\/media?parent=2090"}],"wp:term":[{"taxonomy":"product_brand","embeddable":true,"href":"https:\/\/www.llibreriasantjordi.cat\/es\/wp-json\/wp\/v2\/product_brand?post=2090"},{"taxonomy":"product_cat","embeddable":true,"href":"https:\/\/www.llibreriasantjordi.cat\/es\/wp-json\/wp\/v2\/product_cat?post=2090"},{"taxonomy":"product_tag","embeddable":true,"href":"https:\/\/www.llibreriasantjordi.cat\/es\/wp-json\/wp\/v2\/product_tag?post=2090"}],"curies":[{"name":"wp","href":"https:\/\/api.w.org\/{rel}","templated":true}]}}