{"id":2087,"date":"2025-03-18T19:59:00","date_gmt":"2025-03-18T17:59:00","guid":{"rendered":"https:\/\/www.llibreriasantjordi.cat\/?post_type=product&#038;p=2087"},"modified":"2025-05-13T20:03:39","modified_gmt":"2025-05-13T18:03:39","slug":"la-isla-de-la-mujer-dormida","status":"publish","type":"product","link":"https:\/\/www.llibreriasantjordi.cat\/es\/producte\/la-isla-de-la-mujer-dormida\/","title":{"rendered":"La isla de la mujer dormida"},"content":{"rendered":"<div class=\"wpb-content-wrapper\"><p>[vc_row css_animation=\u00bb\u00bb row_type=\u00bbrow\u00bb use_row_as_full_screen_section=\u00bbno\u00bb type=\u00bbfull_width\u00bb angled_section=\u00bbno\u00bb text_align=\u00bbleft\u00bb background_image_as_pattern=\u00bbwithout_pattern\u00bb][vc_column][vc_column_text css=\u00bb\u00bb]<strong>Editorial:<\/strong> Alfaguara<br \/>\n<strong>ISBN:<\/strong> 9788410299634<br \/>\n<strong>Idioma:<\/strong> Castellano<br \/>\n<strong>N\u00famero de p\u00e1ginas:<\/strong> 416<br \/>\n<strong>Encuadernaci\u00f3n:<\/strong> Tapa dura<br \/>\n<strong>Fecha de publicaci\u00f3n:<\/strong> 08\/10\/2024[\/vc_column_text][\/vc_column][\/vc_row]<\/p>\n<\/div>","protected":false},"excerpt":{"rendered":"<p>Una novela de mar, amor y aventuras en el Egeo durante los a\u00f1os de la Guerra Civil espa\u00f1ola.<\/p>\n<p>&nbsp;<\/p>\n<p><i>Buscaba la boca del hombre con la suya, h\u00fameda de sal.\u2014\u00bfTienes fr\u00edo? \u2014pregunt\u00f3 \u00e9l.\u2014No, no\u2026 Tengo miedo.\u2014\u00bfA qu\u00e9?\u2014A cuando te hayas ido y esto se borre de mi memoria. Presion\u00f3 contra \u00e9l su cuerpo goteando; y Jord\u00e1n, mojada la ropa, la acogi\u00f3 entre los brazos apret\u00e1ndola muy fuerte. Tard\u00f3 \u00e9l un momento en comprender. \u2014S\u00ed \u2014dijo finalmente. Levant\u00f3 el rostro para contemplar la b\u00f3veda de estrellas, que parec\u00eda haber bajado para instalarse alrededor de ambos y su abrazo, envolvi\u00e9ndolos hasta el final de los tiempos. Como si estuvieran solos la \u00faltima noche del mundo.<\/i><\/p>\n<p>&nbsp;<\/p>\n<p>Abril de 1937. Mientras en Espa\u00f1a transcurre la guerra civil, el marino mercante Miguel Jord\u00e1n Kyriazis es enviado por el bando sublevado para atacar de forma clandestina el tr\u00e1fico naval que desde la Uni\u00f3n Sovi\u00e9tica transporta ayuda militar para la Rep\u00fablica. En la base de operaciones, una peque\u00f1a isla del mar Egeo, la vida del corsario espa\u00f1ol se cruzar\u00e1 en turbio tri\u00e1ngulo con la de los propietarios, el bar\u00f3n Katelios y su esposa: una seductora mujer madura que busca, con desesperaci\u00f3n fr\u00eda, la forma de escaparse.<\/p>\n<p>&nbsp;<\/p>\n<p>La cr\u00edtica ha dicho: \u00abMe gusta P\u00e9rez-Reverte, me recuerda a Dumas y Salgari\u00bb. Umberto Eco<\/p>\n<p>&nbsp;<\/p>\n<p>\u00abEl novelista m\u00e1s perfecto de la literatura espa\u00f1ola de nuestro tiempo\u00bb. El<i>\u00a0Pa\u00eds<\/i><\/p>\n<p>&nbsp;<\/p>\n<p>\u00abP\u00e9rez-Reverte sabe c\u00f3mo retener al lector en cada vuelta de p\u00e1gina\u00bb. The<i>\u00a0New York Times Book Review<\/i><\/p>\n<p>&nbsp;<\/p>\n<p>\u00abArturo P\u00e9rez-Reverte elabora sus novelas como un viejo barman espa\u00f1ol refinado y elegante que se emborrachara de vez en cuando con Corto Malt\u00e9s\u00bb. Minuto<\/p>\n<p>&nbsp;<\/p>\n<p>\u00abP\u00e9rez-Reverte ha inventado novelas y g\u00e9neros que no exist\u00edan en Espa\u00f1a\u00bb. Alexis Grohmann<\/p>\n<p>&nbsp;<\/p>\n<p>\u00abLa etapa creativa que atraviesa Arturo P\u00e9rez-Reverte resulta asombrosa\u00bb. Sergio Vila-Sanju\u00e1n, <i>La Vanguardia<\/i> <a class=\"continue\" href=\"https:\/\/www.llibreriasantjordi.cat\/es\/producte\/la-isla-de-la-mujer-dormida\/\">CONTINUAR >><span> La isla de la mujer dormida<\/span><\/a><\/p>\n","protected":false},"featured_media":1696,"template":"","meta":{"_joinchat":[]},"product_brand":[],"product_cat":[172,182],"product_tag":[265],"class_list":{"0":"post-2087","1":"product","2":"type-product","3":"status-publish","4":"has-post-thumbnail","6":"product_cat-castellano","7":"product_cat-ficcion","8":"product_tag-arturo-perez-reverte-es","10":"first","11":"instock","12":"taxable","13":"shipping-taxable","14":"purchasable","15":"product-type-simple"},"_links":{"self":[{"href":"https:\/\/www.llibreriasantjordi.cat\/es\/wp-json\/wp\/v2\/product\/2087","targetHints":{"allow":["GET"]}}],"collection":[{"href":"https:\/\/www.llibreriasantjordi.cat\/es\/wp-json\/wp\/v2\/product"}],"about":[{"href":"https:\/\/www.llibreriasantjordi.cat\/es\/wp-json\/wp\/v2\/types\/product"}],"wp:featuredmedia":[{"embeddable":true,"href":"https:\/\/www.llibreriasantjordi.cat\/es\/wp-json\/wp\/v2\/media\/1696"}],"wp:attachment":[{"href":"https:\/\/www.llibreriasantjordi.cat\/es\/wp-json\/wp\/v2\/media?parent=2087"}],"wp:term":[{"taxonomy":"product_brand","embeddable":true,"href":"https:\/\/www.llibreriasantjordi.cat\/es\/wp-json\/wp\/v2\/product_brand?post=2087"},{"taxonomy":"product_cat","embeddable":true,"href":"https:\/\/www.llibreriasantjordi.cat\/es\/wp-json\/wp\/v2\/product_cat?post=2087"},{"taxonomy":"product_tag","embeddable":true,"href":"https:\/\/www.llibreriasantjordi.cat\/es\/wp-json\/wp\/v2\/product_tag?post=2087"}],"curies":[{"name":"wp","href":"https:\/\/api.w.org\/{rel}","templated":true}]}}