{"id":2085,"date":"2025-03-18T20:04:33","date_gmt":"2025-03-18T18:04:33","guid":{"rendered":"https:\/\/www.llibreriasantjordi.cat\/?post_type=product&#038;p=2085"},"modified":"2025-05-13T20:02:47","modified_gmt":"2025-05-13T18:02:47","slug":"escalera-interior","status":"publish","type":"product","link":"https:\/\/www.llibreriasantjordi.cat\/es\/producte\/escalera-interior\/","title":{"rendered":"Escalera interior"},"content":{"rendered":"<div class=\"wpb-content-wrapper\"><p>[vc_row css_animation=\u00bb\u00bb row_type=\u00bbrow\u00bb use_row_as_full_screen_section=\u00bbno\u00bb type=\u00bbfull_width\u00bb angled_section=\u00bbno\u00bb text_align=\u00bbleft\u00bb background_image_as_pattern=\u00bbwithout_pattern\u00bb][vc_column][vc_column_text css=\u00bb\u00bb]<strong>Editorial:<\/strong> Tusquets Editores<br \/>\n<strong>ISBN:<\/strong> 9788411075510<br \/>\n<strong>Idioma:<\/strong> Castellano<br \/>\n<strong>N\u00famero de p\u00e1ginas:<\/strong> 464<br \/>\n<strong>Encuadernaci\u00f3n:<\/strong> Tapa blanda<br \/>\n<strong>Fecha de publicaci\u00f3n:<\/strong> 05\/02\/2025[\/vc_column_text][\/vc_column][\/vc_row]<\/p>\n<\/div>","protected":false},"excerpt":{"rendered":"<p>El libro que faltaba de Almudena Grandes. Las historias y escenas cotidianas que resumen el mundo de una escritora irrepetible.<\/p>\n<p>&nbsp;<\/p>\n<p><i>Escalera interior<\/i> es el murmullo de los patios de luces que recogen olores de guisos, ruidos de utensilios y cucharones, risas, confidencias susurradas a media voz, buenos d\u00edas y buenas noches que se intercambian en el rellano; es el murmullo que recoge nuestra rutina, la de la gente corriente, en esas realidades peque\u00f1as que son las que esconden las grandes historias. Las que, durante a\u00f1os, Almudena Grandes imagin\u00f3 y regal\u00f3 a sus lectores en <i>El Pa\u00eds Semanal<\/i>, donde, cada quince d\u00edas, a veces como narraciones, otras como escenas, y otras m\u00e1s como cr\u00f3nicas, levantaba personajes, vidas que merec\u00edan ser contadas. Como la suya, porque en estos art\u00edculos Almudena Grandes tambi\u00e9n se convert\u00eda en anfitriona y nos invitaba a entrar en su cocina, en su casa, en su mundo, que ol\u00eda al salitre de C\u00e1diz, en el bullicio de Madrid. De este modo, estas historias, que son relatos, tambi\u00e9n nos ayudan a conocer mejor a la mujer detr\u00e1s de la escritora, aquella que siempre supo vernos, narrarnos, entender las miserias y las grandezas humanas que esconde cada una de esas caras con las que nos cruzamos por la calle. Reunidos y ordenados ahora por Elisa Ferrer, las narraciones del libro muestran una vez m\u00e1s la maestr\u00eda y capacidad de evocaci\u00f3n de una de las autoras espa\u00f1olas m\u00e1s recordadas y queridas de la literatura espa\u00f1ola reciente. <a class=\"continue\" href=\"https:\/\/www.llibreriasantjordi.cat\/es\/producte\/escalera-interior\/\">CONTINUAR >><span> Escalera interior<\/span><\/a><\/p>\n","protected":false},"featured_media":1710,"template":"","meta":{"_joinchat":[]},"product_brand":[],"product_cat":[172,182,188],"product_tag":[264],"class_list":{"0":"post-2085","1":"product","2":"type-product","3":"status-publish","4":"has-post-thumbnail","6":"product_cat-castellano","7":"product_cat-ficcion","8":"product_cat-novedades","9":"product_tag-almudena-grandes-es","11":"first","12":"instock","13":"taxable","14":"shipping-taxable","15":"purchasable","16":"product-type-simple"},"_links":{"self":[{"href":"https:\/\/www.llibreriasantjordi.cat\/es\/wp-json\/wp\/v2\/product\/2085","targetHints":{"allow":["GET"]}}],"collection":[{"href":"https:\/\/www.llibreriasantjordi.cat\/es\/wp-json\/wp\/v2\/product"}],"about":[{"href":"https:\/\/www.llibreriasantjordi.cat\/es\/wp-json\/wp\/v2\/types\/product"}],"wp:featuredmedia":[{"embeddable":true,"href":"https:\/\/www.llibreriasantjordi.cat\/es\/wp-json\/wp\/v2\/media\/1710"}],"wp:attachment":[{"href":"https:\/\/www.llibreriasantjordi.cat\/es\/wp-json\/wp\/v2\/media?parent=2085"}],"wp:term":[{"taxonomy":"product_brand","embeddable":true,"href":"https:\/\/www.llibreriasantjordi.cat\/es\/wp-json\/wp\/v2\/product_brand?post=2085"},{"taxonomy":"product_cat","embeddable":true,"href":"https:\/\/www.llibreriasantjordi.cat\/es\/wp-json\/wp\/v2\/product_cat?post=2085"},{"taxonomy":"product_tag","embeddable":true,"href":"https:\/\/www.llibreriasantjordi.cat\/es\/wp-json\/wp\/v2\/product_tag?post=2085"}],"curies":[{"name":"wp","href":"https:\/\/api.w.org\/{rel}","templated":true}]}}