{"id":2083,"date":"2025-03-18T20:07:08","date_gmt":"2025-03-18T18:07:08","guid":{"rendered":"https:\/\/www.llibreriasantjordi.cat\/?post_type=product&#038;p=2083"},"modified":"2025-05-14T16:07:53","modified_gmt":"2025-05-14T14:07:53","slug":"les-calces-al-sol","status":"publish","type":"product","link":"https:\/\/www.llibreriasantjordi.cat\/es\/producte\/les-calces-al-sol\/","title":{"rendered":"Les calces al sol"},"content":{"rendered":"<div class=\"wpb-content-wrapper\"><p>[vc_row css_animation=\u00bb\u00bb row_type=\u00bbrow\u00bb use_row_as_full_screen_section=\u00bbno\u00bb type=\u00bbfull_width\u00bb angled_section=\u00bbno\u00bb text_align=\u00bbleft\u00bb background_image_as_pattern=\u00bbwithout_pattern\u00bb][vc_column][vc_column_text css=\u00bb\u00bb]<strong>Editorial:<\/strong> La Campana<br \/>\n<strong>ISBN:<\/strong> 9788418226571<br \/>\n<strong>Idioma:<\/strong> Catal\u00e1n<br \/>\n<strong>N\u00famero de p\u00e1ginas:<\/strong> 464<br \/>\n<strong>Encuadernaci\u00f3n:<\/strong> Tapa blanda<br \/>\n<strong>Fecha de publicaci\u00f3n:<\/strong> 08\/09\/2022[\/vc_column_text][\/vc_column][\/vc_row]<\/p>\n<\/div>","protected":false},"excerpt":{"rendered":"<p>La novela en catal\u00e1n m\u00e1s divertida y alocada del momento. Una historia para re\u00edr, llorar y reconciliarse con la vida.<\/p>\n<p>&nbsp;<\/p>\n<p>Rita Racons se va a Estados Unidos a hacer de au-pair sin saberlo del todo. Un buen d\u00eda se encuentra en el aeropuerto de Barcelona preparada para tomar un avi\u00f3n que, te\u00f3ricamente, debe llevarla a Nueva York, donde aprender\u00e1 ingl\u00e9s durante el verano. Pero su \u00ednfimo conocimiento de la lengua inglesa la lleva, por carambola, hasta Atlanta, a casa de los Bookland, donde cuidar\u00e1 a los tres hijos de la familia durante un a\u00f1o entero.<\/p>\n<p>&nbsp;<\/p>\n<p>Los Bookland son la ant\u00edtesis del clich\u00e9 cl\u00e1sico de una familia americana. Intelectuales rematados, esperan que la nueva au-pair est\u00e9 a la altura de lo que exigen las mentes privilegiadas de los ni\u00f1os de la casa. Y aunque no lo estar\u00e1, Rita y su caos constante llevar\u00e1n a los peque\u00f1os Bookland a vivir la vida m\u00e1s all\u00e1 de los libros. Rita ser\u00e1 capaz de atreverse a todo, de expandir la mente y un d\u00eda, de repente, encontrar\u00e1 lo que hab\u00eda ido a buscar: su vocaci\u00f3n.<\/p>\n<p>&nbsp;<\/p>\n<p><i>Las bragas al sol<\/i> es una novela alegre y vital, con un arranque a todo gas y un desarrollo al mismo ritmo, que habla sobre los cambios vitales que nos hacen crecer. <a class=\"continue\" href=\"https:\/\/www.llibreriasantjordi.cat\/es\/producte\/les-calces-al-sol\/\">CONTINUAR >><span> Les calces al sol<\/span><\/a><\/p>\n","protected":false},"featured_media":1682,"template":"","meta":{"_joinchat":[]},"product_brand":[],"product_cat":[173,182],"product_tag":[263],"class_list":{"0":"post-2083","1":"product","2":"type-product","3":"status-publish","4":"has-post-thumbnail","6":"product_cat-catalan","7":"product_cat-ficcion","8":"product_tag-regina-rodriguez-sirvent-es","10":"first","11":"instock","12":"taxable","13":"shipping-taxable","14":"purchasable","15":"product-type-simple"},"_links":{"self":[{"href":"https:\/\/www.llibreriasantjordi.cat\/es\/wp-json\/wp\/v2\/product\/2083","targetHints":{"allow":["GET"]}}],"collection":[{"href":"https:\/\/www.llibreriasantjordi.cat\/es\/wp-json\/wp\/v2\/product"}],"about":[{"href":"https:\/\/www.llibreriasantjordi.cat\/es\/wp-json\/wp\/v2\/types\/product"}],"wp:featuredmedia":[{"embeddable":true,"href":"https:\/\/www.llibreriasantjordi.cat\/es\/wp-json\/wp\/v2\/media\/1682"}],"wp:attachment":[{"href":"https:\/\/www.llibreriasantjordi.cat\/es\/wp-json\/wp\/v2\/media?parent=2083"}],"wp:term":[{"taxonomy":"product_brand","embeddable":true,"href":"https:\/\/www.llibreriasantjordi.cat\/es\/wp-json\/wp\/v2\/product_brand?post=2083"},{"taxonomy":"product_cat","embeddable":true,"href":"https:\/\/www.llibreriasantjordi.cat\/es\/wp-json\/wp\/v2\/product_cat?post=2083"},{"taxonomy":"product_tag","embeddable":true,"href":"https:\/\/www.llibreriasantjordi.cat\/es\/wp-json\/wp\/v2\/product_tag?post=2083"}],"curies":[{"name":"wp","href":"https:\/\/api.w.org\/{rel}","templated":true}]}}