{"id":2081,"date":"2025-03-18T20:10:10","date_gmt":"2025-03-18T18:10:10","guid":{"rendered":"https:\/\/www.llibreriasantjordi.cat\/?post_type=product&#038;p=2081"},"modified":"2025-05-14T16:07:45","modified_gmt":"2025-05-14T14:07:45","slug":"vermuts-i-barbuts","status":"publish","type":"product","link":"https:\/\/www.llibreriasantjordi.cat\/es\/producte\/vermuts-i-barbuts\/","title":{"rendered":"Vermuts i barbuts"},"content":{"rendered":"<div class=\"wpb-content-wrapper\"><p>[vc_row css_animation=\u00bb\u00bb row_type=\u00bbrow\u00bb use_row_as_full_screen_section=\u00bbno\u00bb type=\u00bbfull_width\u00bb angled_section=\u00bbno\u00bb text_align=\u00bbleft\u00bb background_image_as_pattern=\u00bbwithout_pattern\u00bb][vc_column][vc_column_text css=\u00bb\u00bb]<strong>Editorial:<\/strong> La Campana<br \/>\n<strong>ISBN:<\/strong> 9788419836151<br \/>\n<strong>Idioma:<\/strong> Catal\u00e1n<br \/>\n<strong>N\u00famero de p\u00e1ginas:<\/strong> 224<br \/>\n<strong>Encuadernaci\u00f3n:<\/strong> Tapa blanda<br \/>\n<strong>Fecha de publicaci\u00f3n:<\/strong> 03\/10\/2024[\/vc_column_text][\/vc_column][\/vc_row]<\/p>\n<\/div>","protected":false},"excerpt":{"rendered":"<p>\u00bfQui\u00e9n tiene buen paladar seguro que tiene buen gusto y buena conversaci\u00f3n, verdad?<\/p>\n<p>&nbsp;<\/p>\n<p>Gemma est\u00e1 cansada de malas citas. Las conversaciones son muy flojas y encima la llevan a restaurantes nefastos o, peor a\u00fan, a restaurantes de cadena. Esto debe cambiar. Para ello, se inventa una aplicaci\u00f3n para poder elegir el plato y no el t\u00edo: una app de citas a ciegas gastron\u00f3micas. A partir de ahora, si la cita es un desastre, al menos habr\u00e1 cenado bien.<\/p>\n<p>&nbsp;<\/p>\n<p>Gemma se adentrar\u00e1 en una espiral de citas alocadas, intensas y accidentadas que la llevar\u00e1n a encontrar los mejores restaurantes de la ciudad, una galer\u00eda de desprop\u00f3sitos y situaciones con mucho humor, pero que tambi\u00e9n le permitir\u00e1n reencontrarse consigo misma. Porque parejas podemos tener muchas, pero los mejores amigos son lo m\u00e1s valioso que podemos conservar. <a class=\"continue\" href=\"https:\/\/www.llibreriasantjordi.cat\/es\/producte\/vermuts-i-barbuts\/\">CONTINUAR >><span> Vermuts i barbuts<\/span><\/a><\/p>\n","protected":false},"featured_media":1659,"template":"","meta":{"_joinchat":[]},"product_brand":[],"product_cat":[173,182],"product_tag":[262],"class_list":{"0":"post-2081","1":"product","2":"type-product","3":"status-publish","4":"has-post-thumbnail","6":"product_cat-catalan","7":"product_cat-ficcion","8":"product_tag-magda-minguet-es","10":"first","11":"instock","12":"taxable","13":"shipping-taxable","14":"purchasable","15":"product-type-simple"},"_links":{"self":[{"href":"https:\/\/www.llibreriasantjordi.cat\/es\/wp-json\/wp\/v2\/product\/2081","targetHints":{"allow":["GET"]}}],"collection":[{"href":"https:\/\/www.llibreriasantjordi.cat\/es\/wp-json\/wp\/v2\/product"}],"about":[{"href":"https:\/\/www.llibreriasantjordi.cat\/es\/wp-json\/wp\/v2\/types\/product"}],"wp:featuredmedia":[{"embeddable":true,"href":"https:\/\/www.llibreriasantjordi.cat\/es\/wp-json\/wp\/v2\/media\/1659"}],"wp:attachment":[{"href":"https:\/\/www.llibreriasantjordi.cat\/es\/wp-json\/wp\/v2\/media?parent=2081"}],"wp:term":[{"taxonomy":"product_brand","embeddable":true,"href":"https:\/\/www.llibreriasantjordi.cat\/es\/wp-json\/wp\/v2\/product_brand?post=2081"},{"taxonomy":"product_cat","embeddable":true,"href":"https:\/\/www.llibreriasantjordi.cat\/es\/wp-json\/wp\/v2\/product_cat?post=2081"},{"taxonomy":"product_tag","embeddable":true,"href":"https:\/\/www.llibreriasantjordi.cat\/es\/wp-json\/wp\/v2\/product_tag?post=2081"}],"curies":[{"name":"wp","href":"https:\/\/api.w.org\/{rel}","templated":true}]}}