{"id":2079,"date":"2025-03-18T20:13:59","date_gmt":"2025-03-18T18:13:59","guid":{"rendered":"https:\/\/www.llibreriasantjordi.cat\/?post_type=product&#038;p=2079"},"modified":"2025-05-14T16:07:35","modified_gmt":"2025-05-14T14:07:35","slug":"res-no-passa-el-dia-abans","status":"publish","type":"product","link":"https:\/\/www.llibreriasantjordi.cat\/es\/producte\/res-no-passa-el-dia-abans\/","title":{"rendered":"Res no passa el dia abans"},"content":{"rendered":"<div class=\"wpb-content-wrapper\"><p>[vc_row css_animation=\u00bb\u00bb row_type=\u00bbrow\u00bb use_row_as_full_screen_section=\u00bbno\u00bb type=\u00bbfull_width\u00bb angled_section=\u00bbno\u00bb text_align=\u00bbleft\u00bb background_image_as_pattern=\u00bbwithout_pattern\u00bb][vc_column][vc_column_text css=\u00bb\u00bb]<strong>Editorial:<\/strong> Rosa dels Vents<br \/>\n<strong>ISBN:<\/strong> 9788419756725<br \/>\n<strong>Idioma:<\/strong> Catal\u00e1n<br \/>\n<strong>N\u00famero de p\u00e1ginas:<\/strong> 464<br \/>\n<strong>Encuadernaci\u00f3n:<\/strong> Tapa blanda<br \/>\n<strong>Fecha de publicaci\u00f3n:<\/strong> 21\/11\/2024[\/vc_column_text][\/vc_column][\/vc_row]<\/p>\n<\/div>","protected":false},"excerpt":{"rendered":"<p>Barcelona, \u200b\u200bfinales de 1969. El marqu\u00e9s de Soto, don Julio Urqu\u00edzar, aparece muerto con se\u00f1ales de violencia. Lo que se esconde detr\u00e1s de este tr\u00e1gico hecho se estaba cociendo desde principios del mismo a\u00f1o&#8230;<\/p>\n<p>&nbsp;<\/p>\n<p>Seis meses antes. El mundo esplendoroso en el que vive el marqu\u00e9s se tambalea. Por un lado, el peligro de la ruina econ\u00f3mica le persigue. Por otro lado, la relaci\u00f3n con su mujer lleva a\u00f1os inmersa en una especie de guerra fr\u00eda, y su primog\u00e9nito se comporta como un ni\u00f1o irresponsable de casa buena. El marqu\u00e9s s\u00f3lo se siente unido a su hija Marina, una universitaria cansada de su entorno y con ansias de explorar otros sitios, barrios y amores.<\/p>\n<p>&nbsp;<\/p>\n<p>Esta curiosidad llevar\u00e1 a la joven a iniciar una apasionada relaci\u00f3n con Jaco, el hijo de su antigua tata, que aspira a salir de la pobreza gracias al boxeo. Pero mientras su historia de amor avanza en secreto, una amenaza se cierne sobre la pareja: un plan oscuro que marcar\u00e1 sus destinos y los de aquellos a los que m\u00e1s quieren.<\/p>\n<p>&nbsp;<\/p>\n<p>Chufo Llor\u00e9ns, el gran cronista de Barcelona, \u200b\u200bnos transporta hasta una ciudad turbulenta de barrios adinerados y callejones s\u00f3rdidos en esta fascinante historia de amor, ambici\u00f3n, decadencia y sue\u00f1os de libertad. <a class=\"continue\" href=\"https:\/\/www.llibreriasantjordi.cat\/es\/producte\/res-no-passa-el-dia-abans\/\">CONTINUAR >><span> Res no passa el dia abans<\/span><\/a><\/p>\n","protected":false},"featured_media":1668,"template":"","meta":{"_joinchat":[]},"product_brand":[],"product_cat":[173,182],"product_tag":[261],"class_list":{"0":"post-2079","1":"product","2":"type-product","3":"status-publish","4":"has-post-thumbnail","6":"product_cat-catalan","7":"product_cat-ficcion","8":"product_tag-chufo-llorens-es","10":"first","11":"instock","12":"taxable","13":"shipping-taxable","14":"purchasable","15":"product-type-simple"},"_links":{"self":[{"href":"https:\/\/www.llibreriasantjordi.cat\/es\/wp-json\/wp\/v2\/product\/2079","targetHints":{"allow":["GET"]}}],"collection":[{"href":"https:\/\/www.llibreriasantjordi.cat\/es\/wp-json\/wp\/v2\/product"}],"about":[{"href":"https:\/\/www.llibreriasantjordi.cat\/es\/wp-json\/wp\/v2\/types\/product"}],"wp:featuredmedia":[{"embeddable":true,"href":"https:\/\/www.llibreriasantjordi.cat\/es\/wp-json\/wp\/v2\/media\/1668"}],"wp:attachment":[{"href":"https:\/\/www.llibreriasantjordi.cat\/es\/wp-json\/wp\/v2\/media?parent=2079"}],"wp:term":[{"taxonomy":"product_brand","embeddable":true,"href":"https:\/\/www.llibreriasantjordi.cat\/es\/wp-json\/wp\/v2\/product_brand?post=2079"},{"taxonomy":"product_cat","embeddable":true,"href":"https:\/\/www.llibreriasantjordi.cat\/es\/wp-json\/wp\/v2\/product_cat?post=2079"},{"taxonomy":"product_tag","embeddable":true,"href":"https:\/\/www.llibreriasantjordi.cat\/es\/wp-json\/wp\/v2\/product_tag?post=2079"}],"curies":[{"name":"wp","href":"https:\/\/api.w.org\/{rel}","templated":true}]}}