{"id":2077,"date":"2025-03-18T20:18:45","date_gmt":"2025-03-18T18:18:45","guid":{"rendered":"https:\/\/www.llibreriasantjordi.cat\/?post_type=product&#038;p=2077"},"modified":"2025-05-14T16:07:26","modified_gmt":"2025-05-14T14:07:26","slug":"les-oliveres-dor","status":"publish","type":"product","link":"https:\/\/www.llibreriasantjordi.cat\/es\/producte\/les-oliveres-dor\/","title":{"rendered":"Les oliveres d&#8217;or"},"content":{"rendered":"<div class=\"wpb-content-wrapper\"><p>[vc_row css_animation=\u00bb\u00bb row_type=\u00bbrow\u00bb use_row_as_full_screen_section=\u00bbno\u00bb type=\u00bbfull_width\u00bb angled_section=\u00bbno\u00bb text_align=\u00bbleft\u00bb background_image_as_pattern=\u00bbwithout_pattern\u00bb][vc_column][vc_column_text css=\u00bb\u00bb]<strong>Editorial:<\/strong> Rosa dels Vents<br \/>\n<strong>ISBN:<\/strong> 9788419756480<br \/>\n<strong>Idioma:<\/strong> Catal\u00e1n<br \/>\n<strong>N\u00famero de p\u00e1ginas:<\/strong> 384<br \/>\n<strong>Encuadernaci\u00f3n:<\/strong> Tapa blanda<br \/>\n<strong>Fecha de publicaci\u00f3n:<\/strong> 20\/03\/2025[\/vc_column_text][\/vc_column][\/vc_row]<\/p>\n<\/div>","protected":false},"excerpt":{"rendered":"<p>\u00ab\u00bfQu\u00e9 tesoro pod\u00eda ir destinado a Arbeca? \u00bfQuiz\u00e1s quisieran rehacer el castillo palacio? Seg\u00fan sab\u00eda Mart\u00ed, el edificio se manten\u00eda vivo pero con bastantes secciones estropeadas. Si la finalidad fuera devolver el castillo palacio al esplendor de siglos anteriores, era necesaria una buena suma de dinero; y eso s\u00ed requer\u00eda todo un tesoro. Suponiendo que lo que iban a buscar tuviera esa finalidad. \u00bfPero qu\u00e9 hab\u00eda en Alexandreta? \u00bfQu\u00e9 era tan valioso para la casa ducal de los Medinaceli y Cardona para ir a Oriente a buscarlo?\u00bb.<\/p>\n<p>&nbsp;<\/p>\n<p>En la segunda mitad del siglo XVIII, el majestuoso castillo palacio de Arbeca, con sus cuatrocientas ventanas de oro, parece casi abandonado. La tesorer\u00eda de la baron\u00eda no vive su mejor \u00e9poca y la visita de Su Excelencia el duque de Medinaceli y Cardona, se\u00f1or de Arbeca, despu\u00e9s de muchos a\u00f1os de ausencia de sus tierras, despierta inquietud entre los aldeanos. \u00bfQu\u00e9 futuro les espera?<\/p>\n<p>&nbsp;<\/p>\n<p>La propuesta de plantar unos olivos tra\u00eddos desde Tierra Santa y la oferta de pagar un real de bill\u00f3n por cada v\u00e1stago entusiasman a los campesinos, deslumbrados por el cofre lleno de monedas y por la promesa del duque de que su aceite ser\u00e1 el orgullo del mundo entero. Enseguida los \u00e1rboles se esparcen por todo el t\u00e9rmino y m\u00e1s all\u00e1. Pero, a la hora de ir a cobrar, el dinero ha desaparecido. \u00bfD\u00f3nde est\u00e1n los reales de bill\u00f3n que deb\u00edan hacerlos ricos y poderosos? Cuatro personas ser\u00e1n acusadas del robo y tendr\u00e1n que demostrar su inocencia para evitar la muerte.<\/p>\n<p>&nbsp;<\/p>\n<p>Ambientado en pleno siglo de las luces, Los olivos de oro es un relato en el que laten intrigas oscuras y al mismo tiempo el retrato emocionante de un campesinado empobrecido por una sequ\u00eda persistente y por la avaricia de una nobleza que nunca parece tener suficiente con las rentas que percibe. A las puertas de la liberaci\u00f3n que supondr\u00e1 la Revoluci\u00f3n Francesa, en Arbeca se planta la semilla de la rebeld\u00eda y brotan con fuerza, entre olivos, gritos de libertad. <a class=\"continue\" href=\"https:\/\/www.llibreriasantjordi.cat\/es\/producte\/les-oliveres-dor\/\">CONTINUAR >><span> Les oliveres d&#8217;or<\/span><\/a><\/p>\n","protected":false},"featured_media":1680,"template":"","meta":{"_joinchat":[]},"product_brand":[],"product_cat":[173,182,188],"product_tag":[259],"class_list":{"0":"post-2077","1":"product","2":"type-product","3":"status-publish","4":"has-post-thumbnail","6":"product_cat-catalan","7":"product_cat-ficcion","8":"product_cat-novedades","9":"product_tag-jordi-nogues-es","11":"first","12":"instock","13":"taxable","14":"shipping-taxable","15":"purchasable","16":"product-type-simple"},"_links":{"self":[{"href":"https:\/\/www.llibreriasantjordi.cat\/es\/wp-json\/wp\/v2\/product\/2077","targetHints":{"allow":["GET"]}}],"collection":[{"href":"https:\/\/www.llibreriasantjordi.cat\/es\/wp-json\/wp\/v2\/product"}],"about":[{"href":"https:\/\/www.llibreriasantjordi.cat\/es\/wp-json\/wp\/v2\/types\/product"}],"wp:featuredmedia":[{"embeddable":true,"href":"https:\/\/www.llibreriasantjordi.cat\/es\/wp-json\/wp\/v2\/media\/1680"}],"wp:attachment":[{"href":"https:\/\/www.llibreriasantjordi.cat\/es\/wp-json\/wp\/v2\/media?parent=2077"}],"wp:term":[{"taxonomy":"product_brand","embeddable":true,"href":"https:\/\/www.llibreriasantjordi.cat\/es\/wp-json\/wp\/v2\/product_brand?post=2077"},{"taxonomy":"product_cat","embeddable":true,"href":"https:\/\/www.llibreriasantjordi.cat\/es\/wp-json\/wp\/v2\/product_cat?post=2077"},{"taxonomy":"product_tag","embeddable":true,"href":"https:\/\/www.llibreriasantjordi.cat\/es\/wp-json\/wp\/v2\/product_tag?post=2077"}],"curies":[{"name":"wp","href":"https:\/\/api.w.org\/{rel}","templated":true}]}}