{"id":2075,"date":"2025-03-18T20:24:44","date_gmt":"2025-03-18T18:24:44","guid":{"rendered":"https:\/\/www.llibreriasantjordi.cat\/?post_type=product&#038;p=2075"},"modified":"2025-05-14T16:07:16","modified_gmt":"2025-05-14T14:07:16","slug":"el-far-de-les-rambles","status":"publish","type":"product","link":"https:\/\/www.llibreriasantjordi.cat\/es\/producte\/el-far-de-les-rambles\/","title":{"rendered":"El far de les Rambles"},"content":{"rendered":"<div class=\"wpb-content-wrapper\"><p>[vc_row css_animation=\u00bb\u00bb row_type=\u00bbrow\u00bb use_row_as_full_screen_section=\u00bbno\u00bb type=\u00bbfull_width\u00bb angled_section=\u00bbno\u00bb text_align=\u00bbleft\u00bb background_image_as_pattern=\u00bbwithout_pattern\u00bb][vc_column][vc_column_text css=\u00bb\u00bb]<strong>Editorial:<\/strong> La Campana<br \/>\n<strong>ISBN:<\/strong> 9788419836113<br \/>\n<strong>Idioma:<\/strong> Catal\u00e1n<br \/>\n<strong>N\u00famero de p\u00e1ginas:<\/strong> 480<br \/>\n<strong>Encuadernaci\u00f3n:<\/strong> Tapa blanda<br \/>\n<strong>Fecha de publicaci\u00f3n:<\/strong> 06\/03\/2025[\/vc_column_text][\/vc_column][\/vc_row]<\/p>\n<\/div>","protected":false},"excerpt":{"rendered":"<p>Una novela con aires de gran cl\u00e1sico, un relato de amor en Barcelona, \u200b\u200ba unas Ramblas llenas de vida y con una gran historia que har\u00e1 que los protagonistas tengan que luchar contra lo imposible en tiempos de guerra y de grandes cambios sociales.<\/p>\n<p>&nbsp;<\/p>\n<p>Desde peque\u00f1o, Lluset qued\u00f3 fascinado por el quiosco de bebidas con aires modernistas que iluminaba la Rambla de Canaletes, en medio de Barcelona, \u200b\u200bun enamoramiento que marc\u00f3 su vida y la de todos de su entorno. A\u00f1os m\u00e1s tarde volver\u00eda a sentir esa misma sensaci\u00f3n al conocer a Laura, sabiendo que sus vidas quedar\u00edan atadas para siempre. Con ellos atravesaremos la historia de la ciudad y de toda Europa a lo largo del siglo XX, de las guerras y de los cambios, que afectar\u00e1n de lleno a los protagonistas y sus familias, que habitan en el coraz\u00f3n de las Ramblas. <a class=\"continue\" href=\"https:\/\/www.llibreriasantjordi.cat\/es\/producte\/el-far-de-les-rambles\/\">CONTINUAR >><span> El far de les Rambles<\/span><\/a><\/p>\n","protected":false},"featured_media":1724,"template":"","meta":{"_joinchat":[]},"product_brand":[],"product_cat":[173,182,188],"product_tag":[258],"class_list":{"0":"post-2075","1":"product","2":"type-product","3":"status-publish","4":"has-post-thumbnail","6":"product_cat-catalan","7":"product_cat-ficcion","8":"product_cat-novedades","9":"product_tag-lluc-oliveras-es","11":"first","12":"instock","13":"taxable","14":"shipping-taxable","15":"purchasable","16":"product-type-simple"},"_links":{"self":[{"href":"https:\/\/www.llibreriasantjordi.cat\/es\/wp-json\/wp\/v2\/product\/2075","targetHints":{"allow":["GET"]}}],"collection":[{"href":"https:\/\/www.llibreriasantjordi.cat\/es\/wp-json\/wp\/v2\/product"}],"about":[{"href":"https:\/\/www.llibreriasantjordi.cat\/es\/wp-json\/wp\/v2\/types\/product"}],"wp:featuredmedia":[{"embeddable":true,"href":"https:\/\/www.llibreriasantjordi.cat\/es\/wp-json\/wp\/v2\/media\/1724"}],"wp:attachment":[{"href":"https:\/\/www.llibreriasantjordi.cat\/es\/wp-json\/wp\/v2\/media?parent=2075"}],"wp:term":[{"taxonomy":"product_brand","embeddable":true,"href":"https:\/\/www.llibreriasantjordi.cat\/es\/wp-json\/wp\/v2\/product_brand?post=2075"},{"taxonomy":"product_cat","embeddable":true,"href":"https:\/\/www.llibreriasantjordi.cat\/es\/wp-json\/wp\/v2\/product_cat?post=2075"},{"taxonomy":"product_tag","embeddable":true,"href":"https:\/\/www.llibreriasantjordi.cat\/es\/wp-json\/wp\/v2\/product_tag?post=2075"}],"curies":[{"name":"wp","href":"https:\/\/api.w.org\/{rel}","templated":true}]}}