{"id":2072,"date":"2025-03-19T19:27:52","date_gmt":"2025-03-19T17:27:52","guid":{"rendered":"https:\/\/www.llibreriasantjordi.cat\/?post_type=product&#038;p=2072"},"modified":"2025-05-13T19:55:59","modified_gmt":"2025-05-13T17:55:59","slug":"dins-del-teu-record-trilogia-dalbons-3","status":"publish","type":"product","link":"https:\/\/www.llibreriasantjordi.cat\/es\/producte\/dins-del-teu-record-trilogia-dalbons-3\/","title":{"rendered":"Dins del teu record (trilogia d&#8217;Albons 3)"},"content":{"rendered":"<div class=\"wpb-content-wrapper\"><p>[vc_row css_animation=\u00bb\u00bb row_type=\u00bbrow\u00bb use_row_as_full_screen_section=\u00bbno\u00bb type=\u00bbfull_width\u00bb angled_section=\u00bbno\u00bb text_align=\u00bbleft\u00bb background_image_as_pattern=\u00bbwithout_pattern\u00bb][vc_column][vc_column_text css=\u00bb\u00bb]<strong>Editorial:<\/strong> La Campana<br \/>\n<strong>ISBN:<\/strong> 9788419836533<br \/>\n<strong>Idioma:<\/strong> Catal\u00e1n<br \/>\n<strong>N\u00famero de p\u00e1ginas:<\/strong> 232<br \/>\n<strong>Encuadernaci\u00f3n:<\/strong> Tapa blanda<br \/>\n<strong>Fecha de publicaci\u00f3n:<\/strong> 13\/03\/2025[\/vc_column_text][\/vc_column][\/vc_row]<\/p>\n<\/div>","protected":false},"excerpt":{"rendered":"<p>Dentro de tu recuerdo es la tercera parte de la \u00abTrilog\u00eda de Albons\u00bb, que cierra esta historia familiar que ha cautivado a tantos lectores.<\/p>\n<p>&nbsp;<\/p>\n<p>Carmen se siente d\u00e9bil y cansada. Instalada en Albons, en casa de su hija, recuerda la historia de amor que vivi\u00f3 con Ram\u00f3n despu\u00e9s de enviudar: esta aventura es uno de sus secretos mejor guardados y, una vez se revele, har\u00e1 tambalear la vida de Marina y de su amiga Joana.<\/p>\n<p>&nbsp;<\/p>\n<p>Marina, junto a \u00c0lex y Rut, es feliz, aunque ahora tendr\u00e1 que acompa\u00f1ar a su madre en un adi\u00f3s que no querr\u00eda que llegara nunca.<\/p>\n<p>&nbsp;<\/p>\n<p>\u00abCarmen mira a Joana mientras se marcha, se siente m\u00e1s que nunca una mentirosa, una estafadora de vidas.<\/p>\n<p>Sabe que Joana le ha perdonado todo porque se lo ha pedido Marina [&#8230;]. Esto le entristece. No quiere que lo que ella hizo en el pasado acabe repercutiendo ni en Joana ni en Marina, no quiere que interfiera en su amistad. Siente el deber de explic\u00e1rselo todo, es un sentimiento que le quema en las manos y en el coraz\u00f3n\u00bb. <a class=\"continue\" href=\"https:\/\/www.llibreriasantjordi.cat\/es\/producte\/dins-del-teu-record-trilogia-dalbons-3\/\">CONTINUAR >><span> Dins del teu record (trilogia d&#8217;Albons 3)<\/span><\/a><\/p>\n","protected":false},"featured_media":1728,"template":"","meta":{"_joinchat":[]},"product_brand":[],"product_cat":[173,182,188],"product_tag":[256],"class_list":{"0":"post-2072","1":"product","2":"type-product","3":"status-publish","4":"has-post-thumbnail","6":"product_cat-catalan","7":"product_cat-ficcion","8":"product_cat-novedades","9":"product_tag-ester-invernon-es","11":"first","12":"instock","13":"taxable","14":"shipping-taxable","15":"purchasable","16":"product-type-simple"},"_links":{"self":[{"href":"https:\/\/www.llibreriasantjordi.cat\/es\/wp-json\/wp\/v2\/product\/2072","targetHints":{"allow":["GET"]}}],"collection":[{"href":"https:\/\/www.llibreriasantjordi.cat\/es\/wp-json\/wp\/v2\/product"}],"about":[{"href":"https:\/\/www.llibreriasantjordi.cat\/es\/wp-json\/wp\/v2\/types\/product"}],"wp:featuredmedia":[{"embeddable":true,"href":"https:\/\/www.llibreriasantjordi.cat\/es\/wp-json\/wp\/v2\/media\/1728"}],"wp:attachment":[{"href":"https:\/\/www.llibreriasantjordi.cat\/es\/wp-json\/wp\/v2\/media?parent=2072"}],"wp:term":[{"taxonomy":"product_brand","embeddable":true,"href":"https:\/\/www.llibreriasantjordi.cat\/es\/wp-json\/wp\/v2\/product_brand?post=2072"},{"taxonomy":"product_cat","embeddable":true,"href":"https:\/\/www.llibreriasantjordi.cat\/es\/wp-json\/wp\/v2\/product_cat?post=2072"},{"taxonomy":"product_tag","embeddable":true,"href":"https:\/\/www.llibreriasantjordi.cat\/es\/wp-json\/wp\/v2\/product_tag?post=2072"}],"curies":[{"name":"wp","href":"https:\/\/api.w.org\/{rel}","templated":true}]}}