{"id":2070,"date":"2025-03-19T19:31:07","date_gmt":"2025-03-19T17:31:07","guid":{"rendered":"https:\/\/www.llibreriasantjordi.cat\/?post_type=product&#038;p=2070"},"modified":"2025-05-14T16:07:01","modified_gmt":"2025-05-14T14:07:01","slug":"les-tenebres-del-cor","status":"publish","type":"product","link":"https:\/\/www.llibreriasantjordi.cat\/es\/producte\/les-tenebres-del-cor\/","title":{"rendered":"Les tenebres del cor"},"content":{"rendered":"<div class=\"wpb-content-wrapper\"><p>[vc_row css_animation=\u00bb\u00bb row_type=\u00bbrow\u00bb use_row_as_full_screen_section=\u00bbno\u00bb type=\u00bbfull_width\u00bb angled_section=\u00bbno\u00bb text_align=\u00bbleft\u00bb background_image_as_pattern=\u00bbwithout_pattern\u00bb][vc_column][vc_column_text css=\u00bb\u00bb]<strong>Editorial:<\/strong> La Campana<br \/>\n<strong>ISBN:<\/strong> 9788419836045<br \/>\n<strong>Idioma:<\/strong> Catal\u00e1n<br \/>\n<strong>N\u00famero de p\u00e1ginas:<\/strong> 368<br \/>\n<strong>Encuadernaci\u00f3n:<\/strong> Tapa blanda<br \/>\n<strong>Fecha de publicaci\u00f3n:<\/strong> 06\/03\/2025[\/vc_column_text][\/vc_column][\/vc_row]<\/p>\n<\/div>","protected":false},"excerpt":{"rendered":"<p>Ser\u00eda dif\u00edcil encontrar un grupo humano m\u00e1s alejado de nuestra fisonom\u00eda y de nuestros patrones culturales que los habitantes de la selva africana, mal conocidos como pigmeos. Homer les menciona en la Il\u00edada, y sus versos son el origen de uno de los malentendidos m\u00e1s rid\u00edculos y perdurables de la historia cient\u00edfica. Aquellos pigmeos que se defend\u00edan con lanzas de los ataques de las gr\u00faas eran unas criaturas tan fabulosas como nuestros duendes.<\/p>\n<p>&nbsp;<\/p>\n<p>Parec\u00eda que el racionalismo hab\u00eda dejado atr\u00e1s el mito, pero desde el siglo XIX, contra todo pron\u00f3stico y empujados por la ciencia, la literatura y la fantas\u00eda, muchos aventureros y exploradores han ido al encuentro de los \u00abpigmeos\u00bb en el coraz\u00f3n de \u00c1frica, y los personajes ver\u00eddicos de este libro \u2014el extravagante A. Schweinfurth, el injustamente olvidado etn\u00f3grafo Paul Schebesta, la pintora Anne Eisner y su marido Patrick Putnam, el antrop\u00f3logo Colin Turnbull y el propio Albert S\u00e1nchez Pi\u00f1ol\u2014 fueron a buscar en los \u00abpigmeos\u00bb algo important\u00edsimo para ellos, y todos encontraron lo que encontraron lo que encontraron lo que encontraron. Sin embargo, \u00a1oh, paradoja fatal, lo que encontraron no existe!<\/p>\n<p>&nbsp;<\/p>\n<p>\u00abEsta historia no trata de los pigmeos, sino de los individuos que fueron deslumbrados y seducidos por ellos. En este relato se mezclan, y de forma extrema, la ciencia y la fantas\u00eda literaria. Porque, por extra\u00f1o que sea, todo comienza con el padre de la literatura occidental. Es una rara historia, un espejismo m\u00e1gico, y es un relato fascinante, porque es la historia de una ilusi\u00f3n, tan inmortal como inalcanzable, que ha generado proezas ino\u00eddas, muchas l\u00e1grimas y grandes alegr\u00edas. Es una historia hom\u00e9rica\u00bb.<\/p>\n<p>&nbsp;<\/p>\n<p>Albert S\u00e1nchez Pi\u00f1ol. <a class=\"continue\" href=\"https:\/\/www.llibreriasantjordi.cat\/es\/producte\/les-tenebres-del-cor\/\">CONTINUAR >><span> Les tenebres del cor<\/span><\/a><\/p>\n","protected":false},"featured_media":1678,"template":"","meta":{"_joinchat":[]},"product_brand":[],"product_cat":[173,182,188],"product_tag":[255],"class_list":{"0":"post-2070","1":"product","2":"type-product","3":"status-publish","4":"has-post-thumbnail","6":"product_cat-catalan","7":"product_cat-ficcion","8":"product_cat-novedades","9":"product_tag-albert-sanchez-pinol-es","11":"first","12":"instock","13":"taxable","14":"shipping-taxable","15":"purchasable","16":"product-type-simple"},"_links":{"self":[{"href":"https:\/\/www.llibreriasantjordi.cat\/es\/wp-json\/wp\/v2\/product\/2070","targetHints":{"allow":["GET"]}}],"collection":[{"href":"https:\/\/www.llibreriasantjordi.cat\/es\/wp-json\/wp\/v2\/product"}],"about":[{"href":"https:\/\/www.llibreriasantjordi.cat\/es\/wp-json\/wp\/v2\/types\/product"}],"wp:featuredmedia":[{"embeddable":true,"href":"https:\/\/www.llibreriasantjordi.cat\/es\/wp-json\/wp\/v2\/media\/1678"}],"wp:attachment":[{"href":"https:\/\/www.llibreriasantjordi.cat\/es\/wp-json\/wp\/v2\/media?parent=2070"}],"wp:term":[{"taxonomy":"product_brand","embeddable":true,"href":"https:\/\/www.llibreriasantjordi.cat\/es\/wp-json\/wp\/v2\/product_brand?post=2070"},{"taxonomy":"product_cat","embeddable":true,"href":"https:\/\/www.llibreriasantjordi.cat\/es\/wp-json\/wp\/v2\/product_cat?post=2070"},{"taxonomy":"product_tag","embeddable":true,"href":"https:\/\/www.llibreriasantjordi.cat\/es\/wp-json\/wp\/v2\/product_tag?post=2070"}],"curies":[{"name":"wp","href":"https:\/\/api.w.org\/{rel}","templated":true}]}}