{"id":2069,"date":"2025-03-19T19:35:49","date_gmt":"2025-03-19T17:35:49","guid":{"rendered":"https:\/\/www.llibreriasantjordi.cat\/?post_type=product&#038;p=2069"},"modified":"2025-05-14T16:06:52","modified_gmt":"2025-05-14T14:06:52","slug":"lhome-de-casa","status":"publish","type":"product","link":"https:\/\/www.llibreriasantjordi.cat\/es\/producte\/lhome-de-casa\/","title":{"rendered":"L&#8217;home de casa"},"content":{"rendered":"<div class=\"wpb-content-wrapper\"><p>[vc_row css_animation=\u00bb\u00bb row_type=\u00bbrow\u00bb use_row_as_full_screen_section=\u00bbno\u00bb type=\u00bbfull_width\u00bb angled_section=\u00bbno\u00bb text_align=\u00bbleft\u00bb background_image_as_pattern=\u00bbwithout_pattern\u00bb][vc_column][vc_column_text css=\u00bb\u00bb]<strong>Editorial:<\/strong> La Granada<br \/>\n<strong>ISBN:<\/strong> 9788419334695<br \/>\n<strong>Idioma:<\/strong> Catal\u00e1n<br \/>\n<strong>N\u00famero de p\u00e1ginas:<\/strong> 272<br \/>\n<strong>Encuadernaci\u00f3n:<\/strong> Tapa blanda<br \/>\n<strong>Fecha de publicaci\u00f3n:<\/strong> 06\/03\/2025[\/vc_column_text][\/vc_column][\/vc_row]<\/p>\n<\/div>","protected":false},"excerpt":{"rendered":"<p>\u00abEsta es mi casa. Mi casa es tan helada en invierno que debemos encender la calefacci\u00f3n, y tan calurosa en verano que debemos abrir todas las ventanas para que corra el aire. Hay vueltas que hace tanto calor que debemos ir a casa Iaia a ponernos bajo la manga de agua, o ir al Club de Campo a meternos en la piscina a remojo. En mi casa viv\u00edamos mi padre, mi madre y mi hermana Mar\u00eda, pero ya no\u00bb.<\/p>\n<p>&nbsp;<\/p>\n<p>Los padres de nuestro protagonista han sido los primeros en estrenar la ley del divorcio en el pueblo, y como muchos de los vecinos, el peque\u00f1o Enric tampoco acaba de entenderlo del todo. Este libro es un viaje a trav\u00e9s de la mirada tierna e inocente de un ni\u00f1o en un mundo de adultos que se hunde, y sobre la rabia, la impotencia y la tristeza que esto desencadena.<\/p>\n<p>&nbsp;<\/p>\n<p>La novela reflexiona sobre el lugar que debe ocupar un ni\u00f1o en el mundo. Habla de las madres presentes y de los padres ausentes, de qu\u00e9 es un hombre y de qu\u00e9 se supone que debe hacer un hombre, de qu\u00e9 es una mujer y de qu\u00e9 se supone que debe hacer una mujer. El hombre de la casa es un homenaje literario a su madre, que tuvo que asumir su rol obligada por un contexto limitador. <a class=\"continue\" href=\"https:\/\/www.llibreriasantjordi.cat\/es\/producte\/lhome-de-casa\/\">CONTINUAR >><span> L&#8217;home de casa<\/span><\/a><\/p>\n","protected":false},"featured_media":1677,"template":"","meta":{"_joinchat":[]},"product_brand":[],"product_cat":[173,182],"product_tag":[254],"class_list":{"0":"post-2069","1":"product","2":"type-product","3":"status-publish","4":"has-post-thumbnail","6":"product_cat-catalan","7":"product_cat-ficcion","8":"product_tag-enric-pardo-es","10":"first","11":"instock","12":"taxable","13":"shipping-taxable","14":"purchasable","15":"product-type-simple"},"_links":{"self":[{"href":"https:\/\/www.llibreriasantjordi.cat\/es\/wp-json\/wp\/v2\/product\/2069","targetHints":{"allow":["GET"]}}],"collection":[{"href":"https:\/\/www.llibreriasantjordi.cat\/es\/wp-json\/wp\/v2\/product"}],"about":[{"href":"https:\/\/www.llibreriasantjordi.cat\/es\/wp-json\/wp\/v2\/types\/product"}],"wp:featuredmedia":[{"embeddable":true,"href":"https:\/\/www.llibreriasantjordi.cat\/es\/wp-json\/wp\/v2\/media\/1677"}],"wp:attachment":[{"href":"https:\/\/www.llibreriasantjordi.cat\/es\/wp-json\/wp\/v2\/media?parent=2069"}],"wp:term":[{"taxonomy":"product_brand","embeddable":true,"href":"https:\/\/www.llibreriasantjordi.cat\/es\/wp-json\/wp\/v2\/product_brand?post=2069"},{"taxonomy":"product_cat","embeddable":true,"href":"https:\/\/www.llibreriasantjordi.cat\/es\/wp-json\/wp\/v2\/product_cat?post=2069"},{"taxonomy":"product_tag","embeddable":true,"href":"https:\/\/www.llibreriasantjordi.cat\/es\/wp-json\/wp\/v2\/product_tag?post=2069"}],"curies":[{"name":"wp","href":"https:\/\/api.w.org\/{rel}","templated":true}]}}