{"id":2067,"date":"2025-03-19T19:41:34","date_gmt":"2025-03-19T17:41:34","guid":{"rendered":"https:\/\/www.llibreriasantjordi.cat\/?post_type=product&#038;p=2067"},"modified":"2025-05-14T16:06:45","modified_gmt":"2025-05-14T14:06:45","slug":"despres-del-mar","status":"publish","type":"product","link":"https:\/\/www.llibreriasantjordi.cat\/es\/producte\/despres-del-mar\/","title":{"rendered":"Despr\u00e9s del mar"},"content":{"rendered":"<div class=\"wpb-content-wrapper\"><p>[vc_row css_animation=\u00bb\u00bb row_type=\u00bbrow\u00bb use_row_as_full_screen_section=\u00bbno\u00bb type=\u00bbfull_width\u00bb angled_section=\u00bbno\u00bb text_align=\u00bbleft\u00bb background_image_as_pattern=\u00bbwithout_pattern\u00bb][vc_column][vc_column_text css=\u00bb\u00bb]<strong>Editorial:<\/strong> La Granada<br \/>\n<strong>ISBN:<\/strong> 9788410009448<br \/>\n<strong>Idioma:<\/strong> Catal\u00e1n<br \/>\n<strong>N\u00famero de p\u00e1ginas:<\/strong> 304<br \/>\n<strong>Encuadernaci\u00f3n:<\/strong> Tapa blanda<br \/>\n<strong>Fecha de publicaci\u00f3n:<\/strong> 27\/02\/2025[\/vc_column_text][\/vc_column][\/vc_row]<\/p>\n<\/div>","protected":false},"excerpt":{"rendered":"<p>Habr\u00e1 que destruirlo todo para poder volver a empezar.<\/p>\n<p>&nbsp;<\/p>\n<p>\u00abA pesar de que nadie encuentras explicaci\u00f3n ni quisiera buscarla, hab\u00eda perdido el mar a\u00f1os atr\u00e1s. De un d\u00eda para otro se hab\u00eda retirado kil\u00f3metros y se hab\u00eda llevado la playa, los peces y el \u00e1nimo de sus habitantes. Aun as\u00ed, el pueblo segu\u00eda impregnado de un aroma de salitre que inundaba las pescas como inundaba las calles. ocupaba el espacio vetado de las palabras\u00bb.<\/p>\n<p>&nbsp;<\/p>\n<p>Antes de que Cati naciera, durante una noche de tormenta el mar se alej\u00f3 para siempre de Montanau, el pueblo de sus abuelos, y, por sorprendente que sea, es un tema del que no se habla.<\/p>\n<p>&nbsp;<\/p>\n<p>Montanau era un pueblo de costa tranquilo. Sus vecinos viv\u00edan de la pesca, pero todo aquello qued\u00f3 sepultado en la arena de las dunas, que sustituyeron al espacio antes ocupado por el mar y las olas. A partir de ese momento, la localidad y sus habitantes sufrieron una gran transformaci\u00f3n.<\/p>\n<p>&nbsp;<\/p>\n<p>Cati sabe poco de todo, porque nadie dice nada, ni siquiera su familia. Pero ella est\u00e1 decidida a averiguar que se esconde en realidad bajo las dunas aparte de mitos, reproches, dolor y silencio, a la vez que tambi\u00e9n busca cu\u00e1l es su sitio en la vida. <a class=\"continue\" href=\"https:\/\/www.llibreriasantjordi.cat\/es\/producte\/despres-del-mar\/\">CONTINUAR >><span> Despr\u00e9s del mar<\/span><\/a><\/p>\n","protected":false},"featured_media":1730,"template":"","meta":{"_joinchat":[]},"product_brand":[],"product_cat":[173,182,188],"product_tag":[253],"class_list":{"0":"post-2067","1":"product","2":"type-product","3":"status-publish","4":"has-post-thumbnail","6":"product_cat-catalan","7":"product_cat-ficcion","8":"product_cat-novedades","9":"product_tag-merce-mascaro-es","11":"first","12":"instock","13":"taxable","14":"shipping-taxable","15":"purchasable","16":"product-type-simple"},"_links":{"self":[{"href":"https:\/\/www.llibreriasantjordi.cat\/es\/wp-json\/wp\/v2\/product\/2067","targetHints":{"allow":["GET"]}}],"collection":[{"href":"https:\/\/www.llibreriasantjordi.cat\/es\/wp-json\/wp\/v2\/product"}],"about":[{"href":"https:\/\/www.llibreriasantjordi.cat\/es\/wp-json\/wp\/v2\/types\/product"}],"wp:featuredmedia":[{"embeddable":true,"href":"https:\/\/www.llibreriasantjordi.cat\/es\/wp-json\/wp\/v2\/media\/1730"}],"wp:attachment":[{"href":"https:\/\/www.llibreriasantjordi.cat\/es\/wp-json\/wp\/v2\/media?parent=2067"}],"wp:term":[{"taxonomy":"product_brand","embeddable":true,"href":"https:\/\/www.llibreriasantjordi.cat\/es\/wp-json\/wp\/v2\/product_brand?post=2067"},{"taxonomy":"product_cat","embeddable":true,"href":"https:\/\/www.llibreriasantjordi.cat\/es\/wp-json\/wp\/v2\/product_cat?post=2067"},{"taxonomy":"product_tag","embeddable":true,"href":"https:\/\/www.llibreriasantjordi.cat\/es\/wp-json\/wp\/v2\/product_tag?post=2067"}],"curies":[{"name":"wp","href":"https:\/\/api.w.org\/{rel}","templated":true}]}}