{"id":2065,"date":"2025-03-19T19:44:45","date_gmt":"2025-03-19T17:44:45","guid":{"rendered":"https:\/\/www.llibreriasantjordi.cat\/?post_type=product&#038;p=2065"},"modified":"2025-05-13T19:40:25","modified_gmt":"2025-05-13T17:40:25","slug":"les-cancons-tristes-ja-no-parlen-de-mi","status":"publish","type":"product","link":"https:\/\/www.llibreriasantjordi.cat\/es\/producte\/les-cancons-tristes-ja-no-parlen-de-mi\/","title":{"rendered":"Les can\u00e7ons tristes ja no parlen de mi"},"content":{"rendered":"<div class=\"wpb-content-wrapper\"><p>[vc_row css_animation=\u00bb\u00bb row_type=\u00bbrow\u00bb use_row_as_full_screen_section=\u00bbno\u00bb type=\u00bbfull_width\u00bb angled_section=\u00bbno\u00bb text_align=\u00bbleft\u00bb background_image_as_pattern=\u00bbwithout_pattern\u00bb][vc_column][vc_column_text css=\u00bb\u00bb]<strong>Editorial:<\/strong> La Campana<br \/>\n<strong>ISBN:<\/strong> 9788419836472<br \/>\n<strong>Idioma:<\/strong> Catal\u00e1n<br \/>\n<strong>N\u00famero de p\u00e1ginas:<\/strong> 224<br \/>\n<strong>Encuadernaci\u00f3n:<\/strong> Tapa blanda<br \/>\n<strong>Fecha de publicaci\u00f3n:<\/strong> 06\/03\/2025[\/vc_column_text][\/vc_column][\/vc_row]<\/p>\n<\/div>","protected":false},"excerpt":{"rendered":"<p>\u00abY as\u00ed es como una sale de su casa hacia el Camino. Estrenando zapatos y con el antidepresivo en la mochila del instituto\u00bb.<\/p>\n<p>&nbsp;<\/p>\n<p>Joana ha tocado fondo. No s\u00f3lo porque se ha quedado sin piso, sin trabajo y sin pareja en plena treintena, sino porque ha entrado en esa oscuridad donde nada parece tener sentido. As\u00ed pues, antes de hacer alguna estupidez, sin saber casi ad\u00f3nde va ni qu\u00e9 espera, coge una vieja mochila y decide marcharse a hacer el Camino de Santiago, aunque nunca ha caminado por gusto. S\u00f3lo necesita sentir que avanza, y ah\u00ed las flechas amarillas marcan claramente la direcci\u00f3n. Michael, Kalet, Emily y Nick le ayudar\u00e1n a volver a re\u00edr, a sentirse libre ya seguir caminando. <a class=\"continue\" href=\"https:\/\/www.llibreriasantjordi.cat\/es\/producte\/les-cancons-tristes-ja-no-parlen-de-mi\/\">CONTINUAR >><span> Les can\u00e7ons tristes ja no parlen de mi<\/span><\/a><\/p>\n","protected":false},"featured_media":1681,"template":"","meta":{"_joinchat":[]},"product_brand":[],"product_cat":[173,182,188],"product_tag":[252],"class_list":{"0":"post-2065","1":"product","2":"type-product","3":"status-publish","4":"has-post-thumbnail","6":"product_cat-catalan","7":"product_cat-ficcion","8":"product_cat-novedades","9":"product_tag-claudia-costas-guell-es","11":"first","12":"instock","13":"taxable","14":"shipping-taxable","15":"purchasable","16":"product-type-simple"},"_links":{"self":[{"href":"https:\/\/www.llibreriasantjordi.cat\/es\/wp-json\/wp\/v2\/product\/2065","targetHints":{"allow":["GET"]}}],"collection":[{"href":"https:\/\/www.llibreriasantjordi.cat\/es\/wp-json\/wp\/v2\/product"}],"about":[{"href":"https:\/\/www.llibreriasantjordi.cat\/es\/wp-json\/wp\/v2\/types\/product"}],"wp:featuredmedia":[{"embeddable":true,"href":"https:\/\/www.llibreriasantjordi.cat\/es\/wp-json\/wp\/v2\/media\/1681"}],"wp:attachment":[{"href":"https:\/\/www.llibreriasantjordi.cat\/es\/wp-json\/wp\/v2\/media?parent=2065"}],"wp:term":[{"taxonomy":"product_brand","embeddable":true,"href":"https:\/\/www.llibreriasantjordi.cat\/es\/wp-json\/wp\/v2\/product_brand?post=2065"},{"taxonomy":"product_cat","embeddable":true,"href":"https:\/\/www.llibreriasantjordi.cat\/es\/wp-json\/wp\/v2\/product_cat?post=2065"},{"taxonomy":"product_tag","embeddable":true,"href":"https:\/\/www.llibreriasantjordi.cat\/es\/wp-json\/wp\/v2\/product_tag?post=2065"}],"curies":[{"name":"wp","href":"https:\/\/api.w.org\/{rel}","templated":true}]}}