{"id":2063,"date":"2025-03-19T19:49:10","date_gmt":"2025-03-19T17:49:10","guid":{"rendered":"https:\/\/www.llibreriasantjordi.cat\/?post_type=product&#038;p=2063"},"modified":"2025-05-14T16:06:33","modified_gmt":"2025-05-14T14:06:33","slug":"aprendre-a-esquivar-les-bales","status":"publish","type":"product","link":"https:\/\/www.llibreriasantjordi.cat\/es\/producte\/aprendre-a-esquivar-les-bales\/","title":{"rendered":"Aprendre a esquivar les bales"},"content":{"rendered":"<div class=\"wpb-content-wrapper\"><p>[vc_row css_animation=\u00bb\u00bb row_type=\u00bbrow\u00bb use_row_as_full_screen_section=\u00bbno\u00bb type=\u00bbfull_width\u00bb angled_section=\u00bbno\u00bb text_align=\u00bbleft\u00bb background_image_as_pattern=\u00bbwithout_pattern\u00bb][vc_column][vc_column_text css=\u00bb\u00bb]<strong>Editorial:<\/strong> La Campana<br \/>\n<strong>ISBN:<\/strong> 9788419245434<br \/>\n<strong>Idioma:<\/strong> Catal\u00e1n<br \/>\n<strong>N\u00famero de p\u00e1ginas:<\/strong> 256<br \/>\n<strong>Encuadernaci\u00f3n:<\/strong> Tapa dura<br \/>\n<strong>Fecha de publicaci\u00f3n:<\/strong> 04\/04\/2024[\/vc_column_text][\/vc_column][\/vc_row]<\/p>\n<\/div>","protected":false},"excerpt":{"rendered":"<p>\u00abMi abuelo representa a tantos otros soldados que no pudieron volver de la guerra y contar su historia\u00bb.<\/p>\n<p>&nbsp;<\/p>\n<p>Con el inicio de la Guerra Civil, Josep Trull\u00e0s decide alistarse voluntario a defender la Rep\u00fablica, dejando en Terrassa a la familia y un futuro prometedor. La suya es la historia de la derrota del ej\u00e9rcito republicano, que vivir\u00e1 en primera persona en cada batalla, en cada frente. Desde Arag\u00f3n, pasando por la batalla del Ebro, hasta las playas de Sant Cebri\u00e0, y una dura y larga posguerra que se convertir\u00e1 en un infierno a\u00fan m\u00e1s cruel que la propia guerra.<\/p>\n<p>&nbsp;<\/p>\n<p>Este relato es tambi\u00e9n el compromiso con el amor que s\u00f3lo llega por carta, la fuerza de la amistad forjada en el campo de batalla y el desaf\u00edo a la muerte que asedia a cada paso. Sentimientos que se viven con la intensidad de un tiempo a\u00f1adido que termina, donde s\u00f3lo sobrevivir\u00e1 quien aprenda a esquivar las balas. La guerra la hacen personas an\u00f3nimas, con vidas normales que se ven abocadas a metas extraordinarias.<\/p>\n<p>&nbsp;<\/p>\n<p>Una novela escrita a cuatro manos: Josep Trull\u00e0s escribi\u00f3 desde el frente, todos los d\u00edas, intentando atrapar todas las vivencias y el horror que ve\u00eda con sus propios ojos. Ochenta a\u00f1os despu\u00e9s, su nieto, el periodista Xavi Coral, relata la vida de su abuelo en ese debut literario que pretende hacer justicia con todos aquellos que no tuvieron la oportunidad de volver y hacer o\u00edr su testimonio. <a class=\"continue\" href=\"https:\/\/www.llibreriasantjordi.cat\/es\/producte\/aprendre-a-esquivar-les-bales\/\">CONTINUAR >><span> Aprendre a esquivar les bales<\/span><\/a><\/p>\n","protected":false},"featured_media":1738,"template":"","meta":{"_joinchat":[]},"product_brand":[],"product_cat":[173,182],"product_tag":[251],"class_list":{"0":"post-2063","1":"product","2":"type-product","3":"status-publish","4":"has-post-thumbnail","6":"product_cat-catalan","7":"product_cat-ficcion","8":"product_tag-xavi-coral-trullas-es","10":"first","11":"instock","12":"taxable","13":"shipping-taxable","14":"purchasable","15":"product-type-simple"},"_links":{"self":[{"href":"https:\/\/www.llibreriasantjordi.cat\/es\/wp-json\/wp\/v2\/product\/2063","targetHints":{"allow":["GET"]}}],"collection":[{"href":"https:\/\/www.llibreriasantjordi.cat\/es\/wp-json\/wp\/v2\/product"}],"about":[{"href":"https:\/\/www.llibreriasantjordi.cat\/es\/wp-json\/wp\/v2\/types\/product"}],"wp:featuredmedia":[{"embeddable":true,"href":"https:\/\/www.llibreriasantjordi.cat\/es\/wp-json\/wp\/v2\/media\/1738"}],"wp:attachment":[{"href":"https:\/\/www.llibreriasantjordi.cat\/es\/wp-json\/wp\/v2\/media?parent=2063"}],"wp:term":[{"taxonomy":"product_brand","embeddable":true,"href":"https:\/\/www.llibreriasantjordi.cat\/es\/wp-json\/wp\/v2\/product_brand?post=2063"},{"taxonomy":"product_cat","embeddable":true,"href":"https:\/\/www.llibreriasantjordi.cat\/es\/wp-json\/wp\/v2\/product_cat?post=2063"},{"taxonomy":"product_tag","embeddable":true,"href":"https:\/\/www.llibreriasantjordi.cat\/es\/wp-json\/wp\/v2\/product_tag?post=2063"}],"curies":[{"name":"wp","href":"https:\/\/api.w.org\/{rel}","templated":true}]}}