{"id":2061,"date":"2025-03-19T20:03:00","date_gmt":"2025-03-19T18:03:00","guid":{"rendered":"https:\/\/www.llibreriasantjordi.cat\/?post_type=product&#038;p=2061"},"modified":"2025-05-13T19:38:38","modified_gmt":"2025-05-13T17:38:38","slug":"tim","status":"publish","type":"product","link":"https:\/\/www.llibreriasantjordi.cat\/es\/producte\/tim\/","title":{"rendered":"Tim"},"content":{"rendered":"<div class=\"wpb-content-wrapper\"><p>[vc_row css_animation=\u00bb\u00bb row_type=\u00bbrow\u00bb use_row_as_full_screen_section=\u00bbno\u00bb type=\u00bbfull_width\u00bb angled_section=\u00bbno\u00bb text_align=\u00bbleft\u00bb background_image_as_pattern=\u00bbwithout_pattern\u00bb][vc_column][vc_column_text css=\u00bb\u00bb]<strong>Editorial:<\/strong> Alfaguara<br \/>\n<strong>ISBN:<\/strong> 9788410299474<br \/>\n<strong>Idioma:<\/strong> Castellano<br \/>\n<strong>N\u00famero de p\u00e1ginas:<\/strong> 136<br \/>\n<strong>Encuadernaci\u00f3n:<\/strong> Tapa blanda<br \/>\n<strong>Fecha de publicaci\u00f3n:<\/strong> 06\/03\/2025[\/vc_column_text][\/vc_column][\/vc_row]<\/p>\n<\/div>","protected":false},"excerpt":{"rendered":"<p>Vuelve Ray Loriga, Premio Alfaguara de Novela, con una historia al borde del abismo sobre los l\u00edmites de lo humano.<\/p>\n<p>&nbsp;<\/p>\n<p>\u00abLa distancia que toma Loriga respecto a lo narrado, su sentido de humor y la ligereza para hablar de lo poco importante que es creerse importante son esenciales para recomendar su lectura\u00bb. Carlos Zan\u00f3n, La Vanguardia<\/p>\n<p>&nbsp;<\/p>\n<p>\u00abEl mundo, es bien sabido, no es m\u00e1s que una emboscada\u00bb.<\/p>\n<p>&nbsp;<\/p>\n<p>El narrador de esta historia se despierta en una cama que no reconoce a una habitaci\u00f3n que no siente propia. Est\u00e1 amaneciendo y no sabe d\u00f3nde est\u00e1, aunque le impide levantarse, le cuesta abrir los ojos e identificar los ruidos y las voces que llegan desde el exterior. En su \u00abduermevela\u00bb, intenta subir un recuerdo con otro hasta componer un mosaico en el que s\u00f3lo una constante parece anclarlo a la realidad: la relaci\u00f3n que le une a Elisa y Tim.<\/p>\n<p>&nbsp;<\/p>\n<p>Con una acertada y afilada prosa, TIM narra la vulnerabilidad de un ser al l\u00edmite de su conciencia en combate consigo mismo y el mundo que le rodea. Como si se tratara de una met\u00e1fora de nuestro presente, el relato se construye y deconstruye una y otra vez hasta colocar al lector ante el abismo de lo verdadero y del concepto \u00faltimo de identidad. <a class=\"continue\" href=\"https:\/\/www.llibreriasantjordi.cat\/es\/producte\/tim\/\">CONTINUAR >><span> Tim<\/span><\/a><\/p>\n","protected":false},"featured_media":1663,"template":"","meta":{"_joinchat":[]},"product_brand":[],"product_cat":[172,182,188],"product_tag":[250],"class_list":{"0":"post-2061","1":"product","2":"type-product","3":"status-publish","4":"has-post-thumbnail","6":"product_cat-castellano","7":"product_cat-ficcion","8":"product_cat-novedades","9":"product_tag-ray-loriga-es","11":"first","12":"instock","13":"taxable","14":"shipping-taxable","15":"purchasable","16":"product-type-simple"},"_links":{"self":[{"href":"https:\/\/www.llibreriasantjordi.cat\/es\/wp-json\/wp\/v2\/product\/2061","targetHints":{"allow":["GET"]}}],"collection":[{"href":"https:\/\/www.llibreriasantjordi.cat\/es\/wp-json\/wp\/v2\/product"}],"about":[{"href":"https:\/\/www.llibreriasantjordi.cat\/es\/wp-json\/wp\/v2\/types\/product"}],"wp:featuredmedia":[{"embeddable":true,"href":"https:\/\/www.llibreriasantjordi.cat\/es\/wp-json\/wp\/v2\/media\/1663"}],"wp:attachment":[{"href":"https:\/\/www.llibreriasantjordi.cat\/es\/wp-json\/wp\/v2\/media?parent=2061"}],"wp:term":[{"taxonomy":"product_brand","embeddable":true,"href":"https:\/\/www.llibreriasantjordi.cat\/es\/wp-json\/wp\/v2\/product_brand?post=2061"},{"taxonomy":"product_cat","embeddable":true,"href":"https:\/\/www.llibreriasantjordi.cat\/es\/wp-json\/wp\/v2\/product_cat?post=2061"},{"taxonomy":"product_tag","embeddable":true,"href":"https:\/\/www.llibreriasantjordi.cat\/es\/wp-json\/wp\/v2\/product_tag?post=2061"}],"curies":[{"name":"wp","href":"https:\/\/api.w.org\/{rel}","templated":true}]}}