{"id":2058,"date":"2025-03-19T20:05:36","date_gmt":"2025-03-19T18:05:36","guid":{"rendered":"https:\/\/www.llibreriasantjordi.cat\/?post_type=product&#038;p=2058"},"modified":"2025-05-13T19:37:42","modified_gmt":"2025-05-13T17:37:42","slug":"te-siguen","status":"publish","type":"product","link":"https:\/\/www.llibreriasantjordi.cat\/es\/producte\/te-siguen\/","title":{"rendered":"Te siguen"},"content":{"rendered":"<div class=\"wpb-content-wrapper\"><p>[vc_row css_animation=\u00bb\u00bb row_type=\u00bbrow\u00bb use_row_as_full_screen_section=\u00bbno\u00bb type=\u00bbfull_width\u00bb angled_section=\u00bbno\u00bb text_align=\u00bbleft\u00bb background_image_as_pattern=\u00bbwithout_pattern\u00bb][vc_column][vc_column_text css=\u00bb\u00bb]<strong>Editorial:<\/strong> Random House<br \/>\n<strong>ISBN:<\/strong> 9788439744719<br \/>\n<strong>Idioma:<\/strong> Castellano<br \/>\n<strong>N\u00famero de p\u00e1ginas:<\/strong> 304<br \/>\n<strong>Encuadernaci\u00f3n:<\/strong> Tapa blanda<br \/>\n<strong>Fecha de publicaci\u00f3n:<\/strong> 06\/03\/2025[\/vc_column_text][\/vc_column][\/vc_row]<\/p>\n<\/div>","protected":false},"excerpt":{"rendered":"<p>En el centro de la cultura del control y la vigilancia, cuatro personajes interpretan un baile singular.<\/p>\n<p>&nbsp;<\/p>\n<p>Saben lo que quieres, lo que buscas. Conocen tu cuenta bancaria, lo que pagas, lo que debes, las conversaciones. Te siguen, te examinan. Pero \u00bfquiz\u00e1s conocen el significado, lo que representa para ti este \u00e1lamo, una tarea en com\u00fan, la persona que no te llama?<\/p>\n<p>&nbsp;<\/p>\n<p>Le\u00f3n trabaja para una peque\u00f1a empresa interesada en acceder a los rincones de la vida \u00edntima y social que todav\u00eda escapan a la cultura de la vigilancia. En lugar de limitarse a procesar cantidades ingentes de datos, decide fijar la mirada en dos \u00fanicos sujetos, Casilda y Jon\u00e1s, ambos en la treintena.<\/p>\n<p>&nbsp;<\/p>\n<p>Mientras, la competencia le observa. Minerva, directiva de una empresa mayor que la de Le\u00f3n, ha recibido el encargo de espiarle.<\/p>\n<p>&nbsp;<\/p>\n<p>Cuatro personajes interpretan un baile singular entre el tes\u00f3n y el desencanto, entre la libertad y el enga\u00f1o, entre bajar la cabeza y la insumisi\u00f3n. Esta novela construye una distancia para esclarecer el presente, porque chocan el pasado con el futuro, y de este choque nace el destello de estar aqu\u00ed. <a class=\"continue\" href=\"https:\/\/www.llibreriasantjordi.cat\/es\/producte\/te-siguen\/\">CONTINUAR >><span> Te siguen<\/span><\/a><\/p>\n","protected":false},"featured_media":1652,"template":"","meta":{"_joinchat":[]},"product_brand":[],"product_cat":[172,182,188],"product_tag":[249],"class_list":{"0":"post-2058","1":"product","2":"type-product","3":"status-publish","4":"has-post-thumbnail","6":"product_cat-castellano","7":"product_cat-ficcion","8":"product_cat-novedades","9":"product_tag-belen-gopegui-duran-es","11":"first","12":"instock","13":"taxable","14":"shipping-taxable","15":"purchasable","16":"product-type-simple"},"_links":{"self":[{"href":"https:\/\/www.llibreriasantjordi.cat\/es\/wp-json\/wp\/v2\/product\/2058","targetHints":{"allow":["GET"]}}],"collection":[{"href":"https:\/\/www.llibreriasantjordi.cat\/es\/wp-json\/wp\/v2\/product"}],"about":[{"href":"https:\/\/www.llibreriasantjordi.cat\/es\/wp-json\/wp\/v2\/types\/product"}],"wp:featuredmedia":[{"embeddable":true,"href":"https:\/\/www.llibreriasantjordi.cat\/es\/wp-json\/wp\/v2\/media\/1652"}],"wp:attachment":[{"href":"https:\/\/www.llibreriasantjordi.cat\/es\/wp-json\/wp\/v2\/media?parent=2058"}],"wp:term":[{"taxonomy":"product_brand","embeddable":true,"href":"https:\/\/www.llibreriasantjordi.cat\/es\/wp-json\/wp\/v2\/product_brand?post=2058"},{"taxonomy":"product_cat","embeddable":true,"href":"https:\/\/www.llibreriasantjordi.cat\/es\/wp-json\/wp\/v2\/product_cat?post=2058"},{"taxonomy":"product_tag","embeddable":true,"href":"https:\/\/www.llibreriasantjordi.cat\/es\/wp-json\/wp\/v2\/product_tag?post=2058"}],"curies":[{"name":"wp","href":"https:\/\/api.w.org\/{rel}","templated":true}]}}