{"id":2057,"date":"2025-03-19T20:12:47","date_gmt":"2025-03-19T18:12:47","guid":{"rendered":"https:\/\/www.llibreriasantjordi.cat\/?post_type=product&#038;p=2057"},"modified":"2025-05-13T19:36:36","modified_gmt":"2025-05-13T17:36:36","slug":"la-vegetariana-2","status":"publish","type":"product","link":"https:\/\/www.llibreriasantjordi.cat\/es\/producte\/la-vegetariana-2\/","title":{"rendered":"La vegetariana"},"content":{"rendered":"<div class=\"wpb-content-wrapper\"><p>[vc_row css_animation=\u00bb\u00bb row_type=\u00bbrow\u00bb use_row_as_full_screen_section=\u00bbno\u00bb type=\u00bbfull_width\u00bb angled_section=\u00bbno\u00bb text_align=\u00bbleft\u00bb background_image_as_pattern=\u00bbwithout_pattern\u00bb][vc_column][vc_column_text css=\u00bb\u00bb]<strong>Editorial:<\/strong> Random House<br \/>\n<strong>ISBN:<\/strong> 9788439743897<br \/>\n<strong>Idioma:<\/strong> Castellano<br \/>\n<strong>N\u00famero de p\u00e1ginas:<\/strong> 168<br \/>\n<strong>Encuadernaci\u00f3n:<\/strong> Tapa blanda<br \/>\n<strong>Fecha de publicaci\u00f3n:<\/strong> 13\/06\/2024[\/vc_column_text][\/vc_column][\/vc_row]<\/p>\n<\/div>","protected":false},"excerpt":{"rendered":"<p>PREMIO BOOKER INTERNACIONAL 2016<\/p>\n<p>&nbsp;<\/p>\n<p>La novela que consagr\u00f3 a Han Kang como una de las grandes autoras del siglo: una lectura perturbadora y transformadora.<\/p>\n<p>&nbsp;<\/p>\n<p><i>La vegetariana\u00a0<\/i>narra la historia de una mujer, Yeonghye, que por la simple decisi\u00f3n de volver a comer carne convierte una vida normal en una pesadilla perturbadora. Narrada a tres voces, explica el progresivo desprendimiento de la condici\u00f3n humana de una mujer que ha decidido dejar de ser lo que le obligan a ser. El lector, como un pariente m\u00e1s, asiste at\u00f3nito a ese acto subversivo que fracturar\u00e1 la vida familiar de la protagonista y transformar\u00e1 todas sus relaciones en un v\u00f3rtice de violencia, verg\u00fcenza y deseo.<\/p>\n<p>&nbsp;<\/p>\n<p>HAN KANG (Kwangju, 1970) es una novelista y poeta surcoreana. Con la novela <i>La vegetariana<\/i> (2017), galardonada con el International Booker Prize y traducida a m\u00e1s de treinta lenguas, se consagr\u00f3 como una de las autoras m\u00e1s importantes del panorama literario internacional. <i>Blanco (2020<\/i>) fue finalista del mismo premio. En catal\u00e1n tambi\u00e9n se han traducido sus novelas <i>Actos humanos<\/i>\u00a0(2018) y\u00a0<i>La clase de griego<\/i>\u00a0(2023). Antes de dedicarse plenamente a escribir, Han Kang ejerci\u00f3 de profesora en el Instituto de Artes de Se\u00fal. <a class=\"continue\" href=\"https:\/\/www.llibreriasantjordi.cat\/es\/producte\/la-vegetariana-2\/\">CONTINUAR >><span> La vegetariana<\/span><\/a><\/p>\n","protected":false},"featured_media":1685,"template":"","meta":{"_joinchat":[]},"product_brand":[],"product_cat":[172,182,185],"product_tag":[248],"class_list":{"0":"post-2057","1":"product","2":"type-product","3":"status-publish","4":"has-post-thumbnail","6":"product_cat-castellano","7":"product_cat-ficcion","8":"product_cat-libros-premiados","9":"product_tag-han-kang-es","11":"first","12":"instock","13":"taxable","14":"shipping-taxable","15":"purchasable","16":"product-type-simple"},"_links":{"self":[{"href":"https:\/\/www.llibreriasantjordi.cat\/es\/wp-json\/wp\/v2\/product\/2057","targetHints":{"allow":["GET"]}}],"collection":[{"href":"https:\/\/www.llibreriasantjordi.cat\/es\/wp-json\/wp\/v2\/product"}],"about":[{"href":"https:\/\/www.llibreriasantjordi.cat\/es\/wp-json\/wp\/v2\/types\/product"}],"wp:featuredmedia":[{"embeddable":true,"href":"https:\/\/www.llibreriasantjordi.cat\/es\/wp-json\/wp\/v2\/media\/1685"}],"wp:attachment":[{"href":"https:\/\/www.llibreriasantjordi.cat\/es\/wp-json\/wp\/v2\/media?parent=2057"}],"wp:term":[{"taxonomy":"product_brand","embeddable":true,"href":"https:\/\/www.llibreriasantjordi.cat\/es\/wp-json\/wp\/v2\/product_brand?post=2057"},{"taxonomy":"product_cat","embeddable":true,"href":"https:\/\/www.llibreriasantjordi.cat\/es\/wp-json\/wp\/v2\/product_cat?post=2057"},{"taxonomy":"product_tag","embeddable":true,"href":"https:\/\/www.llibreriasantjordi.cat\/es\/wp-json\/wp\/v2\/product_tag?post=2057"}],"curies":[{"name":"wp","href":"https:\/\/api.w.org\/{rel}","templated":true}]}}