{"id":2054,"date":"2025-03-19T20:20:03","date_gmt":"2025-03-19T18:20:03","guid":{"rendered":"https:\/\/www.llibreriasantjordi.cat\/?post_type=product&#038;p=2054"},"modified":"2025-05-13T19:35:05","modified_gmt":"2025-05-13T17:35:05","slug":"la-clase-de-griego","status":"publish","type":"product","link":"https:\/\/www.llibreriasantjordi.cat\/es\/producte\/la-clase-de-griego\/","title":{"rendered":"La clase de griego"},"content":{"rendered":"<div class=\"wpb-content-wrapper\"><p>[vc_row css_animation=\u00bb\u00bb row_type=\u00bbrow\u00bb use_row_as_full_screen_section=\u00bbno\u00bb type=\u00bbfull_width\u00bb angled_section=\u00bbno\u00bb text_align=\u00bbleft\u00bb background_image_as_pattern=\u00bbwithout_pattern\u00bb][vc_column][vc_column_text css=\u00bb\u00bb]<strong>Editorial:<\/strong> Random House<br \/>\n<strong>ISBN:<\/strong> 9788439741817<br \/>\n<strong>Idioma:<\/strong> Castellano<br \/>\n<strong>N\u00famero de p\u00e1ginas:<\/strong> 176<br \/>\n<strong>Encuadernaci\u00f3n:<\/strong> Tapa blanda<br \/>\n<strong>Fecha de publicaci\u00f3n:<\/strong> 07\/09\/2023[\/vc_column_text][\/vc_column][\/vc_row]<\/p>\n<\/div>","protected":false},"excerpt":{"rendered":"<p>POR LA AUTORA GANADORA DEL PREMIO NOBEL DE LITERATURA 2024 Y EL PREMIO BOOKER INTERNACIONAL POR LA VEGETARIANA.<\/p>\n<p>&nbsp;<\/p>\n<p>Una historia sensible y magn\u00e9tica sobre la capacidad ilimitada del lenguaje y la fuerza de los v\u00ednculos humanos, de la celebrada autora ganadora del Premio Nobel de Literatura 2024 y el Booker Internacional por <i>La vegetariana<\/i>.<\/p>\n<p>&nbsp;<\/p>\n<p>Cuando el profesor le pide que lea en voz alta, ella permanece en silencio. Ten\u00eda la esperanza de recuperar el habla apunt\u00e1ndose a clases de griego antiguo, pero sigue sin poder articular palabra. En cada lecci\u00f3n, el profesor siente una intriga renovada por esta mujer silenciosa. A \u00e9l tambi\u00e9n le sofoca su propia degradaci\u00f3n: pronto se convertir\u00e1 en ciego del todo.<\/p>\n<p>&nbsp;<\/p>\n<p>Lentamente, ambas almas se acercan hasta que sus dolores se tocan. Ella acaba de perder a la madre y la custodia de la hija, mientras que a su alrededor las cosas pierden el nombre y la realidad se vuelve un magma indescifrable. \u00c9l se encuentra dividido entre Alemania y Corea del Sur, un extra\u00f1o entre dos culturas y dos lenguas.<\/p>\n<p>&nbsp;<\/p>\n<p>Con su caracter\u00edstico estilo on\u00edrico y medido, donde la alegor\u00eda marca el ritmo de la narraci\u00f3n, Han Kang nos cuenta una historia sobre la intimidad y los v\u00ednculos humanos. Una novela que nos sacude los sentidos y nos demuestra que el mundo, con sus desastres y sus maravillas, va siempre m\u00e1s all\u00e1 de las palabras. <a class=\"continue\" href=\"https:\/\/www.llibreriasantjordi.cat\/es\/producte\/la-clase-de-griego\/\">CONTINUAR >><span> La clase de griego<\/span><\/a><\/p>\n","protected":false},"featured_media":1699,"template":"","meta":{"_joinchat":[]},"product_brand":[],"product_cat":[172,182,185],"product_tag":[248],"class_list":{"0":"post-2054","1":"product","2":"type-product","3":"status-publish","4":"has-post-thumbnail","6":"product_cat-castellano","7":"product_cat-ficcion","8":"product_cat-libros-premiados","9":"product_tag-han-kang-es","11":"first","12":"instock","13":"taxable","14":"shipping-taxable","15":"purchasable","16":"product-type-simple"},"_links":{"self":[{"href":"https:\/\/www.llibreriasantjordi.cat\/es\/wp-json\/wp\/v2\/product\/2054","targetHints":{"allow":["GET"]}}],"collection":[{"href":"https:\/\/www.llibreriasantjordi.cat\/es\/wp-json\/wp\/v2\/product"}],"about":[{"href":"https:\/\/www.llibreriasantjordi.cat\/es\/wp-json\/wp\/v2\/types\/product"}],"wp:featuredmedia":[{"embeddable":true,"href":"https:\/\/www.llibreriasantjordi.cat\/es\/wp-json\/wp\/v2\/media\/1699"}],"wp:attachment":[{"href":"https:\/\/www.llibreriasantjordi.cat\/es\/wp-json\/wp\/v2\/media?parent=2054"}],"wp:term":[{"taxonomy":"product_brand","embeddable":true,"href":"https:\/\/www.llibreriasantjordi.cat\/es\/wp-json\/wp\/v2\/product_brand?post=2054"},{"taxonomy":"product_cat","embeddable":true,"href":"https:\/\/www.llibreriasantjordi.cat\/es\/wp-json\/wp\/v2\/product_cat?post=2054"},{"taxonomy":"product_tag","embeddable":true,"href":"https:\/\/www.llibreriasantjordi.cat\/es\/wp-json\/wp\/v2\/product_tag?post=2054"}],"curies":[{"name":"wp","href":"https:\/\/api.w.org\/{rel}","templated":true}]}}